{"id":153110,"date":"2025-11-28T11:54:25","date_gmt":"2025-11-28T10:54:25","guid":{"rendered":"https:\/\/www.golfe-sainttropez-tourisme.fr\/de\/?page_id=153110"},"modified":"2025-11-28T12:09:46","modified_gmt":"2025-11-28T11:09:46","slug":"unsere-produzenten","status":"publish","type":"page","link":"https:\/\/www.golfe-sainttropez-tourisme.fr\/de\/sehenswertes\/die-franzosische-lebenskunst\/unsere-produzenten\/","title":{"rendered":"Unsere Produzenten"},"content":{"rendered":"\n<p class=\"has-text-align-center\">Im Herzen des Golfs von Saint-Tropez treffen Leidenschaft und Terroir aufeinander.<br>Von sonnenverw\u00f6hnten Weing\u00fctern \u00fcber familiengef\u00fchrte Ziegenfarmen inmitten der Landschaft bis hin zu \u00d6lm\u00fchlen, in denen Oliven zu gr\u00fcnem Gold werden, erz\u00e4hlt jeder Produzent eine Geschichte, die Geschichte eines fruchtbaren und lebendigen Landes.<\/p>\n\n\n\n<p class=\"has-text-align-center\">Begegnen Sie ihnen, entdecken Sie ihre Berufe, probieren Sie ihre Kreationen und lassen Sie sich vom Reichtum der lokalen Aromen verzaubern. Hier ist jeder Besuch ein Erlebnis, jedes Produkt ein gemeinsames Erlebnis.<\/p>\n\n\n\n<p><\/p>\n","protected":false},"excerpt":{"rendered":"<p>Im Herzen des Golfs von Saint-Tropez treffen Leidenschaft und Terroir aufeinander.Von sonnenverw\u00f6hnten Weing\u00fctern \u00fcber familiengef\u00fchrte Ziegenfarmen inmitten der Landschaft bis hin zu \u00d6lm\u00fchlen, in denen Oliven zu gr\u00fcnem Gold werden, erz\u00e4hlt jeder Produzent eine Geschichte, die Geschichte eines fruchtbaren und lebendigen Landes.    Begegnen Sie ihnen, entdecken Sie ihre Berufe, probieren Sie ihre Kreationen und lassen Sie sich vom Reichtum der lokalen Aromen verzaubern. Hier ist jeder Besuch ein Erlebnis, jedes Produkt ein gemeinsames Erlebnis.<\/p>\n","protected":false},"author":22,"featured_media":153115,"parent":27440,"menu_order":0,"comment_status":"closed","ping_status":"closed","template":"templates\/template-list-apidae-split.php","meta":{"_acf_changed":false,"inline_featured_image":false,"footnotes":""},"class_list":["post-153110","type-page","status-publish","has-post-thumbnail","hentry"],"acf":[],"_links":{"self":[{"href":"https:\/\/www.golfe-sainttropez-tourisme.fr\/de\/wp-json\/wp\/v2\/pages\/153110","targetHints":{"allow":["GET"]}}],"collection":[{"href":"https:\/\/www.golfe-sainttropez-tourisme.fr\/de\/wp-json\/wp\/v2\/pages"}],"about":[{"href":"https:\/\/www.golfe-sainttropez-tourisme.fr\/de\/wp-json\/wp\/v2\/types\/page"}],"author":[{"embeddable":true,"href":"https:\/\/www.golfe-sainttropez-tourisme.fr\/de\/wp-json\/wp\/v2\/users\/22"}],"replies":[{"embeddable":true,"href":"https:\/\/www.golfe-sainttropez-tourisme.fr\/de\/wp-json\/wp\/v2\/comments?post=153110"}],"version-history":[{"count":3,"href":"https:\/\/www.golfe-sainttropez-tourisme.fr\/de\/wp-json\/wp\/v2\/pages\/153110\/revisions"}],"predecessor-version":[{"id":153114,"href":"https:\/\/www.golfe-sainttropez-tourisme.fr\/de\/wp-json\/wp\/v2\/pages\/153110\/revisions\/153114"}],"up":[{"embeddable":true,"href":"https:\/\/www.golfe-sainttropez-tourisme.fr\/de\/wp-json\/wp\/v2\/pages\/27440"}],"wp:featuredmedia":[{"embeddable":true,"href":"https:\/\/www.golfe-sainttropez-tourisme.fr\/de\/wp-json\/wp\/v2\/media\/153115"}],"wp:attachment":[{"href":"https:\/\/www.golfe-sainttropez-tourisme.fr\/de\/wp-json\/wp\/v2\/media?parent=153110"}],"curies":[{"name":"wp","href":"https:\/\/api.w.org\/{rel}","templated":true}]}}