{"id":153405,"date":"2025-12-11T15:05:56","date_gmt":"2025-12-11T14:05:56","guid":{"rendered":"https:\/\/www.golfe-sainttropez-tourisme.fr\/de\/?page_id=153405"},"modified":"2025-12-11T15:58:14","modified_gmt":"2025-12-11T14:58:14","slug":"concierge-service","status":"publish","type":"page","link":"https:\/\/www.golfe-sainttropez-tourisme.fr\/de\/aufenthalt\/ubernachten\/concierge-service\/","title":{"rendered":"Concierge-Service"},"content":{"rendered":"\n<p class=\"has-text-align-center\">Hier finden Sie eine Liste der Concierge-Services, die an unserem Reiseziel t\u00e4tig sind.<br>Diese vertrauensw\u00fcrdigen Fachleute bieten verschiedene Dienstleistungen an, um Ihren Aufenthalt zu erleichtern: Verwaltung von Mietobjekten, Empfang, Unterst\u00fctzung und ma\u00dfgeschneiderte Dienstleistungen ganz nach Ihren Bed\u00fcrfnissen.<\/p>\n","protected":false},"excerpt":{"rendered":"<p>Hier finden Sie eine Liste der Concierge-Services, die an unserem Reiseziel t\u00e4tig sind.Diese vertrauensw\u00fcrdigen Fachleute bieten verschiedene Dienstleistungen an, um Ihren Aufenthalt zu erleichtern: Verwaltung von Mietobjekten, Empfang, Unterst\u00fctzung und ma\u00dfgeschneiderte Dienstleistungen ganz nach Ihren Bed\u00fcrfnissen.<\/p>\n","protected":false},"author":22,"featured_media":153406,"parent":27315,"menu_order":0,"comment_status":"closed","ping_status":"closed","template":"templates\/template-list-apidae-split.php","meta":{"_acf_changed":false,"inline_featured_image":false,"footnotes":""},"class_list":["post-153405","type-page","status-publish","has-post-thumbnail","hentry"],"acf":[],"_links":{"self":[{"href":"https:\/\/www.golfe-sainttropez-tourisme.fr\/de\/wp-json\/wp\/v2\/pages\/153405","targetHints":{"allow":["GET"]}}],"collection":[{"href":"https:\/\/www.golfe-sainttropez-tourisme.fr\/de\/wp-json\/wp\/v2\/pages"}],"about":[{"href":"https:\/\/www.golfe-sainttropez-tourisme.fr\/de\/wp-json\/wp\/v2\/types\/page"}],"author":[{"embeddable":true,"href":"https:\/\/www.golfe-sainttropez-tourisme.fr\/de\/wp-json\/wp\/v2\/users\/22"}],"replies":[{"embeddable":true,"href":"https:\/\/www.golfe-sainttropez-tourisme.fr\/de\/wp-json\/wp\/v2\/comments?post=153405"}],"version-history":[{"count":4,"href":"https:\/\/www.golfe-sainttropez-tourisme.fr\/de\/wp-json\/wp\/v2\/pages\/153405\/revisions"}],"predecessor-version":[{"id":153414,"href":"https:\/\/www.golfe-sainttropez-tourisme.fr\/de\/wp-json\/wp\/v2\/pages\/153405\/revisions\/153414"}],"up":[{"embeddable":true,"href":"https:\/\/www.golfe-sainttropez-tourisme.fr\/de\/wp-json\/wp\/v2\/pages\/27315"}],"wp:featuredmedia":[{"embeddable":true,"href":"https:\/\/www.golfe-sainttropez-tourisme.fr\/de\/wp-json\/wp\/v2\/media\/153406"}],"wp:attachment":[{"href":"https:\/\/www.golfe-sainttropez-tourisme.fr\/de\/wp-json\/wp\/v2\/media?parent=153405"}],"curies":[{"name":"wp","href":"https:\/\/api.w.org\/{rel}","templated":true}]}}