{"id":153923,"date":"2026-01-20T11:18:59","date_gmt":"2026-01-20T10:18:59","guid":{"rendered":"https:\/\/www.golfe-sainttropez-tourisme.fr\/de\/?page_id=153923"},"modified":"2026-01-20T11:33:56","modified_gmt":"2026-01-20T10:33:56","slug":"der-golf-von-saint-tropez","status":"publish","type":"page","link":"https:\/\/www.golfe-sainttropez-tourisme.fr\/de\/entdecken\/unser-gebiet\/der-golf-von-saint-tropez\/","title":{"rendered":"Der Golf von Saint-Tropez"},"content":{"rendered":"\n<h2 class=\"wp-block-heading has-text-align-center\">Der Golf von Saint-Tropez, die subtile Verbindung zwischen der Provence und der C\u00f4te d&#8217;Azur<\/h2>\n\n\n\n<p class=\"has-text-align-center\">Der Golf von Saint-Tropez ist ein au\u00dfergew\u00f6hnliches Gebiet, in dem die Lebensart der Provence mit der legend\u00e4ren C\u00f4te d&#8217;Azur verschmilzt und ein Juwel von zeitloser Sch\u00f6nheit offenbart, das Traditionen, Prestige und \u00f6kologische Verantwortung vereint.<\/p>\n\n\n\n<div class=\"wp-block-columns is-layout-flex wp-container-core-columns-is-layout-9d6595d7 wp-block-columns-is-layout-flex\">\n<div class=\"wp-block-column is-layout-flow wp-block-column-is-layout-flow\" style=\"flex-basis:100%\">\n<figure class=\"wp-block-gallery has-nested-images columns-2 is-cropped wp-block-gallery-2 is-layout-flex wp-block-gallery-is-layout-flex\">\n<figure class=\"wp-block-image size-large\"><img decoding=\"async\" data-id=\"167387\" src=\"https:\/\/www.golfe-sainttropez-tourisme.fr\/wp-content\/uploads\/2026\/01\/cavalaire-maison-foncin-01\u00a9soliver-2023-1024x768.jpg\" alt=\"Cavalaire, maison foncin dans le golfe de Saint-Tropez\" class=\"wp-image-167387\"\/><\/figure>\n\n\n\n<figure class=\"wp-block-image size-large\"><img decoding=\"async\" data-id=\"167433\" src=\"https:\/\/www.golfe-sainttropez-tourisme.fr\/wp-content\/uploads\/2026\/01\/5-1024x678.png\" alt=\"\" class=\"wp-image-167433\"\/><\/figure>\n\n\n\n<figure class=\"wp-block-image size-large\"><img decoding=\"async\" data-id=\"167427\" src=\"https:\/\/www.golfe-sainttropez-tourisme.fr\/wp-content\/uploads\/2026\/01\/Port-Grimaud-\u00a9golfe-saint-tropez-1-1024x1024.jpg\" alt=\"\" class=\"wp-image-167427\"\/><\/figure>\n\n\n\n<figure class=\"wp-block-image size-large\"><img decoding=\"async\" data-id=\"167434\" src=\"https:\/\/www.golfe-sainttropez-tourisme.fr\/wp-content\/uploads\/2026\/01\/3-1024x680.png\" alt=\"\" class=\"wp-image-167434\"\/><\/figure>\n<\/figure>\n<\/div>\n<\/div>\n\n\n\n<h2 class=\"wp-block-heading has-text-align-center\">Reise ins Herz eines Juwels des Mittelmeers<\/h2>\n\n\n\n<p class=\"has-text-align-center\">Der Golf von Saint-Tropez ist ein engagiertes Gebiet, das sich f\u00fcr den Erhalt seiner nat\u00fcrlichen Sch\u00f6nheit f\u00fcr zuk\u00fcnftige Generationen einsetzt und zu authentischen Erlebnissen im Einklang mit der Natur einl\u00e4dt. Zwischen t\u00fcrkisfarbenem Meer und gr\u00fcnen H\u00fcgeln l\u00e4dt er Sie zu einer einzigartigen Reise ein. Die Sch\u00f6nheit der Landschaften geht Hand in Hand mit der Geschichte: Diese K\u00fcste war ein wichtiger Ort der Landung der Alliierten in der Provence. Unber\u00fchrte Natur, charmante D\u00f6rfer, charakteristische Str\u00e4nde und kulturelle Sch\u00e4tze vereinen sich zu einem unvergesslichen Erlebnis.<\/p>\n\n\n\n<div class=\"wp-block-media-text is-stacked-on-mobile\"><figure class=\"wp-block-media-text__media\"><img decoding=\"async\" src=\"https:\/\/www.golfe-sainttropez-tourisme.fr\/wp-content\/uploads\/2026\/01\/4-1024x768.png\" alt=\"Domaine de la madrague \u00e0 la Croix Valmer dans le golfe de Saint-Tropez\" class=\"wp-image-167436 size-full\"\/><\/figure><div class=\"wp-block-media-text__content\">\n<p>Die zahlreichen Weinberge erstrecken sich so weit das Auge reicht und bieten renommierte Weine, die die Essenz der Provence einfangen. Entdecken Sie im Herzen der Weinberge mit der Herkunftsbezeichnung AOP C\u00f4tes de Provence eine authentische Region, in der kulinarische Traditionen von Generation zu Generation weitergegeben werden. Der Golf von Saint-Tropez, der mit dem Label <a href=\"https:\/\/www.golfe-sainttropez-tourisme.fr\/de\/freizeitaktivitaten\/weintourismus\/das-label-vignobles-decouvertes\/\">\u201eVignobles &amp; D\u00e9couvertes\u201d<\/a> ausgezeichnet ist, bietet das ganze Jahr \u00fcber eindrucksvolle Erlebnisse auf den Weing\u00fctern. Zwischen Weinverkostungen, bunten provenzalischen M\u00e4rkten und Gourmetfestivals l\u00e4dt alles dazu ein, den Reichtum der Region zu feiern. Eine unvergessliche Reise f\u00fcr die Sinne, um ein Kulturerbe und eine Gastronomie voller Aromen zu entdecken, die die Geschmacksknospen wecken und die man in einem Restaurant am Meer oder auf einem kleinen Platz im provenzalischen Herzen eines Dorfes genie\u00dfen kann.<\/p>\n\n\n<div class=\"wp-block-image\">\n<figure class=\"aligncenter size-large is-resized\"><img decoding=\"async\" src=\"https:\/\/www.golfe-sainttropez-tourisme.fr\/wp-content\/uploads\/2026\/01\/logo-label-et-decouverte-test-RGB-1-1-808x1024.png\" alt=\"Label vignobles et d\u00e9couvertes\" class=\"wp-image-167490\" style=\"width:100px\"\/><\/figure><\/div><\/div><\/div>\n\n\n\n<h2 class=\"wp-block-heading has-text-align-center\">Eine Region, die das ganze Jahr \u00fcber pulsiert<\/h2>\n\n\n\n<div class=\"wp-block-media-text has-media-on-the-right is-stacked-on-mobile\"><div class=\"wp-block-media-text__content\">\n<p>Der Golf von Saint-Tropez pulsiert das ganze Jahr \u00fcber im Rhythmus der <a href=\"https:\/\/www.golfe-sainttropez-tourisme.fr\/de\/freizeitaktivitaten\/veranstaltungskalender\/unterhaltungsprogramm\/\">Veranstaltungen<\/a>. Zahlreiche Feste laden Sie ein, den Reichtum des kulturellen Erbes und die Traditionen der Provence zu entdecken. Dar\u00fcber hinaus k\u00f6nnen Sie mediterrane Feste und Wassersportwettbewerbe genie\u00dfen. Nicht zu vergessen sind die Feierlichkeiten, die das lokale Know-how w\u00fcrdigen: K\u00f6che, Produzenten, Handwerker, Winzer, Designer \u2026<\/p>\n<\/div><figure class=\"wp-block-media-text__media\"><img decoding=\"async\" src=\"https:\/\/www.golfe-sainttropez-tourisme.fr\/wp-content\/uploads\/2026\/01\/saint-tropez-voiles-2016-\u00a9e.bertrand-droits-reserves-11-1024x732.jpeg\" alt=\"Les voiles de Saint-Tropez\" class=\"wp-image-167410 size-full\"\/><\/figure><\/div>\n\n\n\n<div class=\"wp-block-media-text is-stacked-on-mobile is-vertically-aligned-center\"><figure class=\"wp-block-media-text__media\"><img decoding=\"async\" src=\"https:\/\/www.golfe-sainttropez-tourisme.fr\/wp-content\/uploads\/2026\/01\/LGF-adrech-mai25-s.castor-\u00a9golfe-de-saint-tropez_-71-1024x577.jpg\" alt=\"Moulin de l'Adrech \u00e0 la Garde-Freinet dans le golfe de Saint-Tropez\" class=\"wp-image-167412 size-full\"\/><\/figure><div class=\"wp-block-media-text__content\">\n<p>Erleben Sie eine Reise durch die Zeit und lassen Sie sich vom azurblauen Licht verzaubern, das zahlreiche K\u00fcnstler inspiriert hat, darunter die Maler Signac und Matisse sowie gro\u00dfe Pers\u00f6nlichkeiten des Kinos. Lassen Sie sich von dieser subtilen Balance zwischen diskretem Prestige, unber\u00fchrten Landschaften und einem reichen Kulturerbe verzaubern. Erleben Sie die wilde Natur des Massif des Maures auf den zahlreichen <a href=\"https:\/\/www.golfe-sainttropez-tourisme.fr\/de\/freizeitaktivitaten\/freizeitaktivitaten\/wanderungen\/\">Wanderwegen<\/a> und entdecken Sie das au\u00dfergew\u00f6hnliche Kulturerbe unserer 12 D\u00f6rfer: Sainte-Maxime, Ramatuelle, Grimaud, Cavalaire-sur-Mer, Cogolin, La Croix Valmer, La Garde-Freinet, La Mole, Gassin, Le Plan de la Tour, Saint-Tropez und Le Rayol-Canadel sur Mer.<\/p>\n<\/div><\/div>\n\n\n\n<div class=\"communes\" style=\"text-align:center;\">\n\n  <a href=\"https:\/\/www.cavalairesurmer.fr\/\" class=\"commune\" style=\"display:inline-block; margin:0 10px; text-decoration:none; color:inherit;\">\n    <img loading=\"lazy\" decoding=\"async\" src=\"https:\/\/www.golfe-sainttropez-tourisme.fr\/wp-content\/uploads\/2026\/01\/cavalaire.png\" \n         alt=\"Cavalaire\" width=\"110\" height=\"110\"><br>\n    <b style=\"font-size:12px;\">CAVALAIRE<\/b>\n  <\/a>\n\n  <a href=\"https:\/\/gassin.eu\/fr\/\" class=\"commune\" style=\"display:inline-block; margin:0 10px; text-decoration:none; color:inherit;\">\n    <img loading=\"lazy\" decoding=\"async\" src=\"https:\/\/www.golfe-sainttropez-tourisme.fr\/wp-content\/uploads\/2026\/01\/gassin.png\" \n         alt=\"Gassin\" width=\"110\" height=\"110\"><br>\n    <b style=\"font-size:12px;\">GASSIN<\/b>\n  <\/a>\n\n  <a href=\"https:\/\/www.grimaud-provence.com\/\" class=\"commune\" style=\"display:inline-block; margin:0 10px; text-decoration:none; color:inherit;\">\n    <img loading=\"lazy\" decoding=\"async\" src=\"https:\/\/www.golfe-sainttropez-tourisme.fr\/wp-content\/uploads\/2026\/01\/grimaud.png\" \n         alt=\"Grimaud\" width=\"110\" height=\"110\"><br>\n    <b style=\"font-size:12px;\">GRIMAUD<\/b>\n  <\/a>\n\n  <a href=\"https:\/\/www.lacroixvalmertourisme.com\/fr\" class=\"commune\" style=\"display:inline-block; margin:0 10px; text-decoration:none; color:inherit;\">\n    <img loading=\"lazy\" decoding=\"async\" src=\"https:\/\/www.golfe-sainttropez-tourisme.fr\/wp-content\/uploads\/2026\/01\/lacroixvalmer.png\" \n         alt=\"La Croix-Valmer\" width=\"110\" height=\"110\"><br>\n    <b style=\"font-size:12px;\">LA CROIX-VALMER<\/b>\n  <\/a>\n\n  <a href=\"https:\/\/www.ramatuelle-tourisme.com\/\" class=\"commune\" style=\"display:inline-block; margin:0 10px; text-decoration:none; color:inherit;\">\n    <img loading=\"lazy\" decoding=\"async\" src=\"https:\/\/www.golfe-sainttropez-tourisme.fr\/wp-content\/uploads\/2026\/01\/ramatuelle.png\" \n         alt=\"Ramatuelle\" width=\"110\" height=\"110\"><br>\n    <b style=\"font-size:12px;\">RAMATUELLE<\/b>\n  <\/a>\n\n  <a href=\"https:\/\/www.sainte-maxime.com\/\" class=\"commune\" style=\"display:inline-block; margin:0 10px; text-decoration:none; color:inherit;\">\n    <img loading=\"lazy\" decoding=\"async\" src=\"https:\/\/www.golfe-sainttropez-tourisme.fr\/wp-content\/uploads\/2026\/01\/saintemaxime.png\" \n         alt=\"Sainte-Maxime\" width=\"110\" height=\"110\"><br>\n    <b style=\"font-size:12px;\">SAINTE-MAXIME<\/b>\n  <\/a>\n\n  <a href=\"https:\/\/www.sainttropeztourisme.com\/fr\/\" class=\"commune\" style=\"display:inline-block; margin:0 10px; text-decoration:none; color:inherit;\">\n    <img loading=\"lazy\" decoding=\"async\" src=\"https:\/\/www.golfe-sainttropez-tourisme.fr\/wp-content\/uploads\/2026\/01\/sainttropez.png\" \n         alt=\"Saint-Tropez\" width=\"110\" height=\"110\"><br>\n    <b style=\"font-size:12px;\">SAINT-TROPEZ<\/b>\n  <\/a>\n\n<\/div>\n\n\n\n<div style=\"height:35px\" aria-hidden=\"true\" class=\"wp-block-spacer\"><\/div>\n\n\n\n<div class=\"wp-block-buttons is-content-justification-center is-layout-flex wp-container-core-buttons-is-layout-16018d1d wp-block-buttons-is-layout-flex\">\n<div class=\"wp-block-button\"><a class=\"wp-block-button__link has-text-align-center wp-element-button\" href=\"https:\/\/www.golfe-saint-tropez-information.com\/\">Reiseziel Golf von Saint-Tropez<\/a><\/div>\n<\/div>\n\n\n\n<div style=\"height:35px\" aria-hidden=\"true\" class=\"wp-block-spacer\"><\/div>\n\n\n<div class=\"wp-block-image\">\n<figure data-wp-context=\"{&quot;imageId&quot;:&quot;69f0ecbfd81d5&quot;}\" data-wp-interactive=\"core\/image\" class=\"aligncenter size-large wp-lightbox-container\"><img decoding=\"async\" data-wp-class--hide=\"state.isContentHidden\" data-wp-class--show=\"state.isContentVisible\" data-wp-init=\"callbacks.setButtonStyles\" data-wp-on-async--click=\"actions.showLightbox\" data-wp-on-async--load=\"callbacks.setButtonStyles\" data-wp-on-async-window--resize=\"callbacks.setButtonStyles\" src=\"https:\/\/www.golfe-sainttropez-tourisme.fr\/wp-content\/uploads\/2026\/01\/Carte-Actual-nouvelle-version-2025-1024x651.jpg\" alt=\"Plan du golfe de Saint-Tropez\" class=\"wp-image-167419\"\/><button\n\t\t\tclass=\"lightbox-trigger\"\n\t\t\ttype=\"button\"\n\t\t\taria-haspopup=\"dialog\"\n\t\t\taria-label=\"Vergr\u00f6\u00dfern\"\n\t\t\tdata-wp-init=\"callbacks.initTriggerButton\"\n\t\t\tdata-wp-on-async--click=\"actions.showLightbox\"\n\t\t\tdata-wp-style--right=\"state.imageButtonRight\"\n\t\t\tdata-wp-style--top=\"state.imageButtonTop\"\n\t\t>\n\t\t\t<svg xmlns=\"http:\/\/www.w3.org\/2000\/svg\" width=\"12\" height=\"12\" fill=\"none\" viewBox=\"0 0 12 12\">\n\t\t\t\t<path fill=\"#fff\" d=\"M2 0a2 2 0 0 0-2 2v2h1.5V2a.5.5 0 0 1 .5-.5h2V0H2Zm2 10.5H2a.5.5 0 0 1-.5-.5V8H0v2a2 2 0 0 0 2 2h2v-1.5ZM8 12v-1.5h2a.5.5 0 0 0 .5-.5V8H12v2a2 2 0 0 1-2 2H8Zm2-12a2 2 0 0 1 2 2v2h-1.5V2a.5.5 0 0 0-.5-.5H8V0h2Z\" \/>\n\t\t\t<\/svg>\n\t\t<\/button><\/figure><\/div>\n\n\n<p class=\"has-text-align-center\"><\/p>\n\n\n\n<script type=\"application\/ld+json\">\n{\n  \"@context\": \"https:\/\/schema.org\",\n  \"@type\": \"TouristDestination\",\n  \"name\": \"Golfe de Saint-Tropez\",\n  \"description\": \"Explorez le Golfe de Saint-Tropez, joyau du Var en Provence-Alpes-C\u00f4te d\u2019Azur. D\u00e9couvrez ses 12 villages pittoresques, ses plages renomm\u00e9es, le Massif des Maures pour randonn\u00e9es et panoramas, ses ports et activit\u00e9s nautiques, ses vignobles AOP et ses \u00e9v\u00e9nements culturels pour tous types de visiteurs.\",\n  \"geo\": {\"@type\": \"GeoCoordinates\",\"latitude\":43.2673,\"longitude\":6.6407},\n  \"address\": {\"@type\": \"PostalAddress\",\"addressLocality\":\"Golfe de Saint-Tropez\",\"addressRegion\":\"Provence-Alpes-C\u00f4te d'Azur\",\"addressCountry\":\"FR\"},\n  \"url\": \"https:\/\/www.golfe-sainttropez-tourisme.fr\/decouvrir\/notre-territoire\/le-golfe-de-saint-tropez\/\",\n  \"image\": [\n    \"https:\/\/www.golfe-sainttropez-tourisme.fr\/path\/to\/hero-image.jpg\"\n  ],\n  \"sameAs\": [\"https:\/\/fr.wikipedia.org\/wiki\/Golfe_de_Saint-Tropez\"],\n  \"keywords\": \"Golfe de Saint-Tropez, C\u00f4te d'Azur, Var, Provence, plages, randonn\u00e9es, vignobles, villages pittoresques, tourisme, activit\u00e9s nautiques, Massif des Maures, culture, gastronomie, ports, sentiers\",\n  \"touristType\": [\"Family\",\"Couples\",\"Adventure\",\"Cultural\",\"Nature\"],\n  \"hasPart\": [\n    {\"@type\":\"Place\",\"name\":\"Saint-Tropez\",\"url\":\"https:\/\/www.golfe-sainttropez-tourisme.fr\/saint-tropez\"},\n    {\"@type\":\"Place\",\"name\":\"Sainte-Maxime\",\"url\":\"https:\/\/www.golfe-sainttropez-tourisme.fr\/sainte-maxime\"},\n    {\"@type\":\"Place\",\"name\":\"Ramatuelle\",\"url\":\"https:\/\/www.golfe-sainttropez-tourisme.fr\/ramatuelle\"},\n    {\"@type\":\"Place\",\"name\":\"Grimaud\",\"url\":\"https:\/\/www.golfe-sainttropez-tourisme.fr\/grimaud\"},\n    {\"@type\":\"Place\",\"name\":\"Gassin\",\"url\":\"https:\/\/www.golfe-sainttropez-tourisme.fr\/gassin\"},\n    {\"@type\":\"Place\",\"name\":\"Cogolin\",\"url\":\"https:\/\/www.golfe-sainttropez-tourisme.fr\/cogolin\"},\n    {\"@type\":\"Place\",\"name\":\"La Croix-Valmer\",\"url\":\"https:\/\/www.golfe-sainttropez-tourisme.fr\/la-croix-valmer\"},\n    {\"@type\":\"Place\",\"name\":\"La Garde-Freinet\",\"url\":\"https:\/\/www.golfe-sainttropez-tourisme.fr\/la-garde-freinet\"},\n    {\"@type\":\"Place\",\"name\":\"La Mole\",\"url\":\"https:\/\/www.golfe-sainttropez-tourisme.fr\/la-mole\"},\n    {\"@type\":\"Place\",\"name\":\"Le Plan de la Tour\",\"url\":\"https:\/\/www.golfe-sainttropez-tourisme.fr\/le-plan-de-la-tour\"},\n    {\"@type\":\"Place\",\"name\":\"Cavalaire-sur-Mer\",\"url\":\"https:\/\/www.golfe-sainttropez-tourisme.fr\/cavalaire-sur-mer\"},\n    {\"@type\":\"Place\",\"name\":\"Le Rayol-Canadel-sur-Mer\",\"url\":\"https:\/\/www.golfe-sainttropez-tourisme.fr\/le-rayol-canadel-sur-mer\"}\n  ],\n  \"touristAttraction\": [\n    {\"@type\":\"TouristAttraction\",\"name\":\"Plage de Pampelonne\",\"geo\":{\"@type\":\"GeoCoordinates\",\"latitude\":43.2561,\"longitude\":6.6352},\"image\":\"https:\/\/www.golfe-sainttropez-tourisme.fr\/path\/to\/pampelonne.jpg\"},\n    {\"@type\":\"TouristAttraction\",\"name\":\"Plage de la Bouillabaisse\",\"geo\":{\"@type\":\"GeoCoordinates\",\"latitude\":43.2705,\"longitude\":6.6410},\"image\":\"https:\/\/www.golfe-sainttropez-tourisme.fr\/path\/to\/bouillabaisse.jpg\"},\n    {\"@type\":\"TouristAttraction\",\"name\":\"Plage de Gigaro\",\"geo\":{\"@type\":\"GeoCoordinates\",\"latitude\":43.1970,\"longitude\":6.4532},\"image\":\"https:\/\/www.golfe-sainttropez-tourisme.fr\/path\/to\/gigaro.jpg\"},\n    {\"@type\":\"TouristAttraction\",\"name\":\"Port de Saint-Tropez\",\"geo\":{\"@type\":\"GeoCoordinates\",\"latitude\":43.2685,\"longitude\":6.6402},\"image\":\"https:\/\/www.golfe-sainttropez-tourisme.fr\/path\/to\/port.jpg\"},\n    {\"@type\":\"TouristAttraction\",\"name\":\"Massif des Maures\",\"geo\":{\"@type\":\"GeoCoordinates\",\"latitude\":43.3050,\"longitude\":6.6330},\"image\":\"https:\/\/www.golfe-sainttropez-tourisme.fr\/path\/to\/maures.jpg\"},\n    {\"@type\":\"TouristAttraction\",\"name\":\"Vignobles AOP C\u00f4tes de Provence\",\"geo\":{\"@type\":\"GeoCoordinates\",\"latitude\":43.28,\"longitude\":6.64},\"image\":\"https:\/\/www.golfe-sainttropez-tourisme.fr\/path\/to\/vignoble.jpg\"},\n    {\"@type\":\"TouristAttraction\",\"name\":\"Randonn\u00e9e Sentier du Littoral\",\"geo\":{\"@type\":\"GeoCoordinates\",\"latitude\":43.2650,\"longitude\":6.6390},\"image\":\"https:\/\/www.golfe-sainttropez-tourisme.fr\/path\/to\/rando-littoral.jpg\"},\n    {\"@type\":\"TouristAttraction\",\"name\":\"Plong\u00e9e et sports nautiques \u00e0 Saint-Tropez\",\"geo\":{\"@type\":\"GeoCoordinates\",\"latitude\":43.2680,\"longitude\":6.6410},\"image\":\"https:\/\/www.golfe-sainttropez-tourisme.fr\/path\/to\/nautique.jpg\"},\n    {\"@type\":\"TouristAttraction\",\"name\":\"Plage de Canoubiers\",\"geo\":{\"@type\":\"GeoCoordinates\",\"latitude\":43.2610,\"longitude\":6.6380},\"image\":\"https:\/\/www.golfe-sainttropez-tourisme.fr\/path\/to\/canoubiers.jpg\"},\n    {\"@type\":\"TouristAttraction\",\"name\":\"Sentier de randonn\u00e9e du Plan de la Tour\",\"geo\":{\"@type\":\"GeoCoordinates\",\"latitude\":43.2540,\"longitude\":6.6150},\"image\":\"https:\/\/www.golfe-sainttropez-tourisme.fr\/path\/to\/rando-plan.jpg\"}\n  ],\n  \"mainEntity\": [\n    {\"@type\":\"Question\",\"name\":\"O\u00f9 se situe le Golfe de Saint-Tropez ?\",\"acceptedAnswer\":{\"@type\":\"Answer\",\"text\":\"Le Golfe de Saint-Tropez est situ\u00e9 dans le d\u00e9partement du Var, en r\u00e9gion Provence-Alpes-C\u00f4te d'Azur, sur la C\u00f4te d'Azur.\"}},\n    {\"@type\":\"Question\",\"name\":\"Quels villages visiter autour du Golfe de Saint-Tropez ?\",\"acceptedAnswer\":{\"@type\":\"Answer\",\"text\":\"Les 12 communes principales sont Saint-Tropez, Sainte-Maxime, Ramatuelle, Grimaud, Gassin, Cogolin, La Croix-Valmer, La Garde-Freinet, La Mole, Le Plan de la Tour, Cavalaire-sur-Mer et Le Rayol-Canadel-sur-Mer.\"}},\n    {\"@type\":\"Question\",\"name\":\"Quelles activit\u00e9s touristiques peut-on pratiquer ?\",\"acceptedAnswer\":{\"@type\":\"Answer\",\"text\":\"Plages, sports nautiques, randonn\u00e9es dans le Massif des Maures, visites culturelles, d\u00e9gustations locales et d\u00e9couverte des vignobles AOP.\"}},\n    {\"@type\":\"Question\",\"name\":\"Quelle est la meilleure p\u00e9riode pour visiter le Golfe de Saint-Tropez ?\",\"acceptedAnswer\":{\"@type\":\"Answer\",\"text\":\"Le printemps et l'\u00e9t\u00e9 pour profiter des plages et activit\u00e9s nautiques, l'automne pour randonn\u00e9es et vignobles.\"}},\n    {\"@type\":\"Question\",\"name\":\"Quels itin\u00e9raires de randonn\u00e9e sont recommand\u00e9s ?\",\"acceptedAnswer\":{\"@type\":\"Answer\",\"text\":\"Le Massif des Maures et le Sentier du Littoral offrent plusieurs parcours panoramiques adapt\u00e9s \u00e0 tous les niveaux.\"}},\n    {\"@type\":\"Question\",\"name\":\"Quelles plages sont incontournables ?\",\"acceptedAnswer\":{\"@type\":\"Answer\",\"text\":\"Plage de Pampelonne, Plage de la Bouillabaisse, Plage de Gigaro et Plage de Canoubiers.\"}},\n    {\"@type\":\"Question\",\"name\":\"Quelles activit\u00e9s nautiques peut-on pratiquer ?\",\"acceptedAnswer\":{\"@type\":\"Answer\",\"text\":\"Plong\u00e9e, voile, paddle, jet-ski et excursions en bateau dans le Golfe de Saint-Tropez.\"}}\n  ]\n}\n<\/script>\n","protected":false},"excerpt":{"rendered":"<p>Der Golf von Saint-Tropez, die subtile Verbindung zwischen der Provence und der C\u00f4te d&#8217;Azur    Der Golf von Saint-Tropez ist ein au\u00dfergew\u00f6hnliches Gebiet, in dem die Lebensart der Provence mit der legend\u00e4ren C\u00f4te d&#8217;Azur verschmilzt und ein Juwel von zeitloser Sch\u00f6nheit offenbart, das Traditionen, Prestige und \u00f6kologische Verantwortung vereint.                          Reise ins Herz eines Juwels des Mittelmeers    Der Golf von Saint-Tropez ist ein engagiertes Gebiet, das sich f\u00fcr den Erhalt seiner nat\u00fcrlichen Sch\u00f6nheit f\u00fcr zuk\u00fcnftige Generationen einsetzt und zu authentischen Erlebnissen im Einklang mit der Natur einl\u00e4dt. Zwischen t\u00fcrkisfarbenem Meer und gr\u00fcnen H\u00fcgeln l\u00e4dt er Sie zu einer einzigartigen Reise ein. Die Sch\u00f6nheit der Landschaften geht Hand in Hand mit der Geschichte: Diese K\u00fcste war ein wichtiger Ort der Landung der Alliierten in der Provence. Unber\u00fchrte Natur, charmante D\u00f6rfer, charakteristische Str\u00e4nde und kulturelle Sch\u00e4tze vereinen sich zu einem unvergesslichen Erlebnis.     Die zahlreichen Weinberge erstrecken sich so weit das Auge reicht und bieten renommierte Weine, die die Essenz der Provence einfangen. Entdecken Sie im Herzen der Weinberge mit der Herkunftsbezeichnung AOP C\u00f4tes de Provence eine authentische Region, in der kulinarische Traditionen von Generation zu Generation weitergegeben werden. Der Golf von Saint-Tropez, der mit dem Label \u201eVignobles &amp; D\u00e9couvertes\u201d ausgezeichnet ist, bietet das ganze Jahr \u00fcber eindrucksvolle Erlebnisse auf den Weing\u00fctern. Zwischen Weinverkostungen, bunten provenzalischen M\u00e4rkten und Gourmetfestivals l\u00e4dt alles dazu ein, den Reichtum der Region zu feiern. Eine unvergessliche Reise f\u00fcr die Sinne, um ein Kulturerbe und eine Gastronomie voller Aromen zu entdecken, die die Geschmacksknospen wecken und die man in einem Restaurant am Meer oder auf einem kleinen Platz im provenzalischen Herzen eines Dorfes genie\u00dfen kann.         Eine Region, die das ganze Jahr \u00fcber pulsiert     Der Golf von Saint-Tropez pulsiert das ganze Jahr \u00fcber im Rhythmus der Veranstaltungen. Zahlreiche Feste laden Sie ein, den Reichtum des kulturellen Erbes und die Traditionen der Provence zu entdecken. Dar\u00fcber hinaus k\u00f6nnen Sie mediterrane Feste und Wassersportwettbewerbe genie\u00dfen. Nicht zu vergessen sind die Feierlichkeiten, die das lokale Know-how w\u00fcrdigen: K\u00f6che, Produzenten, Handwerker, Winzer, Designer \u2026      Erleben Sie eine Reise durch die Zeit und lassen Sie sich vom azurblauen Licht verzaubern, das zahlreiche K\u00fcnstler inspiriert hat, darunter die Maler Signac und Matisse sowie gro\u00dfe Pers\u00f6nlichkeiten des Kinos. Lassen Sie sich von dieser subtilen Balance zwischen diskretem Prestige, unber\u00fchrten Landschaften und einem reichen Kulturerbe verzaubern. Erleben Sie die wilde Natur des Massif des Maures auf den zahlreichen Wanderwegen und entdecken Sie das au\u00dfergew\u00f6hnliche Kulturerbe unserer 12 D\u00f6rfer: Sainte-Maxime, Ramatuelle, Grimaud, Cavalaire-sur-Mer, Cogolin, La Croix Valmer, La Garde-Freinet, La Mole, Gassin, Le Plan de la Tour, Saint-Tropez und Le Rayol-Canadel sur Mer.                   CAVALAIRE                 GASSIN                 GRIMAUD                 LA CROIX-VALMER                 RAMATUELLE                 SAINTE-MAXIME                 SAINT-TROPEZ              Reiseziel Golf von Saint-Tropez<\/p>\n","protected":false},"author":22,"featured_media":153924,"parent":26941,"menu_order":0,"comment_status":"closed","ping_status":"closed","template":"templates\/full-width.php","meta":{"_acf_changed":false,"inline_featured_image":false,"footnotes":""},"class_list":["post-153923","type-page","status-publish","has-post-thumbnail","hentry"],"acf":[],"_links":{"self":[{"href":"https:\/\/www.golfe-sainttropez-tourisme.fr\/de\/wp-json\/wp\/v2\/pages\/153923","targetHints":{"allow":["GET"]}}],"collection":[{"href":"https:\/\/www.golfe-sainttropez-tourisme.fr\/de\/wp-json\/wp\/v2\/pages"}],"about":[{"href":"https:\/\/www.golfe-sainttropez-tourisme.fr\/de\/wp-json\/wp\/v2\/types\/page"}],"author":[{"embeddable":true,"href":"https:\/\/www.golfe-sainttropez-tourisme.fr\/de\/wp-json\/wp\/v2\/users\/22"}],"replies":[{"embeddable":true,"href":"https:\/\/www.golfe-sainttropez-tourisme.fr\/de\/wp-json\/wp\/v2\/comments?post=153923"}],"version-history":[{"count":3,"href":"https:\/\/www.golfe-sainttropez-tourisme.fr\/de\/wp-json\/wp\/v2\/pages\/153923\/revisions"}],"predecessor-version":[{"id":153928,"href":"https:\/\/www.golfe-sainttropez-tourisme.fr\/de\/wp-json\/wp\/v2\/pages\/153923\/revisions\/153928"}],"up":[{"embeddable":true,"href":"https:\/\/www.golfe-sainttropez-tourisme.fr\/de\/wp-json\/wp\/v2\/pages\/26941"}],"wp:featuredmedia":[{"embeddable":true,"href":"https:\/\/www.golfe-sainttropez-tourisme.fr\/de\/wp-json\/wp\/v2\/media\/153924"}],"wp:attachment":[{"href":"https:\/\/www.golfe-sainttropez-tourisme.fr\/de\/wp-json\/wp\/v2\/media?parent=153923"}],"curies":[{"name":"wp","href":"https:\/\/api.w.org\/{rel}","templated":true}]}}