{"id":26950,"date":"2023-05-12T10:15:04","date_gmt":"2023-05-12T08:15:04","guid":{"rendered":"https:\/\/www.golfe-sainttropez-tourisme.fr\/de\/?page_id=26950"},"modified":"2026-01-08T13:50:47","modified_gmt":"2026-01-08T12:50:47","slug":"cogolin","status":"publish","type":"page","link":"https:\/\/www.golfe-sainttropez-tourisme.fr\/de\/entdecken\/unser-gebiet\/cogolin\/","title":{"rendered":"Cogolin"},"content":{"rendered":"\n<h2 class=\"wp-block-heading has-text-align-center\">Die Seele baumeln lassen und dabei die Meeresluft in tiefen Z\u00fcgen einatmen<\/h2>\n\n\n\n<blockquote class=\"wp-block-quote is-layout-flow wp-block-quote-is-layout-flow\">\n<p class=\"has-text-align-center\">Cogolin liegt direkt am Fu\u00dfe des Massif des Maures und erstreckt sich bis zum Meer. Dort befindet sich einer der gr\u00f6\u00dften H\u00e4fen an der C\u00f4te d\u2019Azur mit dem Jachthafen <strong>Les Marines de Cogolin<\/strong> und <strong>Port Cogolin<\/strong>.<\/p>\n<\/blockquote>\n\n\n\n<h2 class=\"wp-block-heading has-text-align-center\">Die Legende von Cogolin<\/h2>\n\n\n\n<div style=\"height:35px\" aria-hidden=\"true\" class=\"wp-block-spacer\"><\/div>\n\n\n\n<div class=\"wp-block-media-text is-stacked-on-mobile\" style=\"grid-template-columns:40% auto\"><figure class=\"wp-block-media-text__media\"><img decoding=\"async\" src=\"https:\/\/www.golfe-sainttropez-tourisme.fr\/wp-content\/uploads\/2025\/08\/tableau-legende-torpes-et-coq-1-985x1024.jpg\" alt=\"\" class=\"wp-image-147413 size-full\"\/><\/figure><div class=\"wp-block-media-text__content\">\n<p>Alles begann im Jahr 68 n. Chr. in Pisa. Torp\u00e8s, der Verwalter des Palastes von Kaiser Nero, wurde enthauptet, weil er sich weigerte, seinem christlichen Glauben abzuschw\u00f6ren. Sein Leichnam wurde zusammen mit einem Hahn und einem Hund in ein Boot gelegt. Das Boot trieb mit der ligurischen Str\u00f6mung und strandete an der K\u00fcste des heutigen Saint-Tropez (dessen Name von Torp\u00e8s stammt). Der Hund verlie\u00df das Boot und machte sich auf den Weg nach Grimaud. Der Hahn fand Zuflucht auf dem Land am Ende des Golfs, mitten in einem Flachsacker, auf dem sp\u00e4ter ein Dorf gebaut worden sein soll. Aus dem \u201eCoq au lin\u201d (Hahn im Flachsacker) wurde <em>Cogolin<\/em>.<\/p>\n<\/div><\/div>\n\n\n\n<h2 class=\"wp-block-heading has-text-align-center\">Die Must-sees<\/h2>\n\n\n\n<div style=\"height:35px\" aria-hidden=\"true\" class=\"wp-block-spacer\"><\/div>\n\n\n\t\t\t\t\t\t\t<section class=\"block-text-on-image\">\n\t\t\t\t\t<div class=\"row row-flex\">\n\t\t\t\t\t\t\t\t\t\t\t\t\t<div class=\"col-xs-12 col-md-6\">\n\t\t\t\t\t\t\t\t<div class=\"block\">\n\t\t\t\t\t\t\t\t\t\t\t\t\t\t\t\t\t\t\t<figure class=\"block-image\" style=\"background-image: url(https:\/\/www.golfe-sainttropez-tourisme.fr\/de\/wp-content\/uploads\/sites\/6\/2025\/09\/Cogolin-vieux-village-mai-2021-\u00a9-Marion-Agnes-7-945x630.jpg);\">\n\t\t\t\t\t\t\t\t\t\t\t<img decoding=\"async\" src=\"https:\/\/www.golfe-sainttropez-tourisme.fr\/de\/wp-content\/uploads\/sites\/6\/2025\/09\/Cogolin-vieux-village-mai-2021-\u00a9-Marion-Agnes-7-945x630.jpg\" alt=\"\" \/>\n\t\t\t\t\t\t\t\t\t\t<\/figure>\n\t\t\t\t\t\t\t\t\t\t\t\t\t\t\t\t\t\t<div class=\"block-body\">\n\t\t\t\t\t\t\t\t\t\t\t\t\t\t\t\t\t\t\t\t\t<h3 class=\"block-title\">Der Rundgang durch das alte Dorf<\/h3>\n\t\t\t\t\t\t\t\t\t\t\t\t\t\t\t\t\t\t\t\t\t\t\t\t\t\t\t\t\t\t\t<p class=\"block-text\">Begeben Sie sich auf eine Zeitreise und entdecken Sie die Geheimnisse und Anekdoten des alten Cogolin in seinen engen Gassen und alten Torb\u00f6gen! Ein 45-min\u00fctiger Spaziergang, um das alte Dorf mit seinen zahlreichen Trompe-l&#8217;\u0153il-Malereien zu entdecken!<\/p>\n\t\t\t\t\t\t\t\t\t\t\t\t\t\t\t\t\t\t\t<\/div>\n\t\t\t\t\t\t\t\t\t\t\t\t\t\t\t\t\t\t\t<div class=\"block-more\">\n\t\t\t\t\t\t\t\t\t\t\t<a class=\"btn btn-primary\" href=\"https:\/\/www.golfe-sainttropez-tourisme.fr\/de\/publication\/circuit-decouverte-cogolin\/\" target=\"_self\">\n\t\t\t\t\t\t\t\t\t\t\t\t\t\t\t\t\t\t\t\t\t\t\t\t\tEntdecken Sie es hier auf eigene Faust!\t\t\t\t\t\t\t\t\t\t\t\t\t\t\t\t\t\t\t\t\t\t\t<\/a>\n\t\t\t\t\t\t\t\t\t\t<\/div>\n\t\t\t\t\t\t\t\t\t\t\t\t\t\t\t\t\t<\/div>\n\t\t\t\t\t\t\t<\/div>\n\t\t\t\t\t\t\t\t\t\t\t\t\t<div class=\"col-xs-12 col-md-6\">\n\t\t\t\t\t\t\t\t<div class=\"block\">\n\t\t\t\t\t\t\t\t\t\t\t\t\t\t\t\t\t\t\t<figure class=\"block-image\" style=\"background-image: url(https:\/\/www.golfe-sainttropez-tourisme.fr\/de\/wp-content\/uploads\/sites\/6\/2025\/09\/cogolin-vue-aerienne-marines-ballon-2020-\u00a9e.bertrand-tdr-7-997x630.jpg);\">\n\t\t\t\t\t\t\t\t\t\t\t<img decoding=\"async\" src=\"https:\/\/www.golfe-sainttropez-tourisme.fr\/de\/wp-content\/uploads\/sites\/6\/2025\/09\/cogolin-vue-aerienne-marines-ballon-2020-\u00a9e.bertrand-tdr-7-997x630.jpg\" alt=\"\" \/>\n\t\t\t\t\t\t\t\t\t\t<\/figure>\n\t\t\t\t\t\t\t\t\t\t\t\t\t\t\t\t\t\t<div class=\"block-body\">\n\t\t\t\t\t\t\t\t\t\t\t\t\t\t\t\t\t\t\t\t\t<h3 class=\"block-title\">Les Marines de Cogolin<\/h3>\n\t\t\t\t\t\t\t\t\t\t\t\t\t\t\t\t\t\t\t\t\t\t\t\t\t\t\t\t\t\t\t<p class=\"block-text\">Einst war hier nur Sumpfgebiet, doch heute hat sich das Viertel \u201eLes Marines de Cogolin\u201d mit seinen Yachth\u00e4fen zu einem der wichtigsten Orte f\u00fcr den Wassersport im Mittelmeerraum entwickelt! Entlang der Kais finden Sie eine gro\u00dfe Auswahl an Restaurants, Bars, Gesch\u00e4ften, Dienstleistungen und Shuttlebooten.<\/p>\n\t\t\t\t\t\t\t\t\t\t\t\t\t\t\t\t\t\t\t<\/div>\n\t\t\t\t\t\t\t\t\t\t\t\t\t\t\t\t\t\t\t<div class=\"block-more\">\n\t\t\t\t\t\t\t\t\t\t\t<a class=\"btn btn-primary\" href=\"https:\/\/www.golfe-sainttropez-tourisme.fr\/de\/entdecken\/meerseite\/die-hafen\/\" target=\"_self\">\n\t\t\t\t\t\t\t\t\t\t\t\t\t\t\t\t\t\t\t\t\t\t\t\t\tWeitere Informationen finden Sie hier!\t\t\t\t\t\t\t\t\t\t\t\t\t\t\t\t\t\t\t\t\t\t\t<\/a>\n\t\t\t\t\t\t\t\t\t\t<\/div>\n\t\t\t\t\t\t\t\t\t\t\t\t\t\t\t\t\t<\/div>\n\t\t\t\t\t\t\t<\/div>\n\t\t\t\t\t\t\t\t\t\t\t\t\t<div class=\"col-xs-12 col-md-6\">\n\t\t\t\t\t\t\t\t<div class=\"block\">\n\t\t\t\t\t\t\t\t\t\t\t\t\t\t\t\t\t\t\t<figure class=\"block-image\" style=\"background-image: url(https:\/\/www.golfe-sainttropez-tourisme.fr\/de\/wp-content\/uploads\/sites\/6\/2025\/09\/cogolin-village-et-atelier-tapis-soliver-2023-\u00a9-Golfe-de-Saint-Tropez-21-1118x630.jpg);\">\n\t\t\t\t\t\t\t\t\t\t\t<img decoding=\"async\" src=\"https:\/\/www.golfe-sainttropez-tourisme.fr\/de\/wp-content\/uploads\/sites\/6\/2025\/09\/cogolin-village-et-atelier-tapis-soliver-2023-\u00a9-Golfe-de-Saint-Tropez-21-1118x630.jpg\" alt=\"\" \/>\n\t\t\t\t\t\t\t\t\t\t<\/figure>\n\t\t\t\t\t\t\t\t\t\t\t\t\t\t\t\t\t\t<div class=\"block-body\">\n\t\t\t\t\t\t\t\t\t\t\t\t\t\t\t\t\t\t\t\t\t<h3 class=\"block-title\">Das Handwerk<\/h3>\n\t\t\t\t\t\t\t\t\t\t\t\t\t\t\t\t\t\t\t\t\t\t\t\t\t\t\t\t\t\t\t<p class=\"block-text\">Die Stadt ist bekannt f\u00fcr ihre handgewebten Teppiche, ihre sorgf\u00e4ltig geschnitzten Bruy\u00e8repfeifen und ihre weltweit exportierten Rohrbl\u00e4tter und pflegt seit Jahrhunderten ihre Traditionen. Die Familienbetriebe machen Cogolin zu einem wahren Juwel des franz\u00f6sischen Handwerks in der Provence.<\/p>\n\t\t\t\t\t\t\t\t\t\t\t\t\t\t\t\t\t\t\t<\/div>\n\t\t\t\t\t\t\t\t\t\t\t\t\t\t\t\t\t\t\t<div class=\"block-more\">\n\t\t\t\t\t\t\t\t\t\t\t<a class=\"btn btn-primary\" href=\"https:\/\/www.golfe-sainttropez-tourisme.fr\/de\/sehenswertes\/die-franzosische-lebenskunst\/kunsthandwerk\/?utf8=%E2%9C%93&#038;f=1&#038;commune=cogolin\" target=\"_self\">\n\t\t\t\t\t\t\t\t\t\t\t\t\t\t\t\t\t\t\t\t\t\t\t\t\tEin Schaufenster f\u00fcr Kunsthandwerk!\t\t\t\t\t\t\t\t\t\t\t\t\t\t\t\t\t\t\t\t\t\t\t<\/a>\n\t\t\t\t\t\t\t\t\t\t<\/div>\n\t\t\t\t\t\t\t\t\t\t\t\t\t\t\t\t\t<\/div>\n\t\t\t\t\t\t\t<\/div>\n\t\t\t\t\t\t\t\t\t\t\t\t\t<div class=\"col-xs-12 col-md-6\">\n\t\t\t\t\t\t\t\t<div class=\"block\">\n\t\t\t\t\t\t\t\t\t\t\t\t\t\t\t\t\t\t\t<figure class=\"block-image\" style=\"background-image: url(https:\/\/www.golfe-sainttropez-tourisme.fr\/de\/wp-content\/uploads\/sites\/6\/2025\/09\/Rando-guidee-cogolin-mai-2022-\u00a9Severine-Oliver-15-945x630.jpg);\">\n\t\t\t\t\t\t\t\t\t\t\t<img decoding=\"async\" src=\"https:\/\/www.golfe-sainttropez-tourisme.fr\/de\/wp-content\/uploads\/sites\/6\/2025\/09\/Rando-guidee-cogolin-mai-2022-\u00a9Severine-Oliver-15-945x630.jpg\" alt=\"\" \/>\n\t\t\t\t\t\t\t\t\t\t<\/figure>\n\t\t\t\t\t\t\t\t\t\t\t\t\t\t\t\t\t\t<div class=\"block-body\">\n\t\t\t\t\t\t\t\t\t\t\t\t\t\t\t\t\t\t\t\t\t<h3 class=\"block-title\">F\u00fchrungen<\/h3>\n\t\t\t\t\t\t\t\t\t\t\t\t\t\t\t\t\t\t\t\t\t\t\t\t\t\t\t\t\t\t\t<p class=\"block-text\">Entdecken Sie dank unserer Reiseleiterin St\u00e9phanie alle Geheimnisse des alten Dorfes Cogolin, erfahren Sie mehr \u00fcber die Herstellung von Rohrbl\u00e4ttern, diesen kleinen Zungen, die Musiker an ihren Blasinstrumenten anbringen, und genie\u00dfen Sie zwei Spazierg\u00e4nge in der Natur, um die reichhaltige Flora und Fauna unserer Landschaft zu entdecken!<\/p>\n\t\t\t\t\t\t\t\t\t\t\t\t\t\t\t\t\t\t\t<\/div>\n\t\t\t\t\t\t\t\t\t\t\t\t\t\t\t\t\t\t\t<div class=\"block-more\">\n\t\t\t\t\t\t\t\t\t\t\t<a class=\"btn btn-primary\" href=\"https:\/\/www.golfe-sainttropez-tourisme.fr\/de\/freizeitaktivitaten\/freizeitaktivitaten\/gefuhrte-touren\/?utf8=%E2%9C%93&#038;f=1&#038;commune=cogolin\" target=\"_self\">\n\t\t\t\t\t\t\t\t\t\t\t\t\t\t\t\t\t\t\t\t\t\t\t\t\tBuchen Sie Ihre Besichtigungen!\t\t\t\t\t\t\t\t\t\t\t\t\t\t\t\t\t\t\t\t\t\t\t<\/a>\n\t\t\t\t\t\t\t\t\t\t<\/div>\n\t\t\t\t\t\t\t\t\t\t\t\t\t\t\t\t\t<\/div>\n\t\t\t\t\t\t\t<\/div>\n\t\t\t\t\t\t\t\t\t\t\t<\/div>\n\t\t\t\t<\/section>\n\t\t\t\t    \n\n\n<h2 class=\"wp-block-heading has-text-align-center\">Was kann man in Cogolin unternehmen?<\/h2>\n\n\n\n<div style=\"height:35px\" aria-hidden=\"true\" class=\"wp-block-spacer\"><\/div>\n\n\n\n<div class=\"wp-block-columns is-layout-flex wp-container-core-columns-is-layout-9d6595d7 wp-block-columns-is-layout-flex\">\n<div class=\"wp-block-column is-layout-flow wp-block-column-is-layout-flow\" style=\"flex-basis:100%\">\n<figure class=\"wp-block-gallery has-nested-images columns-default is-cropped wp-block-gallery-2 is-layout-flex wp-block-gallery-is-layout-flex\">\n<figure class=\"wp-block-image size-large is-style-rounded\"><img decoding=\"async\" data-id=\"163907\" src=\"https:\/\/www.golfe-sainttropez-tourisme.fr\/wp-content\/uploads\/2025\/09\/Rando-guidee-cogolin-mai-2022-\u00a9Helene-Soudry-8-683x1024.jpg\" alt=\"\" class=\"wp-image-163907\"\/><figcaption class=\"wp-element-caption\"><strong><a href=\"https:\/\/www.golfe-sainttropez-tourisme.fr\/de\/freizeitaktivitaten\/freizeitaktivitaten\/wanderungen\/?utf8=%E2%9C%93&amp;f=1&amp;commune=cogolin&amp;prestation_client=\">WANDERUNGEN<\/a><\/strong><\/figcaption><\/figure>\n\n\n\n<figure class=\"wp-block-image size-large is-style-rounded\"><img decoding=\"async\" data-id=\"163905\" src=\"https:\/\/www.golfe-sainttropez-tourisme.fr\/wp-content\/uploads\/2025\/09\/Deuch-moiselle-647x1024.jpg\" alt=\"\" class=\"wp-image-163905\"\/><figcaption class=\"wp-element-caption\"><strong><a href=\"https:\/\/www.amusezvous.net\/fr\/cogolin\">AKTIVIT\u00c4TEN<\/a><\/strong><\/figcaption><\/figure>\n\n\n\n<figure class=\"wp-block-image size-large is-style-rounded\"><img decoding=\"async\" data-id=\"163909\" src=\"https:\/\/www.golfe-sainttropez-tourisme.fr\/wp-content\/uploads\/2025\/09\/Chateau-saint-maur-10-1-665x1024.jpg\" alt=\"\" class=\"wp-image-163909\"\/><figcaption class=\"wp-element-caption\"><strong><a href=\"https:\/\/www.golfe-sainttropez-tourisme.fr\/de\/freizeitaktivitaten\/weintourismus\/anbaugebiete-und-weinkeller\/?utf8=%E2%9C%93&amp;f=1&amp;commune=cogolin\">WEING\u00dcTER<\/a><\/strong><\/figcaption><\/figure>\n<\/figure>\n<\/div>\n<\/div>\n\n\n\n<h2 class=\"wp-block-heading has-text-align-center\">3 perfekte Orte f\u00fcr Ihre sch\u00f6nsten Fotos!<\/h2>\n\n\n\n<div style=\"height:35px\" aria-hidden=\"true\" class=\"wp-block-spacer\"><\/div>\n\n\n\n<p class=\"has-text-align-center\"><em>Hier sind drei Orte, die jeden Moment zu etwas Besonderem machen: die Rue Nationale mit ihrem atemberaubenden Blick auf die Maures, die charmante Rue du Piquet, die im Fr\u00fchling voller Blumen und Farben ist, und schlie\u00dflich der magische Sonnenuntergang hinter den H\u00fcgeln, mit den F\u00fc\u00dfen im Sand. Drei Stimmungen, drei Kulissen und ebenso viele Gelegenheiten, unvergessliche Fotos mit nach Hause zu nehmen.<\/em><\/p>\n\n\n\n<div class=\"wp-block-columns is-layout-flex wp-container-core-columns-is-layout-9d6595d7 wp-block-columns-is-layout-flex\">\n<div class=\"wp-block-column is-layout-flow wp-block-column-is-layout-flow\" style=\"flex-basis:100%\">\n<figure class=\"wp-block-gallery has-nested-images columns-default is-cropped wp-block-gallery-3 is-layout-flex wp-block-gallery-is-layout-flex\">\n<figure class=\"wp-block-image size-large\"><img decoding=\"async\" data-id=\"163556\" src=\"https:\/\/www.golfe-sainttropez-tourisme.fr\/wp-content\/uploads\/2025\/09\/cogolin-\u00a9dolcemicka-13-scaled-e1756982336975-672x1024.jpeg\" alt=\"\" class=\"wp-image-163556\"\/><figcaption class=\"wp-element-caption\"><em>Die Rue Nationale mit Blick auf die Maures<\/em><\/figcaption><\/figure>\n\n\n\n<figure class=\"wp-block-image size-large\"><img decoding=\"async\" data-id=\"163941\" src=\"https:\/\/www.golfe-sainttropez-tourisme.fr\/wp-content\/uploads\/2025\/09\/Cogolin-vieux-village-juin-2023-\u00a9-Julien-Fordy-5-576x1024.jpg\" alt=\"\" class=\"wp-image-163941\"\/><figcaption class=\"wp-element-caption\"><em>Die blumenreiche Rue du Piquet<\/em><\/figcaption><\/figure>\n\n\n\n<figure class=\"wp-block-image size-large\"><img decoding=\"async\" data-id=\"163942\" src=\"https:\/\/www.golfe-sainttropez-tourisme.fr\/wp-content\/uploads\/2025\/09\/Cogolin-plage-des-marines-2-768x1024.jpeg\" alt=\"\" class=\"wp-image-163942\"\/><figcaption class=\"wp-element-caption\"><em>Sonnenuntergang am Strand von Marines<\/em><\/figcaption><\/figure>\n<\/figure>\n<\/div>\n<\/div>\n\n\n\n<h2 class=\"wp-block-heading has-text-align-center\">Praktische Informationen<\/h2>\n\n\n\n<div style=\"height:35px\" aria-hidden=\"true\" class=\"wp-block-spacer\"><\/div>\n\n\n\n<div class=\"wp-block-columns is-layout-flex wp-container-core-columns-is-layout-9d6595d7 wp-block-columns-is-layout-flex\">\n<div class=\"wp-block-column is-layout-flow wp-block-column-is-layout-flow\" style=\"flex-basis:100%\">\n<figure class=\"wp-block-gallery has-nested-images columns-5 is-cropped wp-block-gallery-4 is-layout-flex wp-block-gallery-is-layout-flex\">\n<figure class=\"wp-block-image size-large is-style-rounded\"><img loading=\"lazy\" decoding=\"async\" width=\"300\" height=\"300\" data-id=\"152407\" src=\"https:\/\/www.golfe-sainttropez-tourisme.fr\/de\/wp-content\/uploads\/sites\/6\/2025\/10\/Design-sans-titre3.png\" alt=\"\" class=\"wp-image-152407\" srcset=\"https:\/\/www.golfe-sainttropez-tourisme.fr\/de\/wp-content\/uploads\/sites\/6\/2025\/10\/Design-sans-titre3.png 300w, https:\/\/www.golfe-sainttropez-tourisme.fr\/de\/wp-content\/uploads\/sites\/6\/2025\/10\/Design-sans-titre3-150x150.png 150w\" sizes=\"auto, (max-width: 300px) 100vw, 300px\" \/><figcaption class=\"wp-element-caption\"><strong><a href=\"https:\/\/www.golfe-sainttropez-tourisme.fr\/de\/aufenthalt\/ubernachten\/?utf8=%E2%9C%93&amp;f=1&amp;commune=cogolin&amp;type=&amp;tarifs=\">UNTERK\u00dcNFTE<\/a><\/strong><\/figcaption><\/figure>\n\n\n\n<figure class=\"wp-block-image size-large is-style-rounded\"><img loading=\"lazy\" decoding=\"async\" width=\"300\" height=\"300\" data-id=\"152408\" src=\"https:\/\/www.golfe-sainttropez-tourisme.fr\/de\/wp-content\/uploads\/sites\/6\/2025\/10\/Design-sans-titre2.png\" alt=\"\" class=\"wp-image-152408\" srcset=\"https:\/\/www.golfe-sainttropez-tourisme.fr\/de\/wp-content\/uploads\/sites\/6\/2025\/10\/Design-sans-titre2.png 300w, https:\/\/www.golfe-sainttropez-tourisme.fr\/de\/wp-content\/uploads\/sites\/6\/2025\/10\/Design-sans-titre2-150x150.png 150w\" sizes=\"auto, (max-width: 300px) 100vw, 300px\" \/><figcaption class=\"wp-element-caption\"><strong><a href=\"https:\/\/www.golfe-sainttropez-tourisme.fr\/de\/aufenthalt\/essen-und-trinken-wo-kann-man-ausgehen\/?utf8=%E2%9C%93&amp;f=1&amp;commune=cogolin&amp;commerces_types_details=&amp;restaurant_specialite=&amp;tarifs=\">RESTAURANTS<\/a><\/strong><\/figcaption><\/figure>\n\n\n\n<figure class=\"wp-block-image size-large is-style-rounded\"><img decoding=\"async\" data-id=\"163934\" src=\"https:\/\/www.golfe-sainttropez-tourisme.fr\/wp-content\/uploads\/2025\/09\/3.png\" alt=\"\" class=\"wp-image-163934\"\/><figcaption class=\"wp-element-caption\"><strong><a href=\"https:\/\/www.golfe-sainttropez-tourisme.fr\/de\/fiche-apidae\/bureau-dinformation-touristique-de-cogolin\/\">TOURISMUSB\u00dcRO<\/a><\/strong><\/figcaption><\/figure>\n\n\n\n<figure class=\"wp-block-image size-large is-style-rounded\"><img decoding=\"async\" data-id=\"163933\" src=\"https:\/\/www.golfe-sainttropez-tourisme.fr\/wp-content\/uploads\/2025\/09\/1.png\" alt=\"\" class=\"wp-image-163933\"\/><figcaption class=\"wp-element-caption\"><strong><a href=\"https:\/\/www.golfe-sainttropez-tourisme.fr\/de\/aufenthalt\/praktische-informationen\/anfahrt-und-mobilitat\/\">KOMMEN<\/a><\/strong><\/figcaption><\/figure>\n\n\n\n<figure class=\"wp-block-image size-full is-style-rounded\"><img loading=\"lazy\" decoding=\"async\" width=\"600\" height=\"600\" data-id=\"152492\" src=\"https:\/\/www.golfe-sainttropez-tourisme.fr\/de\/wp-content\/uploads\/sites\/6\/2025\/11\/Parking.gif\" alt=\"\" class=\"wp-image-152492\"\/><figcaption class=\"wp-element-caption\"><strong><a href=\"https:\/\/www.golfe-sainttropez-tourisme.fr\/de\/aufenthalt\/praktische-informationen\/parken\/?utf8=%E2%9C%93&amp;f=1&amp;commune=cogolin\">PARKM\u00d6GLICHKEITEN<\/a><\/strong><\/figcaption><\/figure>\n<\/figure>\n<\/div>\n<\/div>\n\n\n\n<p class=\"has-text-align-center\"><\/p>\n\n\n\n<p><\/p>\n","protected":false},"excerpt":{"rendered":"<p>Die Seele baumeln lassen und dabei die Meeresluft in tiefen Z\u00fcgen einatmen     Cogolin liegt direkt am Fu\u00dfe des Massif des Maures und erstreckt sich bis zum Meer. Dort befindet sich einer der gr\u00f6\u00dften H\u00e4fen an der C\u00f4te d\u2019Azur mit dem Jachthafen Les Marines de Cogolin und Port Cogolin.     Die Legende von Cogolin         Alles begann im Jahr 68 n. Chr. in Pisa. Torp\u00e8s, der Verwalter des Palastes von Kaiser Nero, wurde enthauptet, weil er sich weigerte, seinem christlichen Glauben abzuschw\u00f6ren. Sein Leichnam wurde zusammen mit einem Hahn und einem Hund in ein Boot gelegt. Das Boot trieb mit der ligurischen Str\u00f6mung und strandete an der K\u00fcste des heutigen Saint-Tropez (dessen Name von Torp\u00e8s stammt). Der Hund verlie\u00df das Boot und machte sich auf den Weg nach Grimaud. Der Hahn fand Zuflucht auf dem Land am Ende des Golfs, mitten in einem Flachsacker, auf dem sp\u00e4ter ein Dorf gebaut worden sein soll. Aus dem \u201eCoq au lin\u201d (Hahn im Flachsacker) wurde Cogolin.     Die Must-sees          Was kann man in Cogolin unternehmen?           WANDERUNGEN    AKTIVIT\u00c4TEN    WEING\u00dcTER       3 perfekte Orte f\u00fcr Ihre sch\u00f6nsten Fotos!        Hier sind drei Orte, die jeden Moment zu etwas Besonderem machen: die Rue Nationale mit ihrem atemberaubenden Blick auf die Maures, die charmante Rue du Piquet, die im Fr\u00fchling voller Blumen und Farben ist, und schlie\u00dflich der magische Sonnenuntergang hinter den H\u00fcgeln, mit den F\u00fc\u00dfen im Sand. Drei Stimmungen, drei Kulissen und ebenso viele Gelegenheiten, unvergessliche Fotos mit nach Hause zu nehmen.       Die Rue Nationale mit Blick auf die Maures    Die blumenreiche Rue du Piquet    Sonnenuntergang am Strand von Marines       Praktische Informationen           UNTERK\u00dcNFTE    RESTAURANTS    TOURISMUSB\u00dcRO    KOMMEN    PARKM\u00d6GLICHKEITEN<\/p>\n","protected":false},"author":1,"featured_media":6092,"parent":26941,"menu_order":0,"comment_status":"closed","ping_status":"closed","template":"templates\/full-width.php","meta":{"_acf_changed":false,"inline_featured_image":false,"footnotes":""},"class_list":["post-26950","type-page","status-publish","has-post-thumbnail","hentry"],"acf":[],"_links":{"self":[{"href":"https:\/\/www.golfe-sainttropez-tourisme.fr\/de\/wp-json\/wp\/v2\/pages\/26950","targetHints":{"allow":["GET"]}}],"collection":[{"href":"https:\/\/www.golfe-sainttropez-tourisme.fr\/de\/wp-json\/wp\/v2\/pages"}],"about":[{"href":"https:\/\/www.golfe-sainttropez-tourisme.fr\/de\/wp-json\/wp\/v2\/types\/page"}],"author":[{"embeddable":true,"href":"https:\/\/www.golfe-sainttropez-tourisme.fr\/de\/wp-json\/wp\/v2\/users\/1"}],"replies":[{"embeddable":true,"href":"https:\/\/www.golfe-sainttropez-tourisme.fr\/de\/wp-json\/wp\/v2\/comments?post=26950"}],"version-history":[{"count":13,"href":"https:\/\/www.golfe-sainttropez-tourisme.fr\/de\/wp-json\/wp\/v2\/pages\/26950\/revisions"}],"predecessor-version":[{"id":152493,"href":"https:\/\/www.golfe-sainttropez-tourisme.fr\/de\/wp-json\/wp\/v2\/pages\/26950\/revisions\/152493"}],"up":[{"embeddable":true,"href":"https:\/\/www.golfe-sainttropez-tourisme.fr\/de\/wp-json\/wp\/v2\/pages\/26941"}],"wp:featuredmedia":[{"embeddable":true,"href":"https:\/\/www.golfe-sainttropez-tourisme.fr\/de\/wp-json\/wp\/v2\/media\/6092"}],"wp:attachment":[{"href":"https:\/\/www.golfe-sainttropez-tourisme.fr\/de\/wp-json\/wp\/v2\/media?parent=26950"}],"curies":[{"name":"wp","href":"https:\/\/api.w.org\/{rel}","templated":true}]}}