{"id":26961,"date":"2023-05-12T10:21:48","date_gmt":"2023-05-12T08:21:48","guid":{"rendered":"https:\/\/www.golfe-sainttropez-tourisme.fr\/de\/?page_id=26961"},"modified":"2026-01-08T14:09:17","modified_gmt":"2026-01-08T13:09:17","slug":"la-mole","status":"publish","type":"page","link":"https:\/\/www.golfe-sainttropez-tourisme.fr\/de\/entdecken\/unser-gebiet\/la-mole\/","title":{"rendered":"La Mole"},"content":{"rendered":"\n<h2 class=\"wp-block-heading has-text-align-center\">Die gr\u00fcne Lunge des Golfe<\/h2>\n\n\n\n<p class=\"has-text-align-center\"><em>Umgeben von gr\u00fcnen H\u00fcgeln hat sich La Mole die beneidenswerte Ruhe eines provenzalischen Dorfes bewahrt.<\/em><\/p>\n\n\n\n<div class=\"wp-block-columns is-layout-flex wp-container-core-columns-is-layout-9d6595d7 wp-block-columns-is-layout-flex\">\n<div class=\"wp-block-column is-layout-flow wp-block-column-is-layout-flow\" style=\"flex-basis:100%\">\n<figure class=\"wp-block-gallery aligncenter has-nested-images columns-default is-cropped wp-block-gallery-2 is-layout-flex wp-block-gallery-is-layout-flex\">\n<figure class=\"wp-block-image\"><img loading=\"lazy\" decoding=\"async\" width=\"2560\" height=\"1883\" data-id=\"6138\" src=\"https:\/\/www.golfe-sainttropez-tourisme.fr\/de\/wp-content\/uploads\/sites\/6\/2022\/08\/LaMole_histoire_chateau2-scaled.jpg\" alt=\"\" class=\"wp-image-6138\"\/><\/figure>\n\n\n\n<figure class=\"wp-block-image\"><img loading=\"lazy\" decoding=\"async\" width=\"2560\" height=\"1795\" data-id=\"8155\" src=\"https:\/\/www.golfe-sainttropez-tourisme.fr\/de\/wp-content\/uploads\/sites\/6\/2022\/08\/LaMole-scaled.jpg\" alt=\"\" class=\"wp-image-8155\" srcset=\"https:\/\/www.golfe-sainttropez-tourisme.fr\/de\/wp-content\/uploads\/sites\/6\/2022\/08\/LaMole-scaled.jpg 2560w, https:\/\/www.golfe-sainttropez-tourisme.fr\/de\/wp-content\/uploads\/sites\/6\/2022\/08\/LaMole-300x210.jpg 300w, https:\/\/www.golfe-sainttropez-tourisme.fr\/de\/wp-content\/uploads\/sites\/6\/2022\/08\/LaMole-1024x718.jpg 1024w, https:\/\/www.golfe-sainttropez-tourisme.fr\/de\/wp-content\/uploads\/sites\/6\/2022\/08\/LaMole-768x539.jpg 768w, https:\/\/www.golfe-sainttropez-tourisme.fr\/de\/wp-content\/uploads\/sites\/6\/2022\/08\/LaMole-1536x1077.jpg 1536w, https:\/\/www.golfe-sainttropez-tourisme.fr\/de\/wp-content\/uploads\/sites\/6\/2022\/08\/LaMole-2048x1436.jpg 2048w, https:\/\/www.golfe-sainttropez-tourisme.fr\/de\/wp-content\/uploads\/sites\/6\/2022\/08\/LaMole-150x105.jpg 150w, https:\/\/www.golfe-sainttropez-tourisme.fr\/de\/wp-content\/uploads\/sites\/6\/2022\/08\/LaMole-898x630.jpg 898w\" sizes=\"auto, (max-width: 2560px) 100vw, 2560px\" \/><\/figure>\n\n\n\n<figure class=\"wp-block-image\"><img loading=\"lazy\" decoding=\"async\" width=\"2560\" height=\"1707\" data-id=\"6139\" src=\"https:\/\/www.golfe-sainttropez-tourisme.fr\/de\/wp-content\/uploads\/sites\/6\/2022\/08\/LaMole_histoire-scaled.jpg\" alt=\"\" class=\"wp-image-6139\" srcset=\"https:\/\/www.golfe-sainttropez-tourisme.fr\/de\/wp-content\/uploads\/sites\/6\/2022\/08\/LaMole_histoire-scaled.jpg 2560w, https:\/\/www.golfe-sainttropez-tourisme.fr\/de\/wp-content\/uploads\/sites\/6\/2022\/08\/LaMole_histoire-300x200.jpg 300w, https:\/\/www.golfe-sainttropez-tourisme.fr\/de\/wp-content\/uploads\/sites\/6\/2022\/08\/LaMole_histoire-1024x683.jpg 1024w, https:\/\/www.golfe-sainttropez-tourisme.fr\/de\/wp-content\/uploads\/sites\/6\/2022\/08\/LaMole_histoire-768x512.jpg 768w, https:\/\/www.golfe-sainttropez-tourisme.fr\/de\/wp-content\/uploads\/sites\/6\/2022\/08\/LaMole_histoire-1536x1024.jpg 1536w, https:\/\/www.golfe-sainttropez-tourisme.fr\/de\/wp-content\/uploads\/sites\/6\/2022\/08\/LaMole_histoire-2048x1365.jpg 2048w, https:\/\/www.golfe-sainttropez-tourisme.fr\/de\/wp-content\/uploads\/sites\/6\/2022\/08\/LaMole_histoire-150x100.jpg 150w, https:\/\/www.golfe-sainttropez-tourisme.fr\/de\/wp-content\/uploads\/sites\/6\/2022\/08\/LaMole_histoire-945x630.jpg 945w\" sizes=\"auto, (max-width: 2560px) 100vw, 2560px\" \/><\/figure>\n<\/figure>\n<\/div>\n<\/div>\n\n\n\n<p class=\"has-text-align-center\">Durch diese au\u00dfergew\u00f6hnlich gr\u00fcne Umgebung im Herzen des Massif des Maures bietet La Mole den perfekten Ausgangspunkt f\u00fcr lange Wanderungen durch atemberaubende Landschaften mit unvergesslichen Panoramablicken, W\u00e4ldern am Flussufer und Wiesen, deren Flora und Fauna je nach Jahreszeit variieren. <\/p>\n\n\n\n<p class=\"has-text-align-center\">Die Natur, die Landwirtschaft und die Authentizit\u00e4t sind die wertvollen Eigenschaften des Dorfes, die zur Freude der Einheimischen und der Besucher bewahrt werden m\u00fcssen.<\/p>\n\n\n\n<h2 class=\"wp-block-heading has-text-align-center\">Unbedingt sehenswerte Wanderungen<\/h2>\n\n\n\n<div style=\"height:35px\" aria-hidden=\"true\" class=\"wp-block-spacer\"><\/div>\n\n\n\n<div class=\"wp-block-columns is-layout-flex wp-container-core-columns-is-layout-9d6595d7 wp-block-columns-is-layout-flex\">\n<div class=\"wp-block-column is-layout-flow wp-block-column-is-layout-flow\" style=\"flex-basis:100%\">\n<figure class=\"wp-block-gallery has-nested-images columns-default is-cropped wp-block-gallery-3 is-layout-flex wp-block-gallery-is-layout-flex\">\n<figure class=\"wp-block-image size-large is-style-rounded\"><img decoding=\"async\" data-id=\"164507\" src=\"https:\/\/www.golfe-sainttropez-tourisme.fr\/wp-content\/uploads\/2025\/10\/la-mole-automne-soliver-2023-\u00a9-Golfe-de-Saint-Tropez-06-768x1024.jpg\" alt=\"\" class=\"wp-image-164507\"\/><figcaption class=\"wp-element-caption\"><strong><a href=\"https:\/\/www.golfe-sainttropez-tourisme.fr\/de\/fiche-apidae\/chapelle-sainte-magdeleine\/\">KAPELLE SAINTE MAGDELEINE<\/a><\/strong><\/figcaption><\/figure>\n\n\n\n<figure class=\"wp-block-image size-large is-style-rounded\"><img decoding=\"async\" data-id=\"164506\" src=\"https:\/\/www.golfe-sainttropez-tourisme.fr\/wp-content\/uploads\/2025\/10\/La-mole-barrage-de-la-verne-fevrier-2025-\u0090\u0090\u00a9l.dabas-10-576x1024.jpg\" alt=\"\" class=\"wp-image-164506\"\/><figcaption class=\"wp-element-caption\"><strong><a href=\"https:\/\/www.golfe-sainttropez-tourisme.fr\/de\/fiche-apidae\/barrage-de-la-verne-a-la-mole\/\">LA VERNE DAM<\/a><\/strong><\/figcaption><\/figure>\n\n\n\n<figure class=\"wp-block-image size-large is-style-rounded\"><img decoding=\"async\" data-id=\"164508\" src=\"https:\/\/www.golfe-sainttropez-tourisme.fr\/wp-content\/uploads\/2025\/10\/la-mole-vue-aerienne-collobrieres-chartreuse-\u00a9-pitch-paramoteur-droits-reserves-2-27-1024x625.jpg\" alt=\"\" class=\"wp-image-164508\"\/><figcaption class=\"wp-element-caption\"><strong><a href=\"https:\/\/www.golfe-sainttropez-tourisme.fr\/de\/fiche-apidae\/sentier-de-la-chartreuse-de-la-verne-par-le-barrage-de-la-mole\/\">LA VERNE CHARTREUSE<\/a><\/strong><\/figcaption><\/figure>\n<\/figure>\n<\/div>\n<\/div>\n\n\n\n<h2 class=\"wp-block-heading has-text-align-center\">Nicht zu verpassen<\/h2>\n\n\n\n<div style=\"height:35px\" aria-hidden=\"true\" class=\"wp-block-spacer\"><\/div>\n\n\n\t\t\t\t\t\t\t<section class=\"block-text-on-image\">\n\t\t\t\t\t<div class=\"row row-flex\">\n\t\t\t\t\t\t\t\t\t\t\t\t\t<div class=\"col-xs-12 col-md-6\">\n\t\t\t\t\t\t\t\t<div class=\"block\">\n\t\t\t\t\t\t\t\t\t\t\t\t\t\t\t\t\t\t\t<figure class=\"block-image\" style=\"background-image: url(https:\/\/www.golfe-sainttropez-tourisme.fr\/de\/wp-content\/uploads\/sites\/6\/2025\/11\/la-mole-automne-soliver-2023-\u00a9-Golfe-de-Saint-Tropez-22-840x630.jpg);\">\n\t\t\t\t\t\t\t\t\t\t\t<img decoding=\"async\" src=\"https:\/\/www.golfe-sainttropez-tourisme.fr\/de\/wp-content\/uploads\/sites\/6\/2025\/11\/la-mole-automne-soliver-2023-\u00a9-Golfe-de-Saint-Tropez-22-840x630.jpg\" alt=\"\" \/>\n\t\t\t\t\t\t\t\t\t\t<\/figure>\n\t\t\t\t\t\t\t\t\t\t\t\t\t\t\t\t\t\t<div class=\"block-body\">\n\t\t\t\t\t\t\t\t\t\t\t\t\t\t\t\t\t\t\t\t\t<h3 class=\"block-title\">Kirche Sainte Magdeleine<\/h3>\n\t\t\t\t\t\t\t\t\t\t\t\t\t\t\t\t\t\t\t\t\t\t\t\t\t\t\t\t\t\t\t<p class=\"block-text\">Die Kirche La Mole ist mit ihrer orangefarbenen Fassade, die das Herz des Dorfes unter der provenzalischen Sonne erstrahlen l\u00e4sst, nicht zu \u00fcbersehen. Ihr schlichter, einladender Charme macht sie zu einem echten Wahrzeichen f\u00fcr jeden, der durch dieses kleine Dorf kommt.<br \/>\r\nAn ihrer Fassade f\u00e4llt ein in Stein gemei\u00dfeltes Motto ins Auge und regt zum Nachdenken an:<br \/>\r\n\u201eDenke daran zu leben\u201d.<\/p>\n\t\t\t\t\t\t\t\t\t\t\t\t\t\t\t\t\t\t\t<\/div>\n\t\t\t\t\t\t\t\t\t\t\t\t\t\t\t\t\t\t\t<div class=\"block-more\">\n\t\t\t\t\t\t\t\t\t\t\t<a class=\"btn btn-primary\" href=\"https:\/\/www.golfe-sainttropez-tourisme.fr\/de\/fiche-apidae\/eglise-sainte-magdeleine\/\" target=\"_self\">\n\t\t\t\t\t\t\t\t\t\t\t\t\t\t\t\t\t\t\t\t\t\t\t\t\tErfahren Sie mehr!\t\t\t\t\t\t\t\t\t\t\t\t\t\t\t\t\t\t\t\t\t\t\t<\/a>\n\t\t\t\t\t\t\t\t\t\t<\/div>\n\t\t\t\t\t\t\t\t\t\t\t\t\t\t\t\t\t<\/div>\n\t\t\t\t\t\t\t<\/div>\n\t\t\t\t\t\t\t\t\t\t\t\t\t<div class=\"col-xs-12 col-md-6\">\n\t\t\t\t\t\t\t\t<div class=\"block\">\n\t\t\t\t\t\t\t\t\t\t\t\t\t\t\t\t\t\t\t<figure class=\"block-image\" style=\"background-image: url(https:\/\/www.golfe-sainttropez-tourisme.fr\/de\/wp-content\/uploads\/sites\/6\/2025\/11\/la-mole-automne-soliver-2023-\u00a9-Golfe-de-Saint-Tropez-27-840x630.jpg);\">\n\t\t\t\t\t\t\t\t\t\t\t<img decoding=\"async\" src=\"https:\/\/www.golfe-sainttropez-tourisme.fr\/de\/wp-content\/uploads\/sites\/6\/2025\/11\/la-mole-automne-soliver-2023-\u00a9-Golfe-de-Saint-Tropez-27-840x630.jpg\" alt=\"\" \/>\n\t\t\t\t\t\t\t\t\t\t<\/figure>\n\t\t\t\t\t\t\t\t\t\t\t\t\t\t\t\t\t\t<div class=\"block-body\">\n\t\t\t\t\t\t\t\t\t\t\t\t\t\t\t\t\t\t\t\t\t<h3 class=\"block-title\">Das Naturschutzgebiet<\/h3>\n\t\t\t\t\t\t\t\t\t\t\t\t\t\t\t\t\t\t\t\t\t\t\t\t\t\t\t\t\t\t\t<p class=\"block-text\">Das Naturschutzgebiet Mole ist eine wahre Oase der Ruhe f\u00fcr Jung und Alt. Eingebettet in eine gr\u00fcne Umgebung bietet es einen idealen Ort zum Entspannen, Spazierengehen oder f\u00fcr Outdoor-Aktivit\u00e4ten.<\/p>\n\t\t\t\t\t\t\t\t\t\t\t\t\t\t\t\t\t\t\t<\/div>\n\t\t\t\t\t\t\t\t\t\t\t\t\t\t\t\t\t\t\t<div class=\"block-more\">\n\t\t\t\t\t\t\t\t\t\t\t<a class=\"btn btn-primary\" href=\"https:\/\/www.golfe-sainttropez-tourisme.fr\/de\/fiche-apidae\/base-nature\/\" target=\"_self\">\n\t\t\t\t\t\t\t\t\t\t\t\t\t\t\t\t\t\t\t\t\t\t\t\t\tEntdecken Sie es hier!\t\t\t\t\t\t\t\t\t\t\t\t\t\t\t\t\t\t\t\t\t\t\t<\/a>\n\t\t\t\t\t\t\t\t\t\t<\/div>\n\t\t\t\t\t\t\t\t\t\t\t\t\t\t\t\t\t<\/div>\n\t\t\t\t\t\t\t<\/div>\n\t\t\t\t\t\t\t\t\t\t\t<\/div>\n\t\t\t\t<\/section>\n\t\t\t\t    \n\n\n<h2 class=\"wp-block-heading has-text-align-center\">Panorama<\/h2>\n\n\n\n<div style=\"height:35px\" aria-hidden=\"true\" class=\"wp-block-spacer\"><\/div>\n\n\n\t\t\t\t\t\t\t<section class=\"block-text-next-to-image\">\n\t\t\t\t\t\t\t\t\t\t\t<div class=\"block\">\n\t\t\t\t\t\t\t\t\t\t\t\t\t\t\t<figure class=\"block-image\" style=\"background-image: url(https:\/\/www.golfe-sainttropez-tourisme.fr\/de\/wp-content\/uploads\/sites\/6\/2025\/11\/La-Mole-randonnee-2022-\u00a9S.Castor-4-1173x630.jpg);\">\n\t\t\t\t\t\t\t\t\t<img decoding=\"async\" src=\"https:\/\/www.golfe-sainttropez-tourisme.fr\/de\/wp-content\/uploads\/sites\/6\/2025\/11\/La-Mole-randonnee-2022-\u00a9S.Castor-4-1173x630.jpg\" alt=\"\" \/>\n\t\t\t\t\t\t\t\t\t<figcaption><\/figcaption>\n\t\t\t\t\t\t\t\t<\/figure>\n\t\t\t\t\t\t\t\t\t\t\t\t\t\t<div class=\"block-body\">\n\t\t\t\t\t\t\t\t\t\t\t\t\t\t\t\t\t\t\t\t\t\t\t\t\t<p class=\"block-text\">Von der Kapelle Sainte Magdeleine aus steigen Sie weitere 30 m bis zu den Felsen hinauf, wo Sie mit einem spektakul\u00e4ren Blick auf La Mole und den Golf von Saint-Tropez belohnt werden \u2013 ein atemberaubendes Panorama!<\/p>\n\t\t\t\t\t\t\t\t\t\t\t\t\t\t\t\t\t\t\t\t\t\t\t<\/div>\n\t\t\t\t\t\t<\/div>\n\t\t\t\t\t\t\t\t\t<\/section>\n\t\t\t\t    \n\n\n<h2 class=\"wp-block-heading has-text-align-center\">Praktische Informationen<\/h2>\n\n\n\n<div style=\"height:35px\" aria-hidden=\"true\" class=\"wp-block-spacer\"><\/div>\n\n\n\n<div class=\"wp-block-columns is-layout-flex wp-container-core-columns-is-layout-9d6595d7 wp-block-columns-is-layout-flex\">\n<div class=\"wp-block-column is-layout-flow wp-block-column-is-layout-flow\" style=\"flex-basis:100%\">\n<figure class=\"wp-block-gallery has-nested-images columns-5 is-cropped wp-block-gallery-4 is-layout-flex wp-block-gallery-is-layout-flex\">\n<figure class=\"wp-block-image size-large is-style-rounded\"><img decoding=\"async\" data-id=\"163667\" src=\"https:\/\/www.golfe-sainttropez-tourisme.fr\/en\/wp-content\/uploads\/sites\/4\/2025\/10\/Design-sans-titre3-1.png\" alt=\"\" class=\"wp-image-163667\"\/><figcaption class=\"wp-element-caption\"><strong><a href=\"https:\/\/www.golfe-sainttropez-tourisme.fr\/de\/aufenthalt\/ubernachten\/?utf8=%E2%9C%93&amp;f=1&amp;commune=la-mole&amp;type=&amp;tarifs=\">UNTERK\u00dcNFTE<\/a><\/strong><\/figcaption><\/figure>\n\n\n\n<figure class=\"wp-block-image size-large is-style-rounded\"><img decoding=\"async\" data-id=\"163665\" src=\"https:\/\/www.golfe-sainttropez-tourisme.fr\/en\/wp-content\/uploads\/sites\/4\/2025\/10\/Design-sans-titre2.png\" alt=\"\" class=\"wp-image-163665\"\/><figcaption class=\"wp-element-caption\"><strong><a href=\"https:\/\/www.golfe-sainttropez-tourisme.fr\/de\/aufenthalt\/essen-und-trinken-wo-kann-man-ausgehen\/?utf8=%E2%9C%93&amp;f=1&amp;commune=la-mole&amp;commerces_types_details=&amp;restaurant_specialite=&amp;tarifs=\">RESTAURANTS<\/a><\/strong><\/figcaption><\/figure>\n\n\n\n<figure class=\"wp-block-image size-full is-style-rounded\"><img decoding=\"async\" data-id=\"164196\" src=\"https:\/\/www.golfe-sainttropez-tourisme.fr\/en\/wp-content\/uploads\/sites\/4\/2025\/11\/OT-la-mole.png\" alt=\"\" class=\"wp-image-164196\"\/><figcaption class=\"wp-element-caption\"><strong><a href=\"https:\/\/www.golfe-sainttropez-tourisme.fr\/de\/fiche-apidae\/bureau-dinformation-touristique-de-la-mole\/\"><\/a><strong><a href=\"https:\/\/www.golfe-sainttropez-tourisme.fr\/de\/fiche-apidae\/bureau-dinformation-touristique-de-la-mole\/\">TOURISMUSB\u00dcRO<\/a><\/strong><\/strong><\/figcaption><\/figure>\n\n\n\n<figure class=\"wp-block-image size-large is-style-rounded\"><img decoding=\"async\" data-id=\"163933\" src=\"https:\/\/www.golfe-sainttropez-tourisme.fr\/wp-content\/uploads\/2025\/09\/1.png\" alt=\"\" class=\"wp-image-163933\"\/><figcaption class=\"wp-element-caption\"><strong><strong><a href=\"https:\/\/www.golfe-sainttropez-tourisme.fr\/de\/aufenthalt\/praktische-informationen\/anfahrt-und-mobilitat\/?utf8=%E2%9C%93&amp;f=1&amp;commune=la-mole\">KOMMEN<\/a><\/strong><\/strong><\/figcaption><\/figure>\n\n\n\n<figure class=\"wp-block-image size-full is-style-rounded\"><img decoding=\"async\" data-id=\"163771\" src=\"https:\/\/www.golfe-sainttropez-tourisme.fr\/en\/wp-content\/uploads\/sites\/4\/2025\/11\/Parking.gif\" alt=\"\" class=\"wp-image-163771\"\/><figcaption class=\"wp-element-caption\"><strong><strong><strong><a href=\"https:\/\/www.golfe-sainttropez-tourisme.fr\/de\/aufenthalt\/praktische-informationen\/parken\/?utf8=%E2%9C%93&amp;f=1&amp;commune=la-mole\">PARKM\u00d6GLICHKEITEN<\/a><\/strong><\/strong><\/strong><\/figcaption><\/figure>\n<\/figure>\n<\/div>\n<\/div>\n\n\n\n<p class=\"has-text-align-center\"><\/p>\n","protected":false},"excerpt":{"rendered":"<p>Die gr\u00fcne Lunge des Golfe    Umgeben von gr\u00fcnen H\u00fcgeln hat sich La Mole die beneidenswerte Ruhe eines provenzalischen Dorfes bewahrt.                      Durch diese au\u00dfergew\u00f6hnlich gr\u00fcne Umgebung im Herzen des Massif des Maures bietet La Mole den perfekten Ausgangspunkt f\u00fcr lange Wanderungen durch atemberaubende Landschaften mit unvergesslichen Panoramablicken, W\u00e4ldern am Flussufer und Wiesen, deren Flora und Fauna je nach Jahreszeit variieren.     Die Natur, die Landwirtschaft und die Authentizit\u00e4t sind die wertvollen Eigenschaften des Dorfes, die zur Freude der Einheimischen und der Besucher bewahrt werden m\u00fcssen.    Unbedingt sehenswerte Wanderungen           KAPELLE SAINTE MAGDELEINE    LA VERNE DAM    LA VERNE CHARTREUSE       Nicht zu verpassen          Panorama          Praktische Informationen           UNTERK\u00dcNFTE    RESTAURANTS    TOURISMUSB\u00dcRO    KOMMEN    PARKM\u00d6GLICHKEITEN<\/p>\n","protected":false},"author":31,"featured_media":7967,"parent":26941,"menu_order":0,"comment_status":"closed","ping_status":"closed","template":"templates\/full-width.php","meta":{"_acf_changed":false,"inline_featured_image":false,"footnotes":""},"class_list":["post-26961","type-page","status-publish","has-post-thumbnail","hentry"],"acf":[],"_links":{"self":[{"href":"https:\/\/www.golfe-sainttropez-tourisme.fr\/de\/wp-json\/wp\/v2\/pages\/26961","targetHints":{"allow":["GET"]}}],"collection":[{"href":"https:\/\/www.golfe-sainttropez-tourisme.fr\/de\/wp-json\/wp\/v2\/pages"}],"about":[{"href":"https:\/\/www.golfe-sainttropez-tourisme.fr\/de\/wp-json\/wp\/v2\/types\/page"}],"author":[{"embeddable":true,"href":"https:\/\/www.golfe-sainttropez-tourisme.fr\/de\/wp-json\/wp\/v2\/users\/31"}],"replies":[{"embeddable":true,"href":"https:\/\/www.golfe-sainttropez-tourisme.fr\/de\/wp-json\/wp\/v2\/comments?post=26961"}],"version-history":[{"count":9,"href":"https:\/\/www.golfe-sainttropez-tourisme.fr\/de\/wp-json\/wp\/v2\/pages\/26961\/revisions"}],"predecessor-version":[{"id":153827,"href":"https:\/\/www.golfe-sainttropez-tourisme.fr\/de\/wp-json\/wp\/v2\/pages\/26961\/revisions\/153827"}],"up":[{"embeddable":true,"href":"https:\/\/www.golfe-sainttropez-tourisme.fr\/de\/wp-json\/wp\/v2\/pages\/26941"}],"wp:featuredmedia":[{"embeddable":true,"href":"https:\/\/www.golfe-sainttropez-tourisme.fr\/de\/wp-json\/wp\/v2\/media\/7967"}],"wp:attachment":[{"href":"https:\/\/www.golfe-sainttropez-tourisme.fr\/de\/wp-json\/wp\/v2\/media?parent=26961"}],"curies":[{"name":"wp","href":"https:\/\/api.w.org\/{rel}","templated":true}]}}