{"id":26966,"date":"2023-05-12T10:27:01","date_gmt":"2023-05-12T08:27:01","guid":{"rendered":"https:\/\/www.golfe-sainttropez-tourisme.fr\/de\/?page_id=26966"},"modified":"2026-01-08T14:31:27","modified_gmt":"2026-01-08T13:31:27","slug":"le-plan-de-la-tour","status":"publish","type":"page","link":"https:\/\/www.golfe-sainttropez-tourisme.fr\/de\/entdecken\/unser-gebiet\/le-plan-de-la-tour\/","title":{"rendered":"Plan de la Tour"},"content":{"rendered":"\n<h2 class=\"wp-block-heading has-text-align-center\">Das Leben genie\u00dfen<\/h2>\n\n\n\n<p class=\"has-text-align-center\"><em>Das charmante provenzalische Dorf Le Plan de la Tour ist von Weinbergen, Eichen- und Pinienw\u00e4ldern umgeben und liegt im Massif des Maures. Genie\u00dfen Sie den unaufdringlichen Charme des Dorfes, das im Herzen des Golfs von Saint Tropez liegt, nur einen Steinwurf vom lebendigen Treiben an der K\u00fcste entfernt.<\/em><\/p>\n\n\n\n<div class=\"wp-block-columns is-layout-flex wp-container-core-columns-is-layout-9d6595d7 wp-block-columns-is-layout-flex\">\n<div class=\"wp-block-column is-layout-flow wp-block-column-is-layout-flow\" style=\"flex-basis:100%\">\n<figure class=\"wp-block-gallery has-nested-images columns-3 is-cropped wp-block-gallery-2 is-layout-flex wp-block-gallery-is-layout-flex\">\n<figure class=\"wp-block-image size-large\"><img loading=\"lazy\" decoding=\"async\" width=\"1024\" height=\"689\" data-id=\"8065\" src=\"https:\/\/www.golfe-sainttropez-tourisme.fr\/de\/wp-content\/uploads\/sites\/6\/2022\/08\/Circuits_tour-4-1024x689.jpg\" alt=\"\" class=\"wp-image-8065\" srcset=\"https:\/\/www.golfe-sainttropez-tourisme.fr\/de\/wp-content\/uploads\/sites\/6\/2022\/08\/Circuits_tour-4-1024x689.jpg 1024w, https:\/\/www.golfe-sainttropez-tourisme.fr\/de\/wp-content\/uploads\/sites\/6\/2022\/08\/Circuits_tour-4-300x202.jpg 300w, https:\/\/www.golfe-sainttropez-tourisme.fr\/de\/wp-content\/uploads\/sites\/6\/2022\/08\/Circuits_tour-4-768x516.jpg 768w, https:\/\/www.golfe-sainttropez-tourisme.fr\/de\/wp-content\/uploads\/sites\/6\/2022\/08\/Circuits_tour-4-1536x1033.jpg 1536w, https:\/\/www.golfe-sainttropez-tourisme.fr\/de\/wp-content\/uploads\/sites\/6\/2022\/08\/Circuits_tour-4-2048x1377.jpg 2048w, https:\/\/www.golfe-sainttropez-tourisme.fr\/de\/wp-content\/uploads\/sites\/6\/2022\/08\/Circuits_tour-4-150x101.jpg 150w, https:\/\/www.golfe-sainttropez-tourisme.fr\/de\/wp-content\/uploads\/sites\/6\/2022\/08\/Circuits_tour-4-937x630.jpg 937w\" sizes=\"auto, (max-width: 1024px) 100vw, 1024px\" \/><\/figure>\n\n\n\n<figure class=\"wp-block-image size-large\"><img loading=\"lazy\" decoding=\"async\" width=\"626\" height=\"1024\" data-id=\"6098\" src=\"https:\/\/www.golfe-sainttropez-tourisme.fr\/de\/wp-content\/uploads\/sites\/6\/2022\/08\/PlandelaTour4-626x1024.jpg\" alt=\"\" class=\"wp-image-6098\" srcset=\"https:\/\/www.golfe-sainttropez-tourisme.fr\/de\/wp-content\/uploads\/sites\/6\/2022\/08\/PlandelaTour4-626x1024.jpg 626w, https:\/\/www.golfe-sainttropez-tourisme.fr\/de\/wp-content\/uploads\/sites\/6\/2022\/08\/PlandelaTour4-183x300.jpg 183w, https:\/\/www.golfe-sainttropez-tourisme.fr\/de\/wp-content\/uploads\/sites\/6\/2022\/08\/PlandelaTour4-768x1256.jpg 768w, https:\/\/www.golfe-sainttropez-tourisme.fr\/de\/wp-content\/uploads\/sites\/6\/2022\/08\/PlandelaTour4-939x1536.jpg 939w, https:\/\/www.golfe-sainttropez-tourisme.fr\/de\/wp-content\/uploads\/sites\/6\/2022\/08\/PlandelaTour4-1252x2048.jpg 1252w, https:\/\/www.golfe-sainttropez-tourisme.fr\/de\/wp-content\/uploads\/sites\/6\/2022\/08\/PlandelaTour4-92x150.jpg 92w, https:\/\/www.golfe-sainttropez-tourisme.fr\/de\/wp-content\/uploads\/sites\/6\/2022\/08\/PlandelaTour4-259x424.jpg 259w, https:\/\/www.golfe-sainttropez-tourisme.fr\/de\/wp-content\/uploads\/sites\/6\/2022\/08\/PlandelaTour4-385x630.jpg 385w, https:\/\/www.golfe-sainttropez-tourisme.fr\/de\/wp-content\/uploads\/sites\/6\/2022\/08\/PlandelaTour4-scaled.jpg 1565w\" sizes=\"auto, (max-width: 626px) 100vw, 626px\" \/><\/figure>\n\n\n\n<figure class=\"wp-block-image size-large\"><img loading=\"lazy\" decoding=\"async\" width=\"1024\" height=\"768\" data-id=\"7996\" src=\"https:\/\/www.golfe-sainttropez-tourisme.fr\/de\/wp-content\/uploads\/sites\/6\/2022\/08\/San_Peire3-1024x768.jpg\" alt=\"\" class=\"wp-image-7996\" srcset=\"https:\/\/www.golfe-sainttropez-tourisme.fr\/de\/wp-content\/uploads\/sites\/6\/2022\/08\/San_Peire3-1024x768.jpg 1024w, https:\/\/www.golfe-sainttropez-tourisme.fr\/de\/wp-content\/uploads\/sites\/6\/2022\/08\/San_Peire3-300x225.jpg 300w, https:\/\/www.golfe-sainttropez-tourisme.fr\/de\/wp-content\/uploads\/sites\/6\/2022\/08\/San_Peire3-768x576.jpg 768w, https:\/\/www.golfe-sainttropez-tourisme.fr\/de\/wp-content\/uploads\/sites\/6\/2022\/08\/San_Peire3-1536x1152.jpg 1536w, https:\/\/www.golfe-sainttropez-tourisme.fr\/de\/wp-content\/uploads\/sites\/6\/2022\/08\/San_Peire3-2048x1536.jpg 2048w, https:\/\/www.golfe-sainttropez-tourisme.fr\/de\/wp-content\/uploads\/sites\/6\/2022\/08\/San_Peire3-150x113.jpg 150w, https:\/\/www.golfe-sainttropez-tourisme.fr\/de\/wp-content\/uploads\/sites\/6\/2022\/08\/San_Peire3-840x630.jpg 840w\" sizes=\"auto, (max-width: 1024px) 100vw, 1024px\" \/><\/figure>\n<\/figure>\n<\/div>\n<\/div>\n\n\n\n<p class=\"has-text-align-center\">Das Dorf zeichnet sich durch seine gepflasterten und blumengeschm\u00fcckten Gassen, seine 25\u00a0ruhigen und in den H\u00fcgeln verteilten Weiler aus. Bei Spazierg\u00e4ngen auf den l\u00e4ndlichen Wegen k\u00f6nnen Sie au\u00dferdem die lokale Flora und Fauna entdecken.<\/p>\n\n\n\n<p class=\"has-text-align-center\">Hier hat man Zeit, durchzuatmen und die Ruhe zu genie\u00dfen, sich rund um die von Platanen beschatteten Pl\u00e4tze zu treffen und die Landschaften mit ihren farbenfrohen Pinienw\u00e4ldern, H\u00fcgeln und Weinbergen zu betrachten. Lassen Sie sich au\u00dferdem von der Kraft der blauen Granitfelsen beleben, deren Reliefs Ihnen alle ihre Geheimnisse offenbaren. Ein Wohlf\u00fchlort f\u00fcr Gro\u00df und Klein.<\/p>\n\n\n\n<h2 class=\"wp-block-heading has-text-align-center\">Die Must-haves<\/h2>\n\n\n\n<div style=\"height:35px\" aria-hidden=\"true\" class=\"wp-block-spacer\"><\/div>\n\n\n\t\t\t\t\t\t\t<section class=\"block-text-on-image\">\n\t\t\t\t\t<div class=\"row row-flex\">\n\t\t\t\t\t\t\t\t\t\t\t\t\t<div class=\"col-xs-12 col-md-6\">\n\t\t\t\t\t\t\t\t<div class=\"block\">\n\t\t\t\t\t\t\t\t\t\t\t\t\t\t\t\t\t\t\t<figure class=\"block-image\" style=\"background-image: url(https:\/\/www.golfe-sainttropez-tourisme.fr\/de\/wp-content\/uploads\/sites\/6\/2025\/11\/Depuis-San-Peire-7-840x630.jpg);\">\n\t\t\t\t\t\t\t\t\t\t\t<img decoding=\"async\" src=\"https:\/\/www.golfe-sainttropez-tourisme.fr\/de\/wp-content\/uploads\/sites\/6\/2025\/11\/Depuis-San-Peire-7-840x630.jpg\" alt=\"\" \/>\n\t\t\t\t\t\t\t\t\t\t<\/figure>\n\t\t\t\t\t\t\t\t\t\t\t\t\t\t\t\t\t\t<div class=\"block-body\">\n\t\t\t\t\t\t\t\t\t\t\t\t\t\t\t\t\t\t\t\t\t<h3 class=\"block-title\">Le San Pe\u00efre<\/h3>\n\t\t\t\t\t\t\t\t\t\t\t\t\t\t\t\t\t\t\t\t\t\t\t\t\t\t\t\t\t\t\t<p class=\"block-text\">Auf 416 Metern H\u00f6he thront Le San Pe\u00efre \u00fcber dem Korkeichenwald. Die ehemalige Festungsanlage bietet heute einen au\u00dfergew\u00f6hnlichen Panoramablick auf Le Plan de la Tour, den Golf von Saint-Tropez, die Maures, das Est\u00e9rel-Gebirge und in der Ferne die Alpen.<\/p>\n\t\t\t\t\t\t\t\t\t\t\t\t\t\t\t\t\t\t\t<\/div>\n\t\t\t\t\t\t\t\t\t\t\t\t\t\t\t\t\t\t\t<div class=\"block-more\">\n\t\t\t\t\t\t\t\t\t\t\t<a class=\"btn btn-primary\" href=\"https:\/\/www.golfe-sainttropez-tourisme.fr\/de\/entdecken\/naturseite\/sehenswurdigkeitenitre\/san-peire\/\" target=\"_self\">\n\t\t\t\t\t\t\t\t\t\t\t\t\t\t\t\t\t\t\t\t\t\t\t\t\tErfahren Sie mehr!\t\t\t\t\t\t\t\t\t\t\t\t\t\t\t\t\t\t\t\t\t\t\t<\/a>\n\t\t\t\t\t\t\t\t\t\t<\/div>\n\t\t\t\t\t\t\t\t\t\t\t\t\t\t\t\t\t<\/div>\n\t\t\t\t\t\t\t<\/div>\n\t\t\t\t\t\t\t\t\t\t\t\t\t<div class=\"col-xs-12 col-md-6\">\n\t\t\t\t\t\t\t\t<div class=\"block\">\n\t\t\t\t\t\t\t\t\t\t\t\t\t\t\t\t\t\t\t<figure class=\"block-image\" style=\"background-image: url(https:\/\/www.golfe-sainttropez-tourisme.fr\/de\/wp-content\/uploads\/sites\/6\/2025\/11\/le-plan-de-la-tour-hameau-du-reverdit-2022-\u00a9e.bertrand-droits-reserves-5-2-960x630.jpg);\">\n\t\t\t\t\t\t\t\t\t\t\t<img decoding=\"async\" src=\"https:\/\/www.golfe-sainttropez-tourisme.fr\/de\/wp-content\/uploads\/sites\/6\/2025\/11\/le-plan-de-la-tour-hameau-du-reverdit-2022-\u00a9e.bertrand-droits-reserves-5-2-960x630.jpg\" alt=\"\" \/>\n\t\t\t\t\t\t\t\t\t\t<\/figure>\n\t\t\t\t\t\t\t\t\t\t\t\t\t\t\t\t\t\t<div class=\"block-body\">\n\t\t\t\t\t\t\t\t\t\t\t\t\t\t\t\t\t\t\t\t\t<h3 class=\"block-title\">Die 25 Weiler!<\/h3>\n\t\t\t\t\t\t\t\t\t\t\t\t\t\t\t\t\t\t\t\t\t\t\t\t\t\t\t\t\t\t\t<p class=\"block-text\">Le Plan de la Tour kann man nicht besichtigen, man muss es entdecken! Das recht weitl\u00e4ufige Gebiet weist eine in der Region einzigartige Besonderheit auf: 25 unscheinbare Weiler, verstreut in den steilen H\u00fcgeln. Jeder hat seinen eigenen Charakter und seine eigene Lebensweise.<\/p>\n\t\t\t\t\t\t\t\t\t\t\t\t\t\t\t\t\t\t\t<\/div>\n\t\t\t\t\t\t\t\t\t\t\t\t\t\t\t\t\t\t\t<div class=\"block-more\">\n\t\t\t\t\t\t\t\t\t\t\t<a class=\"btn btn-primary\" href=\"https:\/\/www.golfe-sainttropez-tourisme.fr\/de\/fiche-apidae\/randonnee-les-hameaux\/\" target=\"_self\">\n\t\t\t\t\t\t\t\t\t\t\t\t\t\t\t\t\t\t\t\t\t\t\t\t\tDie Entdeckungswanderung durch die Weiler!\t\t\t\t\t\t\t\t\t\t\t\t\t\t\t\t\t\t\t\t\t\t\t<\/a>\n\t\t\t\t\t\t\t\t\t\t<\/div>\n\t\t\t\t\t\t\t\t\t\t\t\t\t\t\t\t\t<\/div>\n\t\t\t\t\t\t\t<\/div>\n\t\t\t\t\t\t\t\t\t\t\t\t\t<div class=\"col-xs-12 col-md-6\">\n\t\t\t\t\t\t\t\t<div class=\"block\">\n\t\t\t\t\t\t\t\t\t\t\t\t\t\t\t\t\t\t\t<figure class=\"block-image\" style=\"background-image: url(https:\/\/www.golfe-sainttropez-tourisme.fr\/de\/wp-content\/uploads\/sites\/6\/2025\/11\/plan-de-la-tour-village-juin-2025-s.castor-\u00a9golfe-de-saint-tropez-49-scaled-e1764341120130-910x630.jpg);\">\n\t\t\t\t\t\t\t\t\t\t\t<img decoding=\"async\" src=\"https:\/\/www.golfe-sainttropez-tourisme.fr\/de\/wp-content\/uploads\/sites\/6\/2025\/11\/plan-de-la-tour-village-juin-2025-s.castor-\u00a9golfe-de-saint-tropez-49-scaled-e1764341120130-910x630.jpg\" alt=\"\" \/>\n\t\t\t\t\t\t\t\t\t\t<\/figure>\n\t\t\t\t\t\t\t\t\t\t\t\t\t\t\t\t\t\t<div class=\"block-body\">\n\t\t\t\t\t\t\t\t\t\t\t\t\t\t\t\t\t\t\t\t\t<h3 class=\"block-title\">Das Dorf<\/h3>\n\t\t\t\t\t\t\t\t\t\t\t\t\t\t\t\t\t\t\t\t\t\t\t\t\t\t\t\t\t\t\t<p class=\"block-text\">Das Dorf Plan de la Tour besticht durch seinen authentischen Charme und seine friedliche Atmosph\u00e4re. Seine engen Gassen und Steinh\u00e4user erz\u00e4hlen eine alte Geschichte, w\u00e4hrend seine schattigen Pl\u00e4tze zum Flanieren einladen. Mit seinen alten Brunnen und Aussichtspunkten auf die Landschaft ist das Dorf eine Oase der Ruhe, ideal, um das sanfte Leben der Provence zu genie\u00dfen.<\/p>\n\t\t\t\t\t\t\t\t\t\t\t\t\t\t\t\t\t\t\t<\/div>\n\t\t\t\t\t\t\t\t\t\t\t\t\t\t\t\t\t\t\t<div class=\"block-more\">\n\t\t\t\t\t\t\t\t\t\t\t<a class=\"btn btn-primary\" href=\"https:\/\/www.golfe-sainttropez-tourisme.fr\/de\/publication\/balade-decouverte-du-plan-de-la-tour\/\" target=\"_self\">\n\t\t\t\t\t\t\t\t\t\t\t\t\t\t\t\t\t\t\t\t\t\t\t\t\tEntdecken Sie es hier auf eigene Faust!\t\t\t\t\t\t\t\t\t\t\t\t\t\t\t\t\t\t\t\t\t\t\t<\/a>\n\t\t\t\t\t\t\t\t\t\t<\/div>\n\t\t\t\t\t\t\t\t\t\t\t\t\t\t\t\t\t<\/div>\n\t\t\t\t\t\t\t<\/div>\n\t\t\t\t\t\t\t\t\t\t\t\t\t<div class=\"col-xs-12 col-md-6\">\n\t\t\t\t\t\t\t\t<div class=\"block\">\n\t\t\t\t\t\t\t\t\t\t\t\t\t\t\t\t\t\t\t<figure class=\"block-image\" style=\"background-image: url(https:\/\/www.golfe-sainttropez-tourisme.fr\/de\/wp-content\/uploads\/sites\/6\/2025\/11\/Marche_provencal-1-840x630.jpg);\">\n\t\t\t\t\t\t\t\t\t\t\t<img decoding=\"async\" src=\"https:\/\/www.golfe-sainttropez-tourisme.fr\/de\/wp-content\/uploads\/sites\/6\/2025\/11\/Marche_provencal-1-840x630.jpg\" alt=\"\" \/>\n\t\t\t\t\t\t\t\t\t\t<\/figure>\n\t\t\t\t\t\t\t\t\t\t\t\t\t\t\t\t\t\t<div class=\"block-body\">\n\t\t\t\t\t\t\t\t\t\t\t\t\t\t\t\t\t\t\t\t\t<h3 class=\"block-title\">Der Donnerstagsmarkt!<\/h3>\n\t\t\t\t\t\t\t\t\t\t\t\t\t\t\t\t\t\t\t\t\t\t\t\t\t\t\t\t\t\t\t<p class=\"block-text\">Jeden Donnerstag findet auf der Place Foch im Herzen des Dorfes ein h\u00fcbscher Markt mit den Farben und D\u00fcften der Provence statt!<\/p>\n\t\t\t\t\t\t\t\t\t\t\t\t\t\t\t\t\t\t\t<\/div>\n\t\t\t\t\t\t\t\t\t\t\t\t\t\t\t\t\t\t\t<div class=\"block-more\">\n\t\t\t\t\t\t\t\t\t\t\t<a class=\"btn btn-primary\" href=\"https:\/\/www.golfe-sainttropez-tourisme.fr\/de\/fiche-apidae\/marche-provencal-hebdomadaire\/\" target=\"_self\">\n\t\t\t\t\t\t\t\t\t\t\t\t\t\t\t\t\t\t\t\t\t\t\t\t\tWeitere Informationen!\t\t\t\t\t\t\t\t\t\t\t\t\t\t\t\t\t\t\t\t\t\t\t<\/a>\n\t\t\t\t\t\t\t\t\t\t<\/div>\n\t\t\t\t\t\t\t\t\t\t\t\t\t\t\t\t\t<\/div>\n\t\t\t\t\t\t\t<\/div>\n\t\t\t\t\t\t\t\t\t\t\t<\/div>\n\t\t\t\t<\/section>\n\t\t\t\t    \n\n\n<h2 class=\"wp-block-heading has-text-align-center\">Was kann man in Plan de la Tour unternehmen?<\/h2>\n\n\n\n<div style=\"height:35px\" aria-hidden=\"true\" class=\"wp-block-spacer\"><\/div>\n\n\n\n<div class=\"wp-block-columns is-layout-flex wp-container-core-columns-is-layout-9d6595d7 wp-block-columns-is-layout-flex\">\n<div class=\"wp-block-column is-layout-flow wp-block-column-is-layout-flow\" style=\"flex-basis:100%\">\n<figure class=\"wp-block-gallery has-nested-images columns-4 is-cropped wp-block-gallery-3 is-layout-flex wp-block-gallery-is-layout-flex\">\n<figure class=\"wp-block-image size-full is-style-rounded\"><img decoding=\"async\" data-id=\"165948\" src=\"https:\/\/www.golfe-sainttropez-tourisme.fr\/wp-content\/uploads\/2025\/11\/Le-plan-de-la-tour-menhir-de-prat-bourdin.jpg\" alt=\"\" class=\"wp-image-165948\"\/><figcaption class=\"wp-element-caption\"><strong><a href=\"https:\/\/www.golfe-sainttropez-tourisme.fr\/de\/freizeitaktivitaten\/freizeitaktivitaten\/wanderungen\/?utf8=%E2%9C%93&amp;f=1&amp;commune=le-plan-de-la-tour&amp;prestation_client=\">WANDERUNGEN<\/a><\/strong><\/figcaption><\/figure>\n\n\n\n<figure class=\"wp-block-image size-large is-style-rounded\"><img decoding=\"async\" data-id=\"165951\" src=\"https:\/\/www.golfe-sainttropez-tourisme.fr\/wp-content\/uploads\/2025\/11\/Le-plan-de-la-tour-circuit-decouverte-du-village-septembre-2025-\u00a9otc-7-576x1024.jpg\" alt=\"\" class=\"wp-image-165951\"\/><figcaption class=\"wp-element-caption\"><strong><a href=\"https:\/\/www.golfe-sainttropez-tourisme.fr\/de\/sehenswertes\/kulturerbe\/monumente\/?utf8=%E2%9C%93&amp;f=1&amp;commune=le-plan-de-la-tour\">BESICHTIGUNGEN<\/a><\/strong><\/figcaption><\/figure>\n\n\n\n<figure class=\"wp-block-image size-large is-style-rounded\"><img decoding=\"async\" data-id=\"166020\" src=\"https:\/\/www.golfe-sainttropez-tourisme.fr\/wp-content\/uploads\/2025\/11\/la-garde-freinet-preverger-50-1024x577.jpg\" alt=\"\" class=\"wp-image-166020\"\/><figcaption class=\"wp-element-caption\"><strong><a href=\"https:\/\/www.golfe-sainttropez-tourisme.fr\/de\/freizeitaktivitaten\/freizeitaktivitaten\/mountainbike-routen\/?utf8=%E2%9C%93&amp;f=1&amp;commune=le-plan-de-la-tour\">MOUNTAINBIKE-ROUTEN<\/a><\/strong><\/figcaption><\/figure>\n\n\n\n<figure class=\"wp-block-image size-large is-style-rounded\"><img decoding=\"async\" data-id=\"166027\" src=\"https:\/\/www.golfe-sainttropez-tourisme.fr\/wp-content\/uploads\/2025\/11\/Le-plan-de-la-tour-marche-juillet-2022-7-1024x768.jpg\" alt=\"\" class=\"wp-image-166027\"\/><figcaption class=\"wp-element-caption\"><strong><a href=\"https:\/\/www.golfe-sainttropez-tourisme.fr\/de\/sehenswertes\/die-franzosische-lebenskunst\/unsere-produzenten\/?utf8=%E2%9C%93&amp;f=1&amp;commune=le-plan-de-la-tour\">PRODUZENTEN<\/a><\/strong><\/figcaption><\/figure>\n<\/figure>\n<\/div>\n<\/div>\n\n\n\n<h2 class=\"wp-block-heading has-text-align-center\">Panorama<\/h2>\n\n\n\n<div style=\"height:35px\" aria-hidden=\"true\" class=\"wp-block-spacer\"><\/div>\n\n\n\t\t\t\t\t\t\t<section class=\"block-text-next-to-image\">\n\t\t\t\t\t\t\t\t\t\t\t<div class=\"block\">\n\t\t\t\t\t\t\t\t\t\t\t\t\t\t\t<figure class=\"block-image\" style=\"background-image: url(https:\/\/www.golfe-sainttropez-tourisme.fr\/de\/wp-content\/uploads\/sites\/6\/2025\/11\/le-plan-de-la-tour-nature-san-peire-2021-\u00a9e.bertrand-202-973x630.jpg);\">\n\t\t\t\t\t\t\t\t\t<img decoding=\"async\" src=\"https:\/\/www.golfe-sainttropez-tourisme.fr\/de\/wp-content\/uploads\/sites\/6\/2025\/11\/le-plan-de-la-tour-nature-san-peire-2021-\u00a9e.bertrand-202-973x630.jpg\" alt=\"\" \/>\n\t\t\t\t\t\t\t\t\t<figcaption><\/figcaption>\n\t\t\t\t\t\t\t\t<\/figure>\n\t\t\t\t\t\t\t\t\t\t\t\t\t\t<div class=\"block-body\">\n\t\t\t\t\t\t\t\t\t\t\t\t\t\t\t\t\t\t\t\t\t\t\t\t\t<p class=\"block-text\">Auf dem Gipfel des San Pe\u00efre, auf 416 Metern H\u00f6he, wird man f\u00fcr die Anstrengung mit einer atemberaubenden Aussicht belohnt. Das Massif des Maures erstreckt sich bis zum Meer, der Golf von Saint-Tropez glitzert in der Ferne und bei klarem Wetter zeichnen sich der Est\u00e9rel und sogar die Alpen am Horizont ab. Ein unverzichtbarer Aussichtspunkt f\u00fcr alle, die die Region auf einen Blick erfassen m\u00f6chten.<\/p>\n\t\t\t\t\t\t\t\t\t\t\t\t\t\t\t\t\t\t\t\t\t\t\t<\/div>\n\t\t\t\t\t\t<\/div>\n\t\t\t\t\t\t\t\t\t<\/section>\n\t\t\t\t    \n\n\n<h2 class=\"wp-block-heading has-text-align-center\">Praktische Informationen<\/h2>\n\n\n\n<div style=\"height:35px\" aria-hidden=\"true\" class=\"wp-block-spacer\"><\/div>\n\n\n\n<div class=\"wp-block-columns is-layout-flex wp-container-core-columns-is-layout-9d6595d7 wp-block-columns-is-layout-flex\">\n<div class=\"wp-block-column is-layout-flow wp-block-column-is-layout-flow\" style=\"flex-basis:100%\">\n<figure class=\"wp-block-gallery has-nested-images columns-5 is-cropped wp-block-gallery-4 is-layout-flex wp-block-gallery-is-layout-flex\">\n<figure class=\"wp-block-image size-large is-style-rounded\"><a href=\"https:\/\/www.golfe-sainttropez-tourisme.fr\/sejourner\/ou-dormir\/?utf8=%E2%9C%93&amp;f=1&amp;commune=cogolin&amp;type=&amp;tarifs=\"><img decoding=\"async\" data-id=\"164679\" src=\"https:\/\/www.golfe-sainttropez-tourisme.fr\/wp-content\/uploads\/2025\/10\/Design-sans-titre3.png\" alt=\"\" class=\"wp-image-164679\"\/><\/a><figcaption class=\"wp-element-caption\"><strong><strong><a href=\"https:\/\/www.golfe-sainttropez-tourisme.fr\/de\/aufenthalt\/ubernachten\/?utf8=%E2%9C%93&amp;f=1&amp;commune=le-plan-de-la-tour&amp;type=&amp;tarifs=\">UNTERK\u00dcNFTE<\/a><\/strong><\/strong><\/figcaption><\/figure>\n\n\n\n<figure class=\"wp-block-image size-large is-style-rounded\"><a href=\"https:\/\/www.golfe-sainttropez-tourisme.fr\/sejourner\/ou-manger-ou-boire-un-verre\/?utf8=%E2%9C%93&amp;f=1&amp;commune=cogolin&amp;commerces_types_details=&amp;restaurant_specialite=&amp;tarifs=\"><img decoding=\"async\" data-id=\"164680\" src=\"https:\/\/www.golfe-sainttropez-tourisme.fr\/wp-content\/uploads\/2025\/10\/Design-sans-titre2.png\" alt=\"\" class=\"wp-image-164680\"\/><\/a><figcaption class=\"wp-element-caption\"><strong><a href=\"https:\/\/www.golfe-sainttropez-tourisme.fr\/de\/aufenthalt\/essen-und-trinken-wo-kann-man-ausgehen\/?utf8=%E2%9C%93&amp;f=1&amp;commune=le-plan-de-la-tour&amp;commerces_types_details=&amp;restaurant_specialite=&amp;tarifs=\">RESTAURANTS<\/a><\/strong><\/figcaption><\/figure>\n\n\n\n<figure class=\"wp-block-image size-full is-style-rounded\"><img decoding=\"async\" data-id=\"164741\" src=\"https:\/\/www.golfe-sainttropez-tourisme.fr\/wp-content\/uploads\/2025\/10\/Design-sans-titre-1.png\" alt=\"\" class=\"wp-image-164741\"\/><figcaption class=\"wp-element-caption\"><strong><strong><strong><a href=\"https:\/\/www.golfe-sainttropez-tourisme.fr\/de\/fiche-apidae\/bureau-dinformation-touristique-du-plan-de-la-tour\/\">TOURISMUSB\u00dcRO<\/a><\/strong><\/strong><\/strong><\/figcaption><\/figure>\n\n\n\n<figure class=\"wp-block-image size-large is-style-rounded\"><img decoding=\"async\" data-id=\"163933\" src=\"https:\/\/www.golfe-sainttropez-tourisme.fr\/wp-content\/uploads\/2025\/09\/1.png\" alt=\"\" class=\"wp-image-163933\"\/><figcaption class=\"wp-element-caption\"><strong><strong><strong><a href=\"https:\/\/www.golfe-sainttropez-tourisme.fr\/de\/aufenthalt\/praktische-informationen\/anfahrt-und-mobilitat\/?utf8=%E2%9C%93&amp;f=1&amp;commune=le-plan-de-la-tour\">KOMMEN<\/a><\/strong><\/strong><\/strong><\/figcaption><\/figure>\n\n\n\n<figure class=\"wp-block-image size-full is-style-rounded\"><img decoding=\"async\" data-id=\"164740\" src=\"https:\/\/www.golfe-sainttropez-tourisme.fr\/wp-content\/uploads\/2025\/10\/DMEU_PRP300_11_std.lang_.all_-1.gif\" alt=\"\" class=\"wp-image-164740\"\/><figcaption class=\"wp-element-caption\"><strong><a href=\"https:\/\/www.golfe-sainttropez-tourisme.fr\/de\/aufenthalt\/praktische-informationen\/parken\/?utf8=%E2%9C%93&amp;f=1&amp;commune=le-plan-de-la-tour\"><\/a><strong><strong><a href=\"https:\/\/www.golfe-sainttropez-tourisme.fr\/de\/aufenthalt\/praktische-informationen\/parken\/?utf8=%E2%9C%93&amp;f=1&amp;commune=le-plan-de-la-tour\">PARKM\u00d6GLICHKEITEN<\/a><\/strong><\/strong><\/strong><\/figcaption><\/figure>\n<\/figure>\n<\/div>\n<\/div>\n","protected":false},"excerpt":{"rendered":"<p>Das Leben genie\u00dfen    Das charmante provenzalische Dorf Le Plan de la Tour ist von Weinbergen, Eichen- und Pinienw\u00e4ldern umgeben und liegt im Massif des Maures. Genie\u00dfen Sie den unaufdringlichen Charme des Dorfes, das im Herzen des Golfs von Saint Tropez liegt, nur einen Steinwurf vom lebendigen Treiben an der K\u00fcste entfernt.                      Das Dorf zeichnet sich durch seine gepflasterten und blumengeschm\u00fcckten Gassen, seine 25\u00a0ruhigen und in den H\u00fcgeln verteilten Weiler aus. Bei Spazierg\u00e4ngen auf den l\u00e4ndlichen Wegen k\u00f6nnen Sie au\u00dferdem die lokale Flora und Fauna entdecken.    Hier hat man Zeit, durchzuatmen und die Ruhe zu genie\u00dfen, sich rund um die von Platanen beschatteten Pl\u00e4tze zu treffen und die Landschaften mit ihren farbenfrohen Pinienw\u00e4ldern, H\u00fcgeln und Weinbergen zu betrachten. Lassen Sie sich au\u00dferdem von der Kraft der blauen Granitfelsen beleben, deren Reliefs Ihnen alle ihre Geheimnisse offenbaren. Ein Wohlf\u00fchlort f\u00fcr Gro\u00df und Klein.    Die Must-haves          Was kann man in Plan de la Tour unternehmen?           WANDERUNGEN    BESICHTIGUNGEN    MOUNTAINBIKE-ROUTEN    PRODUZENTEN       Panorama          Praktische Informationen           UNTERK\u00dcNFTE    RESTAURANTS    TOURISMUSB\u00dcRO    KOMMEN    PARKM\u00d6GLICHKEITEN<\/p>\n","protected":false},"author":31,"featured_media":6095,"parent":26941,"menu_order":0,"comment_status":"closed","ping_status":"closed","template":"templates\/full-width.php","meta":{"_acf_changed":false,"inline_featured_image":false,"footnotes":""},"class_list":["post-26966","type-page","status-publish","has-post-thumbnail","hentry"],"acf":[],"_links":{"self":[{"href":"https:\/\/www.golfe-sainttropez-tourisme.fr\/de\/wp-json\/wp\/v2\/pages\/26966","targetHints":{"allow":["GET"]}}],"collection":[{"href":"https:\/\/www.golfe-sainttropez-tourisme.fr\/de\/wp-json\/wp\/v2\/pages"}],"about":[{"href":"https:\/\/www.golfe-sainttropez-tourisme.fr\/de\/wp-json\/wp\/v2\/types\/page"}],"author":[{"embeddable":true,"href":"https:\/\/www.golfe-sainttropez-tourisme.fr\/de\/wp-json\/wp\/v2\/users\/31"}],"replies":[{"embeddable":true,"href":"https:\/\/www.golfe-sainttropez-tourisme.fr\/de\/wp-json\/wp\/v2\/comments?post=26966"}],"version-history":[{"count":9,"href":"https:\/\/www.golfe-sainttropez-tourisme.fr\/de\/wp-json\/wp\/v2\/pages\/26966\/revisions"}],"predecessor-version":[{"id":153829,"href":"https:\/\/www.golfe-sainttropez-tourisme.fr\/de\/wp-json\/wp\/v2\/pages\/26966\/revisions\/153829"}],"up":[{"embeddable":true,"href":"https:\/\/www.golfe-sainttropez-tourisme.fr\/de\/wp-json\/wp\/v2\/pages\/26941"}],"wp:featuredmedia":[{"embeddable":true,"href":"https:\/\/www.golfe-sainttropez-tourisme.fr\/de\/wp-json\/wp\/v2\/media\/6095"}],"wp:attachment":[{"href":"https:\/\/www.golfe-sainttropez-tourisme.fr\/de\/wp-json\/wp\/v2\/media?parent=26966"}],"curies":[{"name":"wp","href":"https:\/\/api.w.org\/{rel}","templated":true}]}}