{"id":26971,"date":"2023-05-12T10:31:09","date_gmt":"2023-05-12T08:31:09","guid":{"rendered":"https:\/\/www.golfe-sainttropez-tourisme.fr\/de\/?page_id=26971"},"modified":"2026-01-09T10:20:36","modified_gmt":"2026-01-09T09:20:36","slug":"rayol-canadel-sur-mer","status":"publish","type":"page","link":"https:\/\/www.golfe-sainttropez-tourisme.fr\/de\/entdecken\/unser-gebiet\/rayol-canadel-sur-mer\/","title":{"rendered":"Rayol-Canadel sur Mer"},"content":{"rendered":"\n<h2 class=\"wp-block-heading has-text-align-center\">Rayol-Canadel sur Mer : Freie Sicht auf das Mittelmeer<\/h2>\n\n\n\n<p class=\"has-text-align-center\"><em>Stellen Sie sich vor, wie das Massif des Maures ins kristallklare Wasser des Mittelmeers abf\u00e4llt. Dazwischen, hoch oben auf der Steilk\u00fcste, liegt ein Dorf von \u00fcberschaubarer Gr\u00f6\u00dfe, das f\u00fcr immer von dieser herrlichen Aussicht profitiert. Und um das Ganze zu kr\u00f6nen, verf\u00fcgt es \u00fcber einen au\u00dfergew\u00f6hnlichen Garten. Dieses wahre Paradies existiert tats\u00e4chlich, Sie m\u00fcssen es nur noch selbst entdecken.<\/em><\/p>\n\n\n\n<div class=\"wp-block-columns is-layout-flex wp-container-core-columns-is-layout-9d6595d7 wp-block-columns-is-layout-flex\">\n<div class=\"wp-block-column is-layout-flow wp-block-column-is-layout-flow\" style=\"flex-basis:100%\">\n<figure class=\"wp-block-gallery has-nested-images columns-3 is-cropped wp-block-gallery-2 is-layout-flex wp-block-gallery-is-layout-flex\">\n<figure class=\"wp-block-image size-large\"><img loading=\"lazy\" decoding=\"async\" width=\"1024\" height=\"768\" data-id=\"8223\" src=\"https:\/\/www.golfe-sainttropez-tourisme.fr\/de\/wp-content\/uploads\/sites\/6\/2022\/08\/Rayol_Canadel_histoire4-1024x768.jpg\" alt=\"\" class=\"wp-image-8223\" srcset=\"https:\/\/www.golfe-sainttropez-tourisme.fr\/de\/wp-content\/uploads\/sites\/6\/2022\/08\/Rayol_Canadel_histoire4-1024x768.jpg 1024w, https:\/\/www.golfe-sainttropez-tourisme.fr\/de\/wp-content\/uploads\/sites\/6\/2022\/08\/Rayol_Canadel_histoire4-300x225.jpg 300w, https:\/\/www.golfe-sainttropez-tourisme.fr\/de\/wp-content\/uploads\/sites\/6\/2022\/08\/Rayol_Canadel_histoire4-768x576.jpg 768w, https:\/\/www.golfe-sainttropez-tourisme.fr\/de\/wp-content\/uploads\/sites\/6\/2022\/08\/Rayol_Canadel_histoire4-1536x1152.jpg 1536w, https:\/\/www.golfe-sainttropez-tourisme.fr\/de\/wp-content\/uploads\/sites\/6\/2022\/08\/Rayol_Canadel_histoire4-2048x1536.jpg 2048w, https:\/\/www.golfe-sainttropez-tourisme.fr\/de\/wp-content\/uploads\/sites\/6\/2022\/08\/Rayol_Canadel_histoire4-150x113.jpg 150w, https:\/\/www.golfe-sainttropez-tourisme.fr\/de\/wp-content\/uploads\/sites\/6\/2022\/08\/Rayol_Canadel_histoire4-840x630.jpg 840w\" sizes=\"auto, (max-width: 1024px) 100vw, 1024px\" \/><\/figure>\n\n\n\n<figure class=\"wp-block-image size-large\"><img loading=\"lazy\" decoding=\"async\" width=\"1024\" height=\"759\" data-id=\"8219\" src=\"https:\/\/www.golfe-sainttropez-tourisme.fr\/de\/wp-content\/uploads\/sites\/6\/2022\/08\/Rayol_Canadel_histoire3-1024x759.jpg\" alt=\"\" class=\"wp-image-8219\" srcset=\"https:\/\/www.golfe-sainttropez-tourisme.fr\/de\/wp-content\/uploads\/sites\/6\/2022\/08\/Rayol_Canadel_histoire3-1024x759.jpg 1024w, https:\/\/www.golfe-sainttropez-tourisme.fr\/de\/wp-content\/uploads\/sites\/6\/2022\/08\/Rayol_Canadel_histoire3-300x222.jpg 300w, https:\/\/www.golfe-sainttropez-tourisme.fr\/de\/wp-content\/uploads\/sites\/6\/2022\/08\/Rayol_Canadel_histoire3-768x569.jpg 768w, https:\/\/www.golfe-sainttropez-tourisme.fr\/de\/wp-content\/uploads\/sites\/6\/2022\/08\/Rayol_Canadel_histoire3-1536x1139.jpg 1536w, https:\/\/www.golfe-sainttropez-tourisme.fr\/de\/wp-content\/uploads\/sites\/6\/2022\/08\/Rayol_Canadel_histoire3-2048x1519.jpg 2048w, https:\/\/www.golfe-sainttropez-tourisme.fr\/de\/wp-content\/uploads\/sites\/6\/2022\/08\/Rayol_Canadel_histoire3-150x111.jpg 150w, https:\/\/www.golfe-sainttropez-tourisme.fr\/de\/wp-content\/uploads\/sites\/6\/2022\/08\/Rayol_Canadel_histoire3-850x630.jpg 850w\" sizes=\"auto, (max-width: 1024px) 100vw, 1024px\" \/><\/figure>\n\n\n\n<figure class=\"wp-block-image size-large\"><img loading=\"lazy\" decoding=\"async\" width=\"1024\" height=\"673\" data-id=\"6146\" src=\"https:\/\/www.golfe-sainttropez-tourisme.fr\/de\/wp-content\/uploads\/sites\/6\/2022\/08\/Rayol_Canadel_histoire1-1024x673.jpg\" alt=\"\" class=\"wp-image-6146\" srcset=\"https:\/\/www.golfe-sainttropez-tourisme.fr\/de\/wp-content\/uploads\/sites\/6\/2022\/08\/Rayol_Canadel_histoire1-1024x673.jpg 1024w, https:\/\/www.golfe-sainttropez-tourisme.fr\/de\/wp-content\/uploads\/sites\/6\/2022\/08\/Rayol_Canadel_histoire1-300x197.jpg 300w, https:\/\/www.golfe-sainttropez-tourisme.fr\/de\/wp-content\/uploads\/sites\/6\/2022\/08\/Rayol_Canadel_histoire1-768x505.jpg 768w, https:\/\/www.golfe-sainttropez-tourisme.fr\/de\/wp-content\/uploads\/sites\/6\/2022\/08\/Rayol_Canadel_histoire1-1536x1010.jpg 1536w, https:\/\/www.golfe-sainttropez-tourisme.fr\/de\/wp-content\/uploads\/sites\/6\/2022\/08\/Rayol_Canadel_histoire1-2048x1347.jpg 2048w, https:\/\/www.golfe-sainttropez-tourisme.fr\/de\/wp-content\/uploads\/sites\/6\/2022\/08\/Rayol_Canadel_histoire1-150x99.jpg 150w, https:\/\/www.golfe-sainttropez-tourisme.fr\/de\/wp-content\/uploads\/sites\/6\/2022\/08\/Rayol_Canadel_histoire1-958x630.jpg 958w\" sizes=\"auto, (max-width: 1024px) 100vw, 1024px\" \/><\/figure>\n<\/figure>\n<\/div>\n<\/div>\n\n\n\n<p class=\"has-text-align-center\">Das Dorf ist ein kleiner, aber feiner Badeort, der sich \u00fcber 4\u00a0km erstreckt. Er ist ein echtes Paradies unber\u00fchrter Natur an der Corniche des Maures.<\/p>\n\n\n\n<h2 class=\"wp-block-heading has-text-align-center\">Die Must-Sees<\/h2>\n\n\n\n<div style=\"height:35px\" aria-hidden=\"true\" class=\"wp-block-spacer\"><\/div>\n\n\n\t\t\t\t\t\t\t<section class=\"block-text-on-image\">\n\t\t\t\t\t<div class=\"row row-flex\">\n\t\t\t\t\t\t\t\t\t\t\t\t\t<div class=\"col-xs-12 col-md-6\">\n\t\t\t\t\t\t\t\t<div class=\"block\">\n\t\t\t\t\t\t\t\t\t\t\t\t\t\t\t\t\t\t\t<figure class=\"block-image\" style=\"background-image: url(https:\/\/www.golfe-sainttropez-tourisme.fr\/de\/wp-content\/uploads\/sites\/6\/2025\/12\/fond-Domaine-du-Rayol-1120x630.jpg);\">\n\t\t\t\t\t\t\t\t\t\t\t<img decoding=\"async\" src=\"https:\/\/www.golfe-sainttropez-tourisme.fr\/de\/wp-content\/uploads\/sites\/6\/2025\/12\/fond-Domaine-du-Rayol-1120x630.jpg\" alt=\"\" \/>\n\t\t\t\t\t\t\t\t\t\t<\/figure>\n\t\t\t\t\t\t\t\t\t\t\t\t\t\t\t\t\t\t<div class=\"block-body\">\n\t\t\t\t\t\t\t\t\t\t\t\t\t\t\t\t\t\t\t\t\t<h3 class=\"block-title\"> Das Naturschutzgebiet Domaine du Rayol<\/h3>\n\t\t\t\t\t\t\t\t\t\t\t\t\t\t\t\t\t\t\t\t\t\t\t\t\t\t\t\t\t\t\t<p class=\"block-text\">Lassen Sie sich zu jeder Jahreszeit von den D\u00fcften der verschiedenen Pflanzen und den Farben der dreizehn G\u00e4rten verzaubern, bis hin zum Meeresgarten, der eine ganz besondere Auszeit bietet.<br \/>\r\nM\u00f6chten Sie mehr erfahren? Wir erz\u00e4hlen Ihnen gerne die Geschichte dieses gesch\u00fctzten Ortes oder lassen Sie seine thematischen F\u00fchrungen und Aktivit\u00e4ten f\u00fcr Familien entdecken.<\/p>\n\t\t\t\t\t\t\t\t\t\t\t\t\t\t\t\t\t\t\t<\/div>\n\t\t\t\t\t\t\t\t\t\t\t\t\t\t\t\t\t\t\t<div class=\"block-more\">\n\t\t\t\t\t\t\t\t\t\t\t<a class=\"btn btn-primary\" href=\"https:\/\/www.golfe-sainttropez-tourisme.fr\/de\/entdecken\/naturseite\/sehenswurdigkeitenitre\/das-naturschutzgebiet-domaine-du-rayol\/\" target=\"_self\">\n\t\t\t\t\t\t\t\t\t\t\t\t\t\t\t\t\t\t\t\t\t\t\t\t\tErfahren Sie mehr!\t\t\t\t\t\t\t\t\t\t\t\t\t\t\t\t\t\t\t\t\t\t\t<\/a>\n\t\t\t\t\t\t\t\t\t\t<\/div>\n\t\t\t\t\t\t\t\t\t\t\t\t\t\t\t\t\t<\/div>\n\t\t\t\t\t\t\t<\/div>\n\t\t\t\t\t\t\t\t\t\t\t\t\t<div class=\"col-xs-12 col-md-6\">\n\t\t\t\t\t\t\t\t<div class=\"block\">\n\t\t\t\t\t\t\t\t\t\t\t\t\t\t\t\t\t\t\t<figure class=\"block-image\" style=\"background-image: url(https:\/\/www.golfe-sainttropez-tourisme.fr\/de\/wp-content\/uploads\/sites\/6\/2025\/12\/Le-rayol-canadel-sur-mer-plage-du-rayol-septembre-2024-11-504x630.jpg);\">\n\t\t\t\t\t\t\t\t\t\t\t<img decoding=\"async\" src=\"https:\/\/www.golfe-sainttropez-tourisme.fr\/de\/wp-content\/uploads\/sites\/6\/2025\/12\/Le-rayol-canadel-sur-mer-plage-du-rayol-septembre-2024-11-504x630.jpg\" alt=\"\" \/>\n\t\t\t\t\t\t\t\t\t\t<\/figure>\n\t\t\t\t\t\t\t\t\t\t\t\t\t\t\t\t\t\t<div class=\"block-body\">\n\t\t\t\t\t\t\t\t\t\t\t\t\t\t\t\t\t\t\t\t\t<h3 class=\"block-title\">Die Str\u00e4nde<\/h3>\n\t\t\t\t\t\t\t\t\t\t\t\t\t\t\t\t\t\t\t\t\t\t\t\t\t\t\t\t\t\t\t<p class=\"block-text\">Unsere feinen Sandstr\u00e4nde mit glitzernden Glimmerschiefern laden zum Tauchen, Spazierengehen und Atmen ein &#8230; immer ohne Einschr\u00e4nkungen.<br \/>\r\nF\u00fcnf Str\u00e4nde s\u00e4umen die K\u00fcste von Rayol: Hinzu kommen Buchten und felsige K\u00fcsten, die einen atemberaubenden Blick auf die \u00celes d&#8217;Or bieten, wie eine lebendige Postkarte.<\/p>\n\t\t\t\t\t\t\t\t\t\t\t\t\t\t\t\t\t\t\t<\/div>\n\t\t\t\t\t\t\t\t\t\t\t\t\t\t\t\t\t\t\t<div class=\"block-more\">\n\t\t\t\t\t\t\t\t\t\t\t<a class=\"btn btn-primary\" href=\"https:\/\/www.golfe-sainttropez-tourisme.fr\/de\/entdecken\/meerseite\/die-strande\/die-strande-in-rayol-canadel-sur-mer\/\" target=\"_self\">\n\t\t\t\t\t\t\t\t\t\t\t\t\t\t\t\t\t\t\t\t\t\t\t\t\tEntdecken Sie sie!\t\t\t\t\t\t\t\t\t\t\t\t\t\t\t\t\t\t\t\t\t\t\t<\/a>\n\t\t\t\t\t\t\t\t\t\t<\/div>\n\t\t\t\t\t\t\t\t\t\t\t\t\t\t\t\t\t<\/div>\n\t\t\t\t\t\t\t<\/div>\n\t\t\t\t\t\t\t\t\t\t\t\t\t<div class=\"col-xs-12 col-md-6\">\n\t\t\t\t\t\t\t\t<div class=\"block\">\n\t\t\t\t\t\t\t\t\t\t\t\t\t\t\t\t\t\t\t<figure class=\"block-image\" style=\"background-image: url(https:\/\/www.golfe-sainttropez-tourisme.fr\/de\/wp-content\/uploads\/sites\/6\/2025\/12\/fond-Route-du-Mimosa-420x630.jpg);\">\n\t\t\t\t\t\t\t\t\t\t\t<img decoding=\"async\" src=\"https:\/\/www.golfe-sainttropez-tourisme.fr\/de\/wp-content\/uploads\/sites\/6\/2025\/12\/fond-Route-du-Mimosa-420x630.jpg\" alt=\"\" \/>\n\t\t\t\t\t\t\t\t\t\t<\/figure>\n\t\t\t\t\t\t\t\t\t\t\t\t\t\t\t\t\t\t<div class=\"block-body\">\n\t\t\t\t\t\t\t\t\t\t\t\t\t\t\t\t\t\t\t\t\t<h3 class=\"block-title\">Die Route du Mimosa<\/h3>\n\t\t\t\t\t\t\t\t\t\t\t\t\t\t\t\t\t\t\t\t\t\t\t\t\t\t\t\t\t\t\t<p class=\"block-text\">Auf der Route du Mimosa ist Rayol-Canadel sur Mer ein strahlender Zwischenstopp, ein Moment zwischen Meer und goldenem Duft. Hier trifft leuchtendes Gelb auf das tiefe Blau der K\u00fcste, und jeder Abstecher l\u00e4dt zum Atmen, Schauen und Staunen ein. Eine Etappe, die man wie eine sanfte Auszeit auf diesem duftenden Weg erleben sollte.<\/p>\n\t\t\t\t\t\t\t\t\t\t\t\t\t\t\t\t\t\t\t<\/div>\n\t\t\t\t\t\t\t\t\t\t\t\t\t\t\t\t\t\t\t<div class=\"block-more\">\n\t\t\t\t\t\t\t\t\t\t\t<a class=\"btn btn-primary\" href=\"https:\/\/routedumimosa.com\/les-etapes\/rayol-canadel-sur-mer\/\" target=\"_self\">\n\t\t\t\t\t\t\t\t\t\t\t\t\t\t\t\t\t\t\t\t\t\t\t\t\tEntdecken Sie die Mimosa-Route\t\t\t\t\t\t\t\t\t\t\t\t\t\t\t\t\t\t\t\t\t\t\t<\/a>\n\t\t\t\t\t\t\t\t\t\t<\/div>\n\t\t\t\t\t\t\t\t\t\t\t\t\t\t\t\t\t<\/div>\n\t\t\t\t\t\t\t<\/div>\n\t\t\t\t\t\t\t\t\t\t\t\t\t<div class=\"col-xs-12 col-md-6\">\n\t\t\t\t\t\t\t\t<div class=\"block\">\n\t\t\t\t\t\t\t\t\t\t\t\t\t\t\t\t\t\t\t<figure class=\"block-image\" style=\"background-image: url(https:\/\/www.golfe-sainttropez-tourisme.fr\/de\/wp-content\/uploads\/sites\/6\/2025\/12\/Le-rayol-canadel-sur-mer-fete-de-lolive-2025-\u00a9otc-8-630x630.jpg);\">\n\t\t\t\t\t\t\t\t\t\t\t<img decoding=\"async\" src=\"https:\/\/www.golfe-sainttropez-tourisme.fr\/de\/wp-content\/uploads\/sites\/6\/2025\/12\/Le-rayol-canadel-sur-mer-fete-de-lolive-2025-\u00a9otc-8-630x630.jpg\" alt=\"\" \/>\n\t\t\t\t\t\t\t\t\t\t<\/figure>\n\t\t\t\t\t\t\t\t\t\t\t\t\t\t\t\t\t\t<div class=\"block-body\">\n\t\t\t\t\t\t\t\t\t\t\t\t\t\t\t\t\t\t\t\t\t<h3 class=\"block-title\">Das Olivenfest<\/h3>\n\t\t\t\t\t\t\t\t\t\t\t\t\t\t\t\t\t\t\t\t\t\t\t\t\t\t\t\t\t\t\t<p class=\"block-text\">Jedes Jahr am Ostersonntag und -montag feiert das Dorf das Olivenfest. Auf dem provenzalischen Markt k\u00f6nnen \u00d6l und K\u00f6stlichkeiten aus der Region verkostet und genossen werden. Zwischen Inthronisierungen, dem Pflanzen eines Olivenbaums, provenzalischen Liedern und Bravourst\u00fccken tanzt die Tradition mit der einfachen Freude an den kleinen Gl\u00fccksmomenten des S\u00fcdens.<\/p>\n\t\t\t\t\t\t\t\t\t\t\t\t\t\t\t\t\t\t\t<\/div>\n\t\t\t\t\t\t\t\t\t\t\t\t\t\t\t\t\t<\/div>\n\t\t\t\t\t\t\t<\/div>\n\t\t\t\t\t\t\t\t\t\t\t<\/div>\n\t\t\t\t<\/section>\n\t\t\t\t    \n\n\n<h2 class=\"wp-block-heading has-text-align-center\">Entdecken Sie Rayol-Canadel sur Mer<\/h2>\n\n\n\n<div style=\"height:35px\" aria-hidden=\"true\" class=\"wp-block-spacer\"><\/div>\n\n\n\n<div class=\"wp-block-columns is-layout-flex wp-container-core-columns-is-layout-9d6595d7 wp-block-columns-is-layout-flex\">\n<div class=\"wp-block-column is-layout-flow wp-block-column-is-layout-flow\" style=\"flex-basis:100%\">\n<figure class=\"wp-block-gallery has-nested-images columns-4 is-cropped wp-block-gallery-3 is-layout-flex wp-block-gallery-is-layout-flex\">\n<figure class=\"wp-block-image size-large is-style-rounded\"><img decoding=\"async\" data-id=\"166602\" src=\"https:\/\/www.golfe-sainttropez-tourisme.fr\/wp-content\/uploads\/2025\/12\/le-rayol-canadel-sur-mer-lieux-remarquables-\u00a9-Golfe-de-Saint-Tropez-4-769x1024.jpg\" alt=\"\" class=\"wp-image-166602\"\/><figcaption class=\"wp-element-caption\"><strong><a href=\"https:\/\/www.golfe-sainttropez-tourisme.fr\/de\/fiche-apidae\/randonnee-facile-sur-lancienne-voie-de-chemin-de-fer\/\">DER GR\u00dcNE WEG<\/a><\/strong><\/figcaption><\/figure>\n\n\n\n<figure class=\"wp-block-image size-large is-style-rounded\"><img decoding=\"async\" data-id=\"166601\" src=\"https:\/\/www.golfe-sainttropez-tourisme.fr\/wp-content\/uploads\/2025\/12\/Le-rayol-canadel-sur-mer-17-1024x684.jpg\" alt=\"\" class=\"wp-image-166601\"\/><figcaption class=\"wp-element-caption\"><strong><a href=\"https:\/\/www.golfe-sainttropez-tourisme.fr\/de\/fiche-apidae\/le-patec\/\">LE PATEC<\/a><\/strong><\/figcaption><\/figure>\n\n\n\n<figure class=\"wp-block-image size-large is-style-rounded\"><img decoding=\"async\" data-id=\"166600\" src=\"https:\/\/www.golfe-sainttropez-tourisme.fr\/wp-content\/uploads\/2025\/12\/Le-rayol-canadel-sur-mer-escalier-monumental-67-683x1024.jpg\" alt=\"\" class=\"wp-image-166600\"\/><figcaption class=\"wp-element-caption\"><strong><a href=\"https:\/\/www.golfe-sainttropez-tourisme.fr\/de\/fiche-apidae\/lescalier-monumental-et-le-drapeau\/\">DIE MONUMENTALE TREPPE<\/a><\/strong><\/figcaption><\/figure>\n\n\n\n<figure class=\"wp-block-image size-large is-style-rounded\"><img decoding=\"async\" data-id=\"166736\" src=\"https:\/\/www.golfe-sainttropez-tourisme.fr\/wp-content\/uploads\/2025\/12\/le-rayol-randonnee-drapeauxl-morgan-2022-\u00a9e.bertrand-tdr-15-663x1024.jpg\" alt=\"\" class=\"wp-image-166736\"\/><figcaption class=\"wp-element-caption\"><strong><strong><a href=\"https:\/\/www.golfe-sainttropez-tourisme.fr\/de\/freizeitaktivitaten\/freizeitaktivitaten\/wanderungen\/?utf8=%E2%9C%93&amp;f=1&amp;commune=rayol-canadel-sur-mer&amp;prestation_client=\">WANDERUNGEN<\/a><\/strong><\/strong><\/figcaption><\/figure>\n<\/figure>\n<\/div>\n<\/div>\n\n\n\n<h2 class=\"wp-block-heading has-text-align-center\">Panoramen<\/h2>\n\n\n\n<div style=\"height:35px\" aria-hidden=\"true\" class=\"wp-block-spacer\"><\/div>\n\n\n\t\t\t\t\t\t\t<section class=\"block-text-next-to-image\">\n\t\t\t\t\t\t\t\t\t\t\t<div class=\"block\">\n\t\t\t\t\t\t\t\t\t\t\t\t\t\t\t<figure class=\"block-image\" style=\"background-image: url(https:\/\/www.golfe-sainttropez-tourisme.fr\/de\/wp-content\/uploads\/sites\/6\/2025\/12\/le-rayol-canadel-randonnee-\u00a9-Golfe-de-Saint-Tropez-16-840x630.jpg);\">\n\t\t\t\t\t\t\t\t\t<img decoding=\"async\" src=\"https:\/\/www.golfe-sainttropez-tourisme.fr\/de\/wp-content\/uploads\/sites\/6\/2025\/12\/le-rayol-canadel-randonnee-\u00a9-Golfe-de-Saint-Tropez-16-840x630.jpg\" alt=\"\" \/>\n\t\t\t\t\t\t\t\t\t<figcaption><\/figcaption>\n\t\t\t\t\t\t\t\t<\/figure>\n\t\t\t\t\t\t\t\t\t\t\t\t\t\t<div class=\"block-body\">\n\t\t\t\t\t\t\t\t\t\t\t\t\t\t\t\t\t\t\t\t\t\t\t\t\t<p class=\"block-text\">Vom Col du Canadel aus offenbart sich Rayol-Canadel sur Mer in seiner ganzen Pracht. Der Blick reicht bis zum Mittelmeer und zu den \u00celes d&#8217;Or und bietet ein atemberaubendes Schauspiel. Zwischen tiefem Blau und goldenen Reflexen f\u00e4ngt jeder Blick den einzigartigen Charme dieses kleinen Paradieses ein.<\/p>\n\t\t\t\t\t\t\t\t\t\t\t\t\t\t\t\t\t\t\t\t\t\t\t<\/div>\n\t\t\t\t\t\t<\/div>\n\t\t\t\t\t\t\t\t\t<\/section>\n\t\t\t\t    \n\n\n<h2 class=\"wp-block-heading has-text-align-center\">Praktische Informationen<\/h2>\n\n\n\n<div style=\"height:35px\" aria-hidden=\"true\" class=\"wp-block-spacer\"><\/div>\n\n\n\n<div class=\"wp-block-columns is-layout-flex wp-container-core-columns-is-layout-9d6595d7 wp-block-columns-is-layout-flex\">\n<div class=\"wp-block-column is-layout-flow wp-block-column-is-layout-flow\" style=\"flex-basis:100%\">\n<figure class=\"wp-block-gallery has-nested-images columns-5 is-cropped wp-block-gallery-4 is-layout-flex wp-block-gallery-is-layout-flex\">\n<figure class=\"wp-block-image size-large is-style-rounded\"><a href=\"https:\/\/www.golfe-sainttropez-tourisme.fr\/sejourner\/ou-dormir\/?utf8=%E2%9C%93&amp;f=1&amp;commune=cogolin&amp;type=&amp;tarifs=\"><img decoding=\"async\" data-id=\"164679\" src=\"https:\/\/www.golfe-sainttropez-tourisme.fr\/wp-content\/uploads\/2025\/10\/Design-sans-titre3.png\" alt=\"\" class=\"wp-image-164679\"\/><\/a><figcaption class=\"wp-element-caption\"><strong><a href=\"https:\/\/www.golfe-sainttropez-tourisme.fr\/de\/aufenthalt\/ubernachten\/?utf8=%E2%9C%93&amp;f=1&amp;commune=rayol-canadel-sur-mer&amp;type=&amp;tarifs=\"><\/a><strong><a href=\"https:\/\/www.golfe-sainttropez-tourisme.fr\/de\/aufenthalt\/ubernachten\/?utf8=%E2%9C%93&amp;f=1&amp;commune=rayol-canadel-sur-mer&amp;type=&amp;tarifs=\">UNTERK\u00dcNFTE<\/a><\/strong><\/strong><\/figcaption><\/figure>\n\n\n\n<figure class=\"wp-block-image size-large is-style-rounded\"><a href=\"https:\/\/www.golfe-sainttropez-tourisme.fr\/sejourner\/ou-manger-ou-boire-un-verre\/?utf8=%E2%9C%93&amp;f=1&amp;commune=cogolin&amp;commerces_types_details=&amp;restaurant_specialite=&amp;tarifs=\"><img decoding=\"async\" data-id=\"164680\" src=\"https:\/\/www.golfe-sainttropez-tourisme.fr\/wp-content\/uploads\/2025\/10\/Design-sans-titre2.png\" alt=\"\" class=\"wp-image-164680\"\/><\/a><figcaption class=\"wp-element-caption\"><strong><a href=\"https:\/\/www.golfe-sainttropez-tourisme.fr\/de\/aufenthalt\/essen-und-trinken-wo-kann-man-ausgehen\/?utf8=%E2%9C%93&amp;f=1&amp;commune=rayol-canadel-sur-mer&amp;commerces_types_details=&amp;restaurant_specialite=&amp;tarifs=\">RESTAURANTS<\/a><\/strong><\/figcaption><\/figure>\n\n\n\n<figure class=\"wp-block-image size-full is-style-rounded\"><img decoding=\"async\" data-id=\"166603\" src=\"https:\/\/www.golfe-sainttropez-tourisme.fr\/wp-content\/uploads\/2025\/12\/SITE-OTC_Bas-de-page-communes-.png\" alt=\"\" class=\"wp-image-166603\"\/><figcaption class=\"wp-element-caption\"><strong><a href=\"https:\/\/www.golfe-sainttropez-tourisme.fr\/de\/fiche-apidae\/bureau-dinformation-touristique-du-rayol-canadel-sur-mer\/\"><\/a><strong><a href=\"https:\/\/www.golfe-sainttropez-tourisme.fr\/de\/fiche-apidae\/bureau-dinformation-touristique-du-rayol-canadel-sur-mer\/\">TOURISMUSB\u00dcRO<\/a><\/strong><\/strong><\/figcaption><\/figure>\n\n\n\n<figure class=\"wp-block-image size-large is-style-rounded\"><img decoding=\"async\" data-id=\"163933\" src=\"https:\/\/www.golfe-sainttropez-tourisme.fr\/wp-content\/uploads\/2025\/09\/1.png\" alt=\"\" class=\"wp-image-163933\"\/><figcaption class=\"wp-element-caption\"><strong><strong><a href=\"https:\/\/www.golfe-sainttropez-tourisme.fr\/de\/aufenthalt\/praktische-informationen\/anfahrt-und-mobilitat\/?utf8=%E2%9C%93&amp;f=1&amp;commune=rayol-canadel-sur-mer\">KOMMEN<\/a><\/strong><\/strong><\/figcaption><\/figure>\n\n\n\n<figure class=\"wp-block-image size-full is-style-rounded\"><img decoding=\"async\" data-id=\"164946\" src=\"https:\/\/www.golfe-sainttropez-tourisme.fr\/wp-content\/uploads\/2025\/11\/Parking.gif\" alt=\"\" class=\"wp-image-164946\"\/><figcaption class=\"wp-element-caption\"><strong><strong><a href=\"https:\/\/www.golfe-sainttropez-tourisme.fr\/de\/aufenthalt\/praktische-informationen\/parken\/?utf8=%E2%9C%93&amp;f=1&amp;commune=rayol-canadel-sur-mer\">PARKPL\u00c4TZE<\/a><\/strong><\/strong><\/figcaption><\/figure>\n<\/figure>\n<\/div>\n<\/div>\n","protected":false},"excerpt":{"rendered":"<p>Rayol-Canadel sur Mer : Freie Sicht auf das Mittelmeer    Stellen Sie sich vor, wie das Massif des Maures ins kristallklare Wasser des Mittelmeers abf\u00e4llt. Dazwischen, hoch oben auf der Steilk\u00fcste, liegt ein Dorf von \u00fcberschaubarer Gr\u00f6\u00dfe, das f\u00fcr immer von dieser herrlichen Aussicht profitiert. Und um das Ganze zu kr\u00f6nen, verf\u00fcgt es \u00fcber einen au\u00dfergew\u00f6hnlichen Garten. Dieses wahre Paradies existiert tats\u00e4chlich, Sie m\u00fcssen es nur noch selbst entdecken.                      Das Dorf ist ein kleiner, aber feiner Badeort, der sich \u00fcber 4\u00a0km erstreckt. Er ist ein echtes Paradies unber\u00fchrter Natur an der Corniche des Maures.    Die Must-Sees          Entdecken Sie Rayol-Canadel sur Mer           DER GR\u00dcNE WEG    LE PATEC    DIE MONUMENTALE TREPPE    WANDERUNGEN       Panoramen          Praktische Informationen           UNTERK\u00dcNFTE    RESTAURANTS    TOURISMUSB\u00dcRO    KOMMEN    PARKPL\u00c4TZE<\/p>\n","protected":false},"author":31,"featured_media":23677,"parent":26941,"menu_order":0,"comment_status":"closed","ping_status":"closed","template":"templates\/full-width.php","meta":{"_acf_changed":false,"inline_featured_image":false,"footnotes":""},"class_list":["post-26971","type-page","status-publish","has-post-thumbnail","hentry"],"acf":[],"_links":{"self":[{"href":"https:\/\/www.golfe-sainttropez-tourisme.fr\/de\/wp-json\/wp\/v2\/pages\/26971","targetHints":{"allow":["GET"]}}],"collection":[{"href":"https:\/\/www.golfe-sainttropez-tourisme.fr\/de\/wp-json\/wp\/v2\/pages"}],"about":[{"href":"https:\/\/www.golfe-sainttropez-tourisme.fr\/de\/wp-json\/wp\/v2\/types\/page"}],"author":[{"embeddable":true,"href":"https:\/\/www.golfe-sainttropez-tourisme.fr\/de\/wp-json\/wp\/v2\/users\/31"}],"replies":[{"embeddable":true,"href":"https:\/\/www.golfe-sainttropez-tourisme.fr\/de\/wp-json\/wp\/v2\/comments?post=26971"}],"version-history":[{"count":11,"href":"https:\/\/www.golfe-sainttropez-tourisme.fr\/de\/wp-json\/wp\/v2\/pages\/26971\/revisions"}],"predecessor-version":[{"id":153855,"href":"https:\/\/www.golfe-sainttropez-tourisme.fr\/de\/wp-json\/wp\/v2\/pages\/26971\/revisions\/153855"}],"up":[{"embeddable":true,"href":"https:\/\/www.golfe-sainttropez-tourisme.fr\/de\/wp-json\/wp\/v2\/pages\/26941"}],"wp:featuredmedia":[{"embeddable":true,"href":"https:\/\/www.golfe-sainttropez-tourisme.fr\/de\/wp-json\/wp\/v2\/media\/23677"}],"wp:attachment":[{"href":"https:\/\/www.golfe-sainttropez-tourisme.fr\/de\/wp-json\/wp\/v2\/media?parent=26971"}],"curies":[{"name":"wp","href":"https:\/\/api.w.org\/{rel}","templated":true}]}}