{"id":27226,"date":"2023-05-15T10:27:45","date_gmt":"2023-05-15T08:27:45","guid":{"rendered":"https:\/\/www.golfe-sainttropez-tourisme.fr\/de\/?page_id=27226"},"modified":"2024-01-11T16:04:17","modified_gmt":"2024-01-11T15:04:17","slug":"strand-von-marines-de-cogolin","status":"publish","type":"page","link":"https:\/\/www.golfe-sainttropez-tourisme.fr\/de\/entdecken\/meerseite\/die-strande\/strand-von-marines-de-cogolin\/","title":{"rendered":"Strand von Marines de Cogolin"},"content":{"rendered":"\n<blockquote class=\"wp-block-quote is-layout-flow wp-block-quote-is-layout-flow\">\n<p class=\"has-text-align-center\">Der 400\u00a0Meter lange Strand am Jachthafen bietet einen weiten und idyllischen Panoramablick auf den Golfe von Saint-Tropez.<\/p>\n<\/blockquote>\n\n\n\n<div class=\"wp-block-columns is-layout-flex wp-container-core-columns-is-layout-9d6595d7 wp-block-columns-is-layout-flex\">\n<div class=\"wp-block-column is-layout-flow wp-block-column-is-layout-flow\" style=\"flex-basis:100%\">\n<figure class=\"wp-block-gallery aligncenter has-nested-images columns-default is-cropped wp-block-gallery-2 is-layout-flex wp-block-gallery-is-layout-flex\">\n<figure class=\"wp-block-image size-full is-style-default\"><img loading=\"lazy\" decoding=\"async\" width=\"2560\" height=\"1427\" data-id=\"7903\" src=\"https:\/\/www.golfe-sainttropez-tourisme.fr\/de\/wp-content\/uploads\/sites\/6\/2022\/08\/Plage_Marines_Cogolin-scaled.jpg\" alt=\"\" class=\"wp-image-7903\" srcset=\"https:\/\/www.golfe-sainttropez-tourisme.fr\/de\/wp-content\/uploads\/sites\/6\/2022\/08\/Plage_Marines_Cogolin-scaled.jpg 2560w, https:\/\/www.golfe-sainttropez-tourisme.fr\/de\/wp-content\/uploads\/sites\/6\/2022\/08\/Plage_Marines_Cogolin-300x167.jpg 300w, https:\/\/www.golfe-sainttropez-tourisme.fr\/de\/wp-content\/uploads\/sites\/6\/2022\/08\/Plage_Marines_Cogolin-1024x571.jpg 1024w, https:\/\/www.golfe-sainttropez-tourisme.fr\/de\/wp-content\/uploads\/sites\/6\/2022\/08\/Plage_Marines_Cogolin-768x428.jpg 768w, https:\/\/www.golfe-sainttropez-tourisme.fr\/de\/wp-content\/uploads\/sites\/6\/2022\/08\/Plage_Marines_Cogolin-1536x856.jpg 1536w, https:\/\/www.golfe-sainttropez-tourisme.fr\/de\/wp-content\/uploads\/sites\/6\/2022\/08\/Plage_Marines_Cogolin-2048x1141.jpg 2048w, https:\/\/www.golfe-sainttropez-tourisme.fr\/de\/wp-content\/uploads\/sites\/6\/2022\/08\/Plage_Marines_Cogolin-150x84.jpg 150w, https:\/\/www.golfe-sainttropez-tourisme.fr\/de\/wp-content\/uploads\/sites\/6\/2022\/08\/Plage_Marines_Cogolin-1130x630.jpg 1130w\" sizes=\"auto, (max-width: 2560px) 100vw, 2560px\" \/><\/figure>\n\n\n\n<figure class=\"wp-block-image size-full\"><img loading=\"lazy\" decoding=\"async\" width=\"1920\" height=\"2560\" data-id=\"7910\" src=\"https:\/\/www.golfe-sainttropez-tourisme.fr\/de\/wp-content\/uploads\/sites\/6\/2022\/08\/Plage_Marines_Cogolin3-scaled.jpg\" alt=\"\" class=\"wp-image-7910\" srcset=\"https:\/\/www.golfe-sainttropez-tourisme.fr\/de\/wp-content\/uploads\/sites\/6\/2022\/08\/Plage_Marines_Cogolin3-scaled.jpg 1920w, https:\/\/www.golfe-sainttropez-tourisme.fr\/de\/wp-content\/uploads\/sites\/6\/2022\/08\/Plage_Marines_Cogolin3-225x300.jpg 225w, https:\/\/www.golfe-sainttropez-tourisme.fr\/de\/wp-content\/uploads\/sites\/6\/2022\/08\/Plage_Marines_Cogolin3-768x1024.jpg 768w, https:\/\/www.golfe-sainttropez-tourisme.fr\/de\/wp-content\/uploads\/sites\/6\/2022\/08\/Plage_Marines_Cogolin3-1152x1536.jpg 1152w, https:\/\/www.golfe-sainttropez-tourisme.fr\/de\/wp-content\/uploads\/sites\/6\/2022\/08\/Plage_Marines_Cogolin3-1536x2048.jpg 1536w, https:\/\/www.golfe-sainttropez-tourisme.fr\/de\/wp-content\/uploads\/sites\/6\/2022\/08\/Plage_Marines_Cogolin3-113x150.jpg 113w, https:\/\/www.golfe-sainttropez-tourisme.fr\/de\/wp-content\/uploads\/sites\/6\/2022\/08\/Plage_Marines_Cogolin3-300x400.jpg 300w, https:\/\/www.golfe-sainttropez-tourisme.fr\/de\/wp-content\/uploads\/sites\/6\/2022\/08\/Plage_Marines_Cogolin3-473x630.jpg 473w\" sizes=\"auto, (max-width: 1920px) 100vw, 1920px\" \/><\/figure>\n\n\n\n<figure class=\"wp-block-image size-full\"><img loading=\"lazy\" decoding=\"async\" width=\"2560\" height=\"1922\" data-id=\"7906\" src=\"https:\/\/www.golfe-sainttropez-tourisme.fr\/de\/wp-content\/uploads\/sites\/6\/2022\/08\/Plage_Marines_Cogolin1-scaled.jpg\" alt=\"\" class=\"wp-image-7906\" srcset=\"https:\/\/www.golfe-sainttropez-tourisme.fr\/de\/wp-content\/uploads\/sites\/6\/2022\/08\/Plage_Marines_Cogolin1-scaled.jpg 2560w, https:\/\/www.golfe-sainttropez-tourisme.fr\/de\/wp-content\/uploads\/sites\/6\/2022\/08\/Plage_Marines_Cogolin1-300x225.jpg 300w, https:\/\/www.golfe-sainttropez-tourisme.fr\/de\/wp-content\/uploads\/sites\/6\/2022\/08\/Plage_Marines_Cogolin1-1024x769.jpg 1024w, https:\/\/www.golfe-sainttropez-tourisme.fr\/de\/wp-content\/uploads\/sites\/6\/2022\/08\/Plage_Marines_Cogolin1-768x577.jpg 768w, https:\/\/www.golfe-sainttropez-tourisme.fr\/de\/wp-content\/uploads\/sites\/6\/2022\/08\/Plage_Marines_Cogolin1-1536x1153.jpg 1536w, https:\/\/www.golfe-sainttropez-tourisme.fr\/de\/wp-content\/uploads\/sites\/6\/2022\/08\/Plage_Marines_Cogolin1-2048x1538.jpg 2048w, https:\/\/www.golfe-sainttropez-tourisme.fr\/de\/wp-content\/uploads\/sites\/6\/2022\/08\/Plage_Marines_Cogolin1-150x113.jpg 150w, https:\/\/www.golfe-sainttropez-tourisme.fr\/de\/wp-content\/uploads\/sites\/6\/2022\/08\/Plage_Marines_Cogolin1-839x630.jpg 839w\" sizes=\"auto, (max-width: 2560px) 100vw, 2560px\" \/><\/figure>\n<\/figure>\n<\/div>\n<\/div>\n\n\n\n<p class=\"has-text-align-center\">Die Lage im Herzen des Golfe von Saint-Tropez, aber gleichzeitig weit entfernt vom L\u00e4rm der Verkehrsstra\u00dfen, macht den Strand mit allen Dienstleistungen und Einrichtungen zum perfekten Ausflugsziel.<\/p>\n\n\n\n<p class=\"has-text-align-center\">Praktische Information f\u00fcr Familien: Das Baden am Strand wird vom 15.\u00a0Juni bis zum 15.\u00a0September \u00fcberwacht. Duschen, ein schattiger Parkplatz in der N\u00e4he (geb\u00fchrenpflichtig im Juli\/August), ein Picknickbereich und w\u00e4hrend der Saison ausleihbare aufblasbare Schwimmtiere\/Luftmatratzen runden das Angebot am Strand ab.<\/p>\n\n\n\n<p class=\"has-text-align-center\">Sie m\u00f6chten sich lieber sportlich bet\u00e4tigen? Dann sind Sie hier genau richtig. Die Wassersportbasis steht Ihnen das ganze Jahr \u00fcber offen, f\u00fcr Anf\u00e4ngerkurse vieler Wassersportarten oder zur Unterst\u00fctzung, damit Sie Ihr Hobby voll und ganz genie\u00dfen k\u00f6nnen.<\/p>\n\n\n\n<p class=\"has-text-align-center\">Eine kleine St\u00e4rkung oder ein erfrischendes Getr\u00e4nk gef\u00e4llig? In einer Badepause stehen Ihnen zwei Restaurants zur Auswahl, die Ihnen Erfrischungen anbieten, zum Beispiel einen Aperitif bei Sonnenuntergang oder ein Mittag-\/Abendessen mit den F\u00fc\u00dfen im Sand. Nur 100\u00a0Meter vom Strand entfernt k\u00f6nnen Sie sich im Juli und August von unseren freundlichen Damen im Tourismusb\u00fcro beraten lassen: Dort erhalten Sie touristische Brosch\u00fcren sowie Tickets f\u00fcr Freizeitaktivit\u00e4ten und F\u00e4hren, die die Badeorte des Golfe verbinden (Marines de Cogolin, Saint-Tropez, Sainte-Maxime und Port-Grimaud).<\/p>\n","protected":false},"excerpt":{"rendered":"<p>Der 400\u00a0Meter lange Strand am Jachthafen bietet einen weiten und idyllischen Panoramablick auf den Golfe von Saint-Tropez.                       Die Lage im Herzen des Golfe von Saint-Tropez, aber gleichzeitig weit entfernt vom L\u00e4rm der Verkehrsstra\u00dfen, macht den Strand mit allen Dienstleistungen und Einrichtungen zum perfekten Ausflugsziel.    Praktische Information f\u00fcr Familien: Das Baden am Strand wird vom 15.\u00a0Juni bis zum 15.\u00a0September \u00fcberwacht. Duschen, ein schattiger Parkplatz in der N\u00e4he (geb\u00fchrenpflichtig im Juli\/August), ein Picknickbereich und w\u00e4hrend der Saison ausleihbare aufblasbare Schwimmtiere\/Luftmatratzen runden das Angebot am Strand ab.    Sie m\u00f6chten sich lieber sportlich bet\u00e4tigen? Dann sind Sie hier genau richtig. Die Wassersportbasis steht Ihnen das ganze Jahr \u00fcber offen, f\u00fcr Anf\u00e4ngerkurse vieler Wassersportarten oder zur Unterst\u00fctzung, damit Sie Ihr Hobby voll und ganz genie\u00dfen k\u00f6nnen.    Eine kleine St\u00e4rkung oder ein erfrischendes Getr\u00e4nk gef\u00e4llig? In einer Badepause stehen Ihnen zwei Restaurants zur Auswahl, die Ihnen Erfrischungen anbieten, zum Beispiel einen Aperitif bei Sonnenuntergang oder ein Mittag-\/Abendessen mit den F\u00fc\u00dfen im Sand. Nur 100\u00a0Meter vom Strand entfernt k\u00f6nnen Sie sich im Juli und August von unseren freundlichen Damen im Tourismusb\u00fcro beraten lassen: Dort erhalten Sie touristische Brosch\u00fcren sowie Tickets f\u00fcr Freizeitaktivit\u00e4ten und F\u00e4hren, die die Badeorte des Golfe verbinden (Marines de Cogolin, Saint-Tropez, Sainte-Maxime und Port-Grimaud).<\/p>\n","protected":false},"author":31,"featured_media":5829,"parent":27219,"menu_order":9,"comment_status":"closed","ping_status":"closed","template":"templates\/full-width.php","meta":{"_acf_changed":false,"inline_featured_image":false,"footnotes":""},"class_list":["post-27226","type-page","status-publish","has-post-thumbnail","hentry"],"acf":[],"_links":{"self":[{"href":"https:\/\/www.golfe-sainttropez-tourisme.fr\/de\/wp-json\/wp\/v2\/pages\/27226","targetHints":{"allow":["GET"]}}],"collection":[{"href":"https:\/\/www.golfe-sainttropez-tourisme.fr\/de\/wp-json\/wp\/v2\/pages"}],"about":[{"href":"https:\/\/www.golfe-sainttropez-tourisme.fr\/de\/wp-json\/wp\/v2\/types\/page"}],"author":[{"embeddable":true,"href":"https:\/\/www.golfe-sainttropez-tourisme.fr\/de\/wp-json\/wp\/v2\/users\/31"}],"replies":[{"embeddable":true,"href":"https:\/\/www.golfe-sainttropez-tourisme.fr\/de\/wp-json\/wp\/v2\/comments?post=27226"}],"version-history":[{"count":4,"href":"https:\/\/www.golfe-sainttropez-tourisme.fr\/de\/wp-json\/wp\/v2\/pages\/27226\/revisions"}],"predecessor-version":[{"id":85833,"href":"https:\/\/www.golfe-sainttropez-tourisme.fr\/de\/wp-json\/wp\/v2\/pages\/27226\/revisions\/85833"}],"up":[{"embeddable":true,"href":"https:\/\/www.golfe-sainttropez-tourisme.fr\/de\/wp-json\/wp\/v2\/pages\/27219"}],"wp:featuredmedia":[{"embeddable":true,"href":"https:\/\/www.golfe-sainttropez-tourisme.fr\/de\/wp-json\/wp\/v2\/media\/5829"}],"wp:attachment":[{"href":"https:\/\/www.golfe-sainttropez-tourisme.fr\/de\/wp-json\/wp\/v2\/media?parent=27226"}],"curies":[{"name":"wp","href":"https:\/\/api.w.org\/{rel}","templated":true}]}}