{"id":27264,"date":"2023-05-15T10:51:29","date_gmt":"2023-05-15T08:51:29","guid":{"rendered":"https:\/\/www.golfe-sainttropez-tourisme.fr\/de\/?page_id=27264"},"modified":"2023-12-11T14:32:43","modified_gmt":"2023-12-11T13:32:43","slug":"sehenswurdigkeitenitre","status":"publish","type":"page","link":"https:\/\/www.golfe-sainttropez-tourisme.fr\/de\/entdecken\/naturseite\/sehenswurdigkeitenitre\/","title":{"rendered":"Sehensw\u00fcrdigkeitenitre"},"content":{"rendered":"\n<blockquote class=\"wp-block-quote has-text-align-center is-layout-flow wp-block-quote-is-layout-flow\">\n<p class=\"has-text-align-center\">Inmitten dieser unber\u00fchrten Natur befinden sich zahlreiche Kulturerbest\u00e4tten, die von einer umweltbewussteren Zeit zeugen, die manchmal gar nicht so weit zur\u00fcckliegt.&nbsp;Reisen Sie zur\u00fcck in die vorgeschichtliche Zeit und entdecken Sie das nat\u00fcrliche und architektonische Erbe au\u00dfergew\u00f6hnliche Orte. Hier pr\u00e4sentieren wir Ihnen die Sehensw\u00fcrdigkeiten, die Sie nicht verpassen d\u00fcrfen.<\/p>\n<\/blockquote>\n\n\n\t\t\t\t\t\t\t<section class=\"block-text-on-image\">\n\t\t\t\t\t<div class=\"row row-flex\">\n\t\t\t\t\t\t\t\t\t\t\t\t\t<div class=\"col-xs-12 col-md-6\">\n\t\t\t\t\t\t\t\t<div class=\"block\">\n\t\t\t\t\t\t\t\t\t\t\t\t\t\t\t\t\t\t\t<figure class=\"block-image\" style=\"background-image: url(https:\/\/www.golfe-sainttropez-tourisme.fr\/de\/wp-content\/uploads\/sites\/6\/2022\/08\/San_Peire-840x630.jpg);\">\n\t\t\t\t\t\t\t\t\t\t\t<img decoding=\"async\" src=\"https:\/\/www.golfe-sainttropez-tourisme.fr\/de\/wp-content\/uploads\/sites\/6\/2022\/08\/San_Peire-840x630.jpg\" alt=\"\" \/>\n\t\t\t\t\t\t\t\t\t\t<\/figure>\n\t\t\t\t\t\t\t\t\t\t\t\t\t\t\t\t\t\t<div class=\"block-body\">\n\t\t\t\t\t\t\t\t\t\t\t\t\t\t\t\t\t\t\t\t\t<h3 class=\"block-title\">Das Festungsdorf Fort-Freinet<\/h3>\n\t\t\t\t\t\t\t\t\t\t\t\t\t\t\t\t\t\t\t\t\t\t\t\t\t\t\t\t\t\t\t<p class=\"block-text\">Dabei handelt es sich um eine befestigte Siedlung aus dem Mittelalter, die sich \u00fcber eine Fl\u00e4che von 4 000 m\u00b2 erstreckt. <\/p>\n\t\t\t\t\t\t\t\t\t\t\t\t\t\t\t\t\t\t\t<\/div>\n\t\t\t\t\t\t\t\t\t\t\t\t\t\t\t\t\t\t\t<div class=\"block-more\">\n\t\t\t\t\t\t\t\t\t\t\t<a class=\"btn btn-primary\" href=\"https:\/\/www.golfe-sainttropez-tourisme.fr\/de\/entdecken\/naturseite\/sehenswurdigkeitenitre\/das-festungsdorf-fort-freinet\" target=\"_self\">\n\t\t\t\t\t\t\t\t\t\t\t\t\t\t\t\t\t\t\t\t\t\t\t\t\tDas Festungsdorf Fort-Freinet\t\t\t\t\t\t\t\t\t\t\t\t\t\t\t\t\t\t\t\t\t\t\t<\/a>\n\t\t\t\t\t\t\t\t\t\t<\/div>\n\t\t\t\t\t\t\t\t\t\t\t\t\t\t\t\t\t<\/div>\n\t\t\t\t\t\t\t<\/div>\n\t\t\t\t\t\t\t\t\t\t\t\t\t<div class=\"col-xs-12 col-md-6\">\n\t\t\t\t\t\t\t\t<div class=\"block\">\n\t\t\t\t\t\t\t\t\t\t\t\t\t\t\t\t\t\t\t<figure class=\"block-image\" style=\"background-image: url(https:\/\/www.golfe-sainttropez-tourisme.fr\/de\/wp-content\/uploads\/sites\/6\/2022\/08\/San_Peire3-840x630.jpg);\">\n\t\t\t\t\t\t\t\t\t\t\t<img decoding=\"async\" src=\"https:\/\/www.golfe-sainttropez-tourisme.fr\/de\/wp-content\/uploads\/sites\/6\/2022\/08\/San_Peire3-840x630.jpg\" alt=\"\" \/>\n\t\t\t\t\t\t\t\t\t\t<\/figure>\n\t\t\t\t\t\t\t\t\t\t\t\t\t\t\t\t\t\t<div class=\"block-body\">\n\t\t\t\t\t\t\t\t\t\t\t\t\t\t\t\t\t\t\t\t\t<h3 class=\"block-title\">San Pe\u00efre<\/h3>\n\t\t\t\t\t\t\t\t\t\t\t\t\t\t\t\t\t\t\t\t\t\t\t\t\t\t\t\t\t\t\t<p class=\"block-text\">Der Betrachter des Meeres<\/p>\n\t\t\t\t\t\t\t\t\t\t\t\t\t\t\t\t\t\t\t<\/div>\n\t\t\t\t\t\t\t\t\t\t\t\t\t\t\t\t\t\t\t<div class=\"block-more\">\n\t\t\t\t\t\t\t\t\t\t\t<a class=\"btn btn-primary\" href=\"https:\/\/www.golfe-sainttropez-tourisme.fr\/de\/entdecken\/naturseite\/sehenswurdigkeitenitre\/san-peire\/\" target=\"_self\">\n\t\t\t\t\t\t\t\t\t\t\t\t\t\t\t\t\t\t\t\t\t\t\t\t\tSan Pe\u00efre\t\t\t\t\t\t\t\t\t\t\t\t\t\t\t\t\t\t\t\t\t\t\t<\/a>\n\t\t\t\t\t\t\t\t\t\t<\/div>\n\t\t\t\t\t\t\t\t\t\t\t\t\t\t\t\t\t<\/div>\n\t\t\t\t\t\t\t<\/div>\n\t\t\t\t\t\t\t\t\t\t\t\t\t<div class=\"col-xs-12 col-md-6\">\n\t\t\t\t\t\t\t\t<div class=\"block\">\n\t\t\t\t\t\t\t\t\t\t\t\t\t\t\t\t\t\t\t<figure class=\"block-image\" style=\"background-image: url(https:\/\/www.golfe-sainttropez-tourisme.fr\/de\/wp-content\/uploads\/sites\/6\/2022\/08\/Barrage_Verne4-955x630.jpg);\">\n\t\t\t\t\t\t\t\t\t\t\t<img decoding=\"async\" src=\"https:\/\/www.golfe-sainttropez-tourisme.fr\/de\/wp-content\/uploads\/sites\/6\/2022\/08\/Barrage_Verne4-955x630.jpg\" alt=\"\" \/>\n\t\t\t\t\t\t\t\t\t\t<\/figure>\n\t\t\t\t\t\t\t\t\t\t\t\t\t\t\t\t\t\t<div class=\"block-body\">\n\t\t\t\t\t\t\t\t\t\t\t\t\t\t\t\t\t\t\t\t\t<h3 class=\"block-title\">Der Staudamm von la Verne<\/h3>\n\t\t\t\t\t\t\t\t\t\t\t\t\t\t\t\t\t\t\t\t\t\t\t\t\t\t\t\t\t\t\t<p class=\"block-text\">Der Barrage de la Verne ist von einer wundersch\u00f6nen H\u00fcgellandschaft umgeben.<\/p>\n\t\t\t\t\t\t\t\t\t\t\t\t\t\t\t\t\t\t\t<\/div>\n\t\t\t\t\t\t\t\t\t\t\t\t\t\t\t\t\t\t\t<div class=\"block-more\">\n\t\t\t\t\t\t\t\t\t\t\t<a class=\"btn btn-primary\" href=\"https:\/\/www.golfe-sainttropez-tourisme.fr\/de\/entdecken\/naturseite\/sehenswurdigkeitenitre\/der-staudamm-von-la-verne\" target=\"_self\">\n\t\t\t\t\t\t\t\t\t\t\t\t\t\t\t\t\t\t\t\t\t\t\t\t\tDer Staudamm von la Verne\t\t\t\t\t\t\t\t\t\t\t\t\t\t\t\t\t\t\t\t\t\t\t<\/a>\n\t\t\t\t\t\t\t\t\t\t<\/div>\n\t\t\t\t\t\t\t\t\t\t\t\t\t\t\t\t\t<\/div>\n\t\t\t\t\t\t\t<\/div>\n\t\t\t\t\t\t\t\t\t\t\t\t\t<div class=\"col-xs-12 col-md-6\">\n\t\t\t\t\t\t\t\t<div class=\"block\">\n\t\t\t\t\t\t\t\t\t\t\t\t\t\t\t\t\t\t\t<figure class=\"block-image\" style=\"background-image: url(https:\/\/www.golfe-sainttropez-tourisme.fr\/de\/wp-content\/uploads\/sites\/6\/2022\/08\/Domaine_Rayol-1150x630.jpg);\">\n\t\t\t\t\t\t\t\t\t\t\t<img decoding=\"async\" src=\"https:\/\/www.golfe-sainttropez-tourisme.fr\/de\/wp-content\/uploads\/sites\/6\/2022\/08\/Domaine_Rayol-1150x630.jpg\" alt=\"\" \/>\n\t\t\t\t\t\t\t\t\t\t<\/figure>\n\t\t\t\t\t\t\t\t\t\t\t\t\t\t\t\t\t\t<div class=\"block-body\">\n\t\t\t\t\t\t\t\t\t\t\t\t\t\t\t\t\t\t\t\t\t<h3 class=\"block-title\">Das Naturschutzgebiet Domaine du Rayol<\/h3>\n\t\t\t\t\t\t\t\t\t\t\t\t\t\t\t\t\t\t\t\t\t\t\t\t\t\t\t\t\t\t\t<p class=\"block-text\">Hier gibt es allerhand zu entdecken !<br \/>\r\n<br \/>\r\n<\/p>\n\t\t\t\t\t\t\t\t\t\t\t\t\t\t\t\t\t\t\t<\/div>\n\t\t\t\t\t\t\t\t\t\t\t\t\t\t\t\t\t\t\t<div class=\"block-more\">\n\t\t\t\t\t\t\t\t\t\t\t<a class=\"btn btn-primary\" href=\"https:\/\/www.golfe-sainttropez-tourisme.fr\/de\/entdecken\/naturseite\/sehenswurdigkeitenitre\/das-naturschutzgebiet-domaine-du-rayol\" target=\"_self\">\n\t\t\t\t\t\t\t\t\t\t\t\t\t\t\t\t\t\t\t\t\t\t\t\t\tDas Naturschutzgebiet Domaine du Rayol\t\t\t\t\t\t\t\t\t\t\t\t\t\t\t\t\t\t\t\t\t\t\t<\/a>\n\t\t\t\t\t\t\t\t\t\t<\/div>\n\t\t\t\t\t\t\t\t\t\t\t\t\t\t\t\t\t<\/div>\n\t\t\t\t\t\t\t<\/div>\n\t\t\t\t\t\t\t\t\t\t\t\t\t<div class=\"col-xs-12 col-md-6\">\n\t\t\t\t\t\t\t\t<div class=\"block\">\n\t\t\t\t\t\t\t\t\t\t\t\t\t\t\t\t\t\t\t<figure class=\"block-image\" style=\"background-image: url(https:\/\/www.golfe-sainttropez-tourisme.fr\/de\/wp-content\/uploads\/sites\/6\/2022\/08\/Sentier_botanique-925x630.jpg);\">\n\t\t\t\t\t\t\t\t\t\t\t<img decoding=\"async\" src=\"https:\/\/www.golfe-sainttropez-tourisme.fr\/de\/wp-content\/uploads\/sites\/6\/2022\/08\/Sentier_botanique-925x630.jpg\" alt=\"\" \/>\n\t\t\t\t\t\t\t\t\t\t<\/figure>\n\t\t\t\t\t\t\t\t\t\t\t\t\t\t\t\t\t\t<div class=\"block-body\">\n\t\t\t\t\t\t\t\t\t\t\t\t\t\t\t\t\t\t\t\t\t<h3 class=\"block-title\">Botanischer Lehrpfad<\/h3>\n\t\t\t\t\t\t\t\t\t\t\t\t\t\t\t\t\t\t\t\t\t\t\t\t\t\t\t\t\t\t\t<p class=\"block-text\">Perfekt f\u00fcr den Familienausflug<\/p>\n\t\t\t\t\t\t\t\t\t\t\t\t\t\t\t\t\t\t\t<\/div>\n\t\t\t\t\t\t\t\t\t\t\t\t\t\t\t\t\t\t\t<div class=\"block-more\">\n\t\t\t\t\t\t\t\t\t\t\t<a class=\"btn btn-primary\" href=\"https:\/\/www.golfe-sainttropez-tourisme.fr\/de\/entdecken\/naturseite\/sehenswurdigkeitenitre\/botanischer-lehrpfad\" target=\"_self\">\n\t\t\t\t\t\t\t\t\t\t\t\t\t\t\t\t\t\t\t\t\t\t\t\t\tBotanischer Lehrpfad\t\t\t\t\t\t\t\t\t\t\t\t\t\t\t\t\t\t\t\t\t\t\t<\/a>\n\t\t\t\t\t\t\t\t\t\t<\/div>\n\t\t\t\t\t\t\t\t\t\t\t\t\t\t\t\t\t<\/div>\n\t\t\t\t\t\t\t<\/div>\n\t\t\t\t\t\t\t\t\t\t\t<\/div>\n\t\t\t\t<\/section>\n\t\t\t\t    ","protected":false},"excerpt":{"rendered":"<p>Inmitten dieser unber\u00fchrten Natur befinden sich zahlreiche Kulturerbest\u00e4tten, die von einer umweltbewussteren Zeit zeugen, die manchmal gar nicht so weit zur\u00fcckliegt.&nbsp;Reisen Sie zur\u00fcck in die vorgeschichtliche Zeit und entdecken Sie das nat\u00fcrliche und architektonische Erbe au\u00dfergew\u00f6hnliche Orte. Hier pr\u00e4sentieren wir Ihnen die Sehensw\u00fcrdigkeiten, die Sie nicht verpassen d\u00fcrfen.<\/p>\n","protected":false},"author":31,"featured_media":6186,"parent":27254,"menu_order":16,"comment_status":"open","ping_status":"open","template":"templates\/full-width.php","meta":{"_acf_changed":false,"inline_featured_image":false,"footnotes":""},"class_list":["post-27264","type-page","status-publish","has-post-thumbnail","hentry"],"acf":[],"_links":{"self":[{"href":"https:\/\/www.golfe-sainttropez-tourisme.fr\/de\/wp-json\/wp\/v2\/pages\/27264","targetHints":{"allow":["GET"]}}],"collection":[{"href":"https:\/\/www.golfe-sainttropez-tourisme.fr\/de\/wp-json\/wp\/v2\/pages"}],"about":[{"href":"https:\/\/www.golfe-sainttropez-tourisme.fr\/de\/wp-json\/wp\/v2\/types\/page"}],"author":[{"embeddable":true,"href":"https:\/\/www.golfe-sainttropez-tourisme.fr\/de\/wp-json\/wp\/v2\/users\/31"}],"replies":[{"embeddable":true,"href":"https:\/\/www.golfe-sainttropez-tourisme.fr\/de\/wp-json\/wp\/v2\/comments?post=27264"}],"version-history":[{"count":15,"href":"https:\/\/www.golfe-sainttropez-tourisme.fr\/de\/wp-json\/wp\/v2\/pages\/27264\/revisions"}],"predecessor-version":[{"id":84170,"href":"https:\/\/www.golfe-sainttropez-tourisme.fr\/de\/wp-json\/wp\/v2\/pages\/27264\/revisions\/84170"}],"up":[{"embeddable":true,"href":"https:\/\/www.golfe-sainttropez-tourisme.fr\/de\/wp-json\/wp\/v2\/pages\/27254"}],"wp:featuredmedia":[{"embeddable":true,"href":"https:\/\/www.golfe-sainttropez-tourisme.fr\/de\/wp-json\/wp\/v2\/media\/6186"}],"wp:attachment":[{"href":"https:\/\/www.golfe-sainttropez-tourisme.fr\/de\/wp-json\/wp\/v2\/media?parent=27264"}],"curies":[{"name":"wp","href":"https:\/\/api.w.org\/{rel}","templated":true}]}}