{"id":27283,"date":"2023-05-15T11:00:04","date_gmt":"2023-05-15T09:00:04","guid":{"rendered":"https:\/\/www.golfe-sainttropez-tourisme.fr\/de\/?page_id=27283"},"modified":"2023-12-11T16:14:45","modified_gmt":"2023-12-11T15:14:45","slug":"der-staudamm-von-la-verne","status":"publish","type":"page","link":"https:\/\/www.golfe-sainttropez-tourisme.fr\/de\/entdecken\/naturseite\/sehenswurdigkeitenitre\/der-staudamm-von-la-verne\/","title":{"rendered":"Der Staudamm von la Verne"},"content":{"rendered":"\n<blockquote class=\"wp-block-quote has-text-align-center is-layout-flow wp-block-quote-is-layout-flow\">\n<p class=\"has-text-align-center\">Der Barrage de la Verne ist von einer wundersch\u00f6nen H\u00fcgellandschaft umgeben.<\/p>\n<\/blockquote>\n\n\n\n<div class=\"wp-block-columns is-layout-flex wp-container-core-columns-is-layout-9d6595d7 wp-block-columns-is-layout-flex\">\n<div class=\"wp-block-column is-layout-flow wp-block-column-is-layout-flow\" style=\"flex-basis:100%\">\n<figure class=\"wp-block-gallery has-nested-images columns-default is-cropped wp-block-gallery-2 is-layout-flex wp-block-gallery-is-layout-flex\">\n<figure class=\"wp-block-image size-large\"><img loading=\"lazy\" decoding=\"async\" width=\"1024\" height=\"676\" data-id=\"5884\" src=\"https:\/\/www.golfe-sainttropez-tourisme.fr\/de\/wp-content\/uploads\/sites\/6\/2022\/08\/Barrage_Verne4-1024x676.jpg\" alt=\"\" class=\"wp-image-5884\" srcset=\"https:\/\/www.golfe-sainttropez-tourisme.fr\/de\/wp-content\/uploads\/sites\/6\/2022\/08\/Barrage_Verne4-1024x676.jpg 1024w, https:\/\/www.golfe-sainttropez-tourisme.fr\/de\/wp-content\/uploads\/sites\/6\/2022\/08\/Barrage_Verne4-300x198.jpg 300w, https:\/\/www.golfe-sainttropez-tourisme.fr\/de\/wp-content\/uploads\/sites\/6\/2022\/08\/Barrage_Verne4-768x507.jpg 768w, https:\/\/www.golfe-sainttropez-tourisme.fr\/de\/wp-content\/uploads\/sites\/6\/2022\/08\/Barrage_Verne4-1536x1014.jpg 1536w, https:\/\/www.golfe-sainttropez-tourisme.fr\/de\/wp-content\/uploads\/sites\/6\/2022\/08\/Barrage_Verne4-2048x1352.jpg 2048w, https:\/\/www.golfe-sainttropez-tourisme.fr\/de\/wp-content\/uploads\/sites\/6\/2022\/08\/Barrage_Verne4-150x99.jpg 150w, https:\/\/www.golfe-sainttropez-tourisme.fr\/de\/wp-content\/uploads\/sites\/6\/2022\/08\/Barrage_Verne4-955x630.jpg 955w\" sizes=\"auto, (max-width: 1024px) 100vw, 1024px\" \/><\/figure>\n\n\n\n<figure class=\"wp-block-image size-large\"><img loading=\"lazy\" decoding=\"async\" width=\"1024\" height=\"663\" data-id=\"23644\" src=\"https:\/\/www.golfe-sainttropez-tourisme.fr\/de\/wp-content\/uploads\/sites\/6\/2023\/03\/la-mole-barrage-\u00a9-e.bertrand-Tous-Droits-Reserves-2016-19-1024x663.jpg\" alt=\"\" class=\"wp-image-23644\" srcset=\"https:\/\/www.golfe-sainttropez-tourisme.fr\/de\/wp-content\/uploads\/sites\/6\/2023\/03\/la-mole-barrage-\u00a9-e.bertrand-Tous-Droits-Reserves-2016-19-1024x663.jpg 1024w, https:\/\/www.golfe-sainttropez-tourisme.fr\/de\/wp-content\/uploads\/sites\/6\/2023\/03\/la-mole-barrage-\u00a9-e.bertrand-Tous-Droits-Reserves-2016-19-300x194.jpg 300w, https:\/\/www.golfe-sainttropez-tourisme.fr\/de\/wp-content\/uploads\/sites\/6\/2023\/03\/la-mole-barrage-\u00a9-e.bertrand-Tous-Droits-Reserves-2016-19-768x497.jpg 768w, https:\/\/www.golfe-sainttropez-tourisme.fr\/de\/wp-content\/uploads\/sites\/6\/2023\/03\/la-mole-barrage-\u00a9-e.bertrand-Tous-Droits-Reserves-2016-19-1536x994.jpg 1536w, https:\/\/www.golfe-sainttropez-tourisme.fr\/de\/wp-content\/uploads\/sites\/6\/2023\/03\/la-mole-barrage-\u00a9-e.bertrand-Tous-Droits-Reserves-2016-19-2048x1325.jpg 2048w, https:\/\/www.golfe-sainttropez-tourisme.fr\/de\/wp-content\/uploads\/sites\/6\/2023\/03\/la-mole-barrage-\u00a9-e.bertrand-Tous-Droits-Reserves-2016-19-150x97.jpg 150w, https:\/\/www.golfe-sainttropez-tourisme.fr\/de\/wp-content\/uploads\/sites\/6\/2023\/03\/la-mole-barrage-\u00a9-e.bertrand-Tous-Droits-Reserves-2016-19-974x630.jpg 974w\" sizes=\"auto, (max-width: 1024px) 100vw, 1024px\" \/><\/figure>\n\n\n\n<figure class=\"wp-block-image size-large\"><img loading=\"lazy\" decoding=\"async\" width=\"1024\" height=\"672\" data-id=\"23656\" src=\"https:\/\/www.golfe-sainttropez-tourisme.fr\/de\/wp-content\/uploads\/sites\/6\/2023\/03\/la-mole-barrage-de-la-verne-enfant-2016-\u00a9e.bertrand-droits-reserves-30-1024x672.jpg\" alt=\"\" class=\"wp-image-23656\" srcset=\"https:\/\/www.golfe-sainttropez-tourisme.fr\/de\/wp-content\/uploads\/sites\/6\/2023\/03\/la-mole-barrage-de-la-verne-enfant-2016-\u00a9e.bertrand-droits-reserves-30-1024x672.jpg 1024w, https:\/\/www.golfe-sainttropez-tourisme.fr\/de\/wp-content\/uploads\/sites\/6\/2023\/03\/la-mole-barrage-de-la-verne-enfant-2016-\u00a9e.bertrand-droits-reserves-30-300x197.jpg 300w, https:\/\/www.golfe-sainttropez-tourisme.fr\/de\/wp-content\/uploads\/sites\/6\/2023\/03\/la-mole-barrage-de-la-verne-enfant-2016-\u00a9e.bertrand-droits-reserves-30-768x504.jpg 768w, https:\/\/www.golfe-sainttropez-tourisme.fr\/de\/wp-content\/uploads\/sites\/6\/2023\/03\/la-mole-barrage-de-la-verne-enfant-2016-\u00a9e.bertrand-droits-reserves-30-1536x1008.jpg 1536w, https:\/\/www.golfe-sainttropez-tourisme.fr\/de\/wp-content\/uploads\/sites\/6\/2023\/03\/la-mole-barrage-de-la-verne-enfant-2016-\u00a9e.bertrand-droits-reserves-30-2048x1343.jpg 2048w, https:\/\/www.golfe-sainttropez-tourisme.fr\/de\/wp-content\/uploads\/sites\/6\/2023\/03\/la-mole-barrage-de-la-verne-enfant-2016-\u00a9e.bertrand-droits-reserves-30-150x98.jpg 150w, https:\/\/www.golfe-sainttropez-tourisme.fr\/de\/wp-content\/uploads\/sites\/6\/2023\/03\/la-mole-barrage-de-la-verne-enfant-2016-\u00a9e.bertrand-droits-reserves-30-960x630.jpg 960w\" sizes=\"auto, (max-width: 1024px) 100vw, 1024px\" \/><\/figure>\n<\/figure>\n<\/div>\n<\/div>\n\n\n\n<p class=\"has-text-align-center\">Desorientiert und <strong>\u00e4u\u00dferst friedlich<\/strong>, Die abwechslungsreiche und ruhige Umgebung ist nicht umsonst die Heimat zahlreicher Populationen von Graureihern, Zugv\u00f6geln und Wasserschildkr\u00f6ten.<\/p>\n\n\n\n<p class=\"has-text-align-center\">Dieser Ort ist nur zu Fu\u00df erreichbar und erm\u00f6glicht <strong>unvergessliche Spazierg\u00e4nge <\/strong>entlang des Stausees. Besuchen Sie dabei doch auch die Kartause de la Verne oder die Kapelle Sainte Magdeleine. Wussten Sie schon\u00a0&#8230;? Bereits seit 1991 versorgt der Barrage de la Verne mit seinen <strong>8\u00a0Millionen\u00a0Kubikmetern<\/strong> 10\u00a0Gemeinden des Golfs mit Trinkwasser.<\/p>\n","protected":false},"excerpt":{"rendered":"<p>Der Barrage de la Verne ist von einer wundersch\u00f6nen H\u00fcgellandschaft umgeben.                       Desorientiert und \u00e4u\u00dferst friedlich, Die abwechslungsreiche und ruhige Umgebung ist nicht umsonst die Heimat zahlreicher Populationen von Graureihern, Zugv\u00f6geln und Wasserschildkr\u00f6ten.    Dieser Ort ist nur zu Fu\u00df erreichbar und erm\u00f6glicht unvergessliche Spazierg\u00e4nge entlang des Stausees. Besuchen Sie dabei doch auch die Kartause de la Verne oder die Kapelle Sainte Magdeleine. Wussten Sie schon\u00a0&#8230;? Bereits seit 1991 versorgt der Barrage de la Verne mit seinen 8\u00a0Millionen\u00a0Kubikmetern 10\u00a0Gemeinden des Golfs mit Trinkwasser.<\/p>\n","protected":false},"author":31,"featured_media":8155,"parent":27264,"menu_order":19,"comment_status":"closed","ping_status":"closed","template":"templates\/full-width.php","meta":{"_acf_changed":false,"inline_featured_image":false,"footnotes":""},"class_list":["post-27283","type-page","status-publish","has-post-thumbnail","hentry"],"acf":[],"_links":{"self":[{"href":"https:\/\/www.golfe-sainttropez-tourisme.fr\/de\/wp-json\/wp\/v2\/pages\/27283","targetHints":{"allow":["GET"]}}],"collection":[{"href":"https:\/\/www.golfe-sainttropez-tourisme.fr\/de\/wp-json\/wp\/v2\/pages"}],"about":[{"href":"https:\/\/www.golfe-sainttropez-tourisme.fr\/de\/wp-json\/wp\/v2\/types\/page"}],"author":[{"embeddable":true,"href":"https:\/\/www.golfe-sainttropez-tourisme.fr\/de\/wp-json\/wp\/v2\/users\/31"}],"replies":[{"embeddable":true,"href":"https:\/\/www.golfe-sainttropez-tourisme.fr\/de\/wp-json\/wp\/v2\/comments?post=27283"}],"version-history":[{"count":4,"href":"https:\/\/www.golfe-sainttropez-tourisme.fr\/de\/wp-json\/wp\/v2\/pages\/27283\/revisions"}],"predecessor-version":[{"id":84177,"href":"https:\/\/www.golfe-sainttropez-tourisme.fr\/de\/wp-json\/wp\/v2\/pages\/27283\/revisions\/84177"}],"up":[{"embeddable":true,"href":"https:\/\/www.golfe-sainttropez-tourisme.fr\/de\/wp-json\/wp\/v2\/pages\/27264"}],"wp:featuredmedia":[{"embeddable":true,"href":"https:\/\/www.golfe-sainttropez-tourisme.fr\/de\/wp-json\/wp\/v2\/media\/8155"}],"wp:attachment":[{"href":"https:\/\/www.golfe-sainttropez-tourisme.fr\/de\/wp-json\/wp\/v2\/media?parent=27283"}],"curies":[{"name":"wp","href":"https:\/\/api.w.org\/{rel}","templated":true}]}}