{"id":27291,"date":"2023-05-15T11:06:32","date_gmt":"2023-05-15T09:06:32","guid":{"rendered":"https:\/\/www.golfe-sainttropez-tourisme.fr\/de\/?page_id=27291"},"modified":"2024-01-11T11:07:06","modified_gmt":"2024-01-11T10:07:06","slug":"das-naturschutzgebiet-domaine-du-rayol","status":"publish","type":"page","link":"https:\/\/www.golfe-sainttropez-tourisme.fr\/de\/entdecken\/naturseite\/sehenswurdigkeitenitre\/das-naturschutzgebiet-domaine-du-rayol\/","title":{"rendered":"Das Naturschutzgebiet Domaine du Rayol"},"content":{"rendered":"\n<p class=\"has-text-align-center\"><\/p>\n\n\n\n<div class=\"wp-block-media-text alignwide is-stacked-on-mobile\"><figure class=\"wp-block-media-text__media\"><img loading=\"lazy\" decoding=\"async\" width=\"1024\" height=\"738\" src=\"https:\/\/www.golfe-sainttropez-tourisme.fr\/de\/wp-content\/uploads\/sites\/6\/2023\/03\/le-rayol-domaine-du-rayol-gondwana-2020-ok-\u00a9-e.bertrand-tdr-46-1024x738.jpg\" alt=\"\" class=\"wp-image-23677 size-full\" srcset=\"https:\/\/www.golfe-sainttropez-tourisme.fr\/de\/wp-content\/uploads\/sites\/6\/2023\/03\/le-rayol-domaine-du-rayol-gondwana-2020-ok-\u00a9-e.bertrand-tdr-46-1024x738.jpg 1024w, https:\/\/www.golfe-sainttropez-tourisme.fr\/de\/wp-content\/uploads\/sites\/6\/2023\/03\/le-rayol-domaine-du-rayol-gondwana-2020-ok-\u00a9-e.bertrand-tdr-46-300x216.jpg 300w, https:\/\/www.golfe-sainttropez-tourisme.fr\/de\/wp-content\/uploads\/sites\/6\/2023\/03\/le-rayol-domaine-du-rayol-gondwana-2020-ok-\u00a9-e.bertrand-tdr-46-768x554.jpg 768w, https:\/\/www.golfe-sainttropez-tourisme.fr\/de\/wp-content\/uploads\/sites\/6\/2023\/03\/le-rayol-domaine-du-rayol-gondwana-2020-ok-\u00a9-e.bertrand-tdr-46-1536x1107.jpg 1536w, https:\/\/www.golfe-sainttropez-tourisme.fr\/de\/wp-content\/uploads\/sites\/6\/2023\/03\/le-rayol-domaine-du-rayol-gondwana-2020-ok-\u00a9-e.bertrand-tdr-46-2048x1477.jpg 2048w, https:\/\/www.golfe-sainttropez-tourisme.fr\/de\/wp-content\/uploads\/sites\/6\/2023\/03\/le-rayol-domaine-du-rayol-gondwana-2020-ok-\u00a9-e.bertrand-tdr-46-150x108.jpg 150w, https:\/\/www.golfe-sainttropez-tourisme.fr\/de\/wp-content\/uploads\/sites\/6\/2023\/03\/le-rayol-domaine-du-rayol-gondwana-2020-ok-\u00a9-e.bertrand-tdr-46-874x630.jpg 874w\" sizes=\"auto, (max-width: 1024px) 100vw, 1024px\" \/><\/figure><div class=\"wp-block-media-text__content\">\n<p><strong><strong>Hier gibt es allerhand zu entdecken !<\/strong><\/strong><\/p>\n\n\n\n<p>Das 20 Hektar gro\u00dfe Gel\u00e4nde der Domaine du Rayol erinnert an verschiedene Landschaften auf der ganzen Welt, ob mediterranes Klima (Australien, S\u00fcdafrika, Kalifornien, Mittelmeerbecken) oder auch subtropische oder aride Klimazonen (Mexiko&nbsp;&#8230;) .<\/p>\n\n\n\n<p>Seit 1989 befindet sich das Gebiet im Besitz der franz\u00f6sischen K\u00fcstenschutzbeh\u00f6rde.<\/p>\n<\/div><\/div>\n\n\n\n<div class=\"wp-block-media-text alignwide has-media-on-the-right is-stacked-on-mobile\"><div class=\"wp-block-media-text__content\">\n<p>Genie\u00dfen Sie zu jeder Jahreszeit die verschiedenen D\u00fcfte der zahlreichen Arten und bewundern Sie die Farbvielfalt der 13&nbsp;G\u00e4rten, zu denen auch der Meeresgarten geh\u00f6rt.<\/p>\n\n\n\n<p>Sie m\u00f6chten mehr erfahren? Lassen Sie sich die Geschichte dieses naturbelassenen Ortes erz\u00e4hlen oder nehmen Sie an den thematischen F\u00fchrungen und Aktivit\u00e4ten teil, die sich besonders f\u00fcr Familien eignen.<\/p>\n\n\n\n<figure class=\"wp-block-image size-large\"><img loading=\"lazy\" decoding=\"async\" width=\"1024\" height=\"699\" src=\"https:\/\/www.golfe-sainttropez-tourisme.fr\/de\/wp-content\/uploads\/sites\/6\/2023\/04\/Logo_base_RVB-1024x699.jpg\" alt=\"\" class=\"wp-image-25886\" srcset=\"https:\/\/www.golfe-sainttropez-tourisme.fr\/de\/wp-content\/uploads\/sites\/6\/2023\/04\/Logo_base_RVB-1024x699.jpg 1024w, https:\/\/www.golfe-sainttropez-tourisme.fr\/de\/wp-content\/uploads\/sites\/6\/2023\/04\/Logo_base_RVB-300x205.jpg 300w, https:\/\/www.golfe-sainttropez-tourisme.fr\/de\/wp-content\/uploads\/sites\/6\/2023\/04\/Logo_base_RVB-768x524.jpg 768w, https:\/\/www.golfe-sainttropez-tourisme.fr\/de\/wp-content\/uploads\/sites\/6\/2023\/04\/Logo_base_RVB-1536x1048.jpg 1536w, https:\/\/www.golfe-sainttropez-tourisme.fr\/de\/wp-content\/uploads\/sites\/6\/2023\/04\/Logo_base_RVB-2048x1398.jpg 2048w, https:\/\/www.golfe-sainttropez-tourisme.fr\/de\/wp-content\/uploads\/sites\/6\/2023\/04\/Logo_base_RVB-150x102.jpg 150w, https:\/\/www.golfe-sainttropez-tourisme.fr\/de\/wp-content\/uploads\/sites\/6\/2023\/04\/Logo_base_RVB-923x630.jpg 923w\" sizes=\"auto, (max-width: 1024px) 100vw, 1024px\" \/><\/figure>\n<\/div><figure class=\"wp-block-media-text__media\"><img loading=\"lazy\" decoding=\"async\" width=\"674\" height=\"1024\" src=\"https:\/\/www.golfe-sainttropez-tourisme.fr\/de\/wp-content\/uploads\/sites\/6\/2023\/03\/le-rayol-jardins-du-rayol-2020\u00a9e.bertrand-droits-reserves-58-674x1024.jpg\" alt=\"\" class=\"wp-image-23686 size-full\" srcset=\"https:\/\/www.golfe-sainttropez-tourisme.fr\/de\/wp-content\/uploads\/sites\/6\/2023\/03\/le-rayol-jardins-du-rayol-2020\u00a9e.bertrand-droits-reserves-58-674x1024.jpg 674w, https:\/\/www.golfe-sainttropez-tourisme.fr\/de\/wp-content\/uploads\/sites\/6\/2023\/03\/le-rayol-jardins-du-rayol-2020\u00a9e.bertrand-droits-reserves-58-197x300.jpg 197w, https:\/\/www.golfe-sainttropez-tourisme.fr\/de\/wp-content\/uploads\/sites\/6\/2023\/03\/le-rayol-jardins-du-rayol-2020\u00a9e.bertrand-droits-reserves-58-768x1167.jpg 768w, https:\/\/www.golfe-sainttropez-tourisme.fr\/de\/wp-content\/uploads\/sites\/6\/2023\/03\/le-rayol-jardins-du-rayol-2020\u00a9e.bertrand-droits-reserves-58-1010x1536.jpg 1010w, https:\/\/www.golfe-sainttropez-tourisme.fr\/de\/wp-content\/uploads\/sites\/6\/2023\/03\/le-rayol-jardins-du-rayol-2020\u00a9e.bertrand-droits-reserves-58-1347x2048.jpg 1347w, https:\/\/www.golfe-sainttropez-tourisme.fr\/de\/wp-content\/uploads\/sites\/6\/2023\/03\/le-rayol-jardins-du-rayol-2020\u00a9e.bertrand-droits-reserves-58-99x150.jpg 99w, https:\/\/www.golfe-sainttropez-tourisme.fr\/de\/wp-content\/uploads\/sites\/6\/2023\/03\/le-rayol-jardins-du-rayol-2020\u00a9e.bertrand-droits-reserves-58-279x424.jpg 279w, https:\/\/www.golfe-sainttropez-tourisme.fr\/de\/wp-content\/uploads\/sites\/6\/2023\/03\/le-rayol-jardins-du-rayol-2020\u00a9e.bertrand-droits-reserves-58-414x630.jpg 414w, https:\/\/www.golfe-sainttropez-tourisme.fr\/de\/wp-content\/uploads\/sites\/6\/2023\/03\/le-rayol-jardins-du-rayol-2020\u00a9e.bertrand-droits-reserves-58-scaled.jpg 1684w\" sizes=\"auto, (max-width: 674px) 100vw, 674px\" \/><\/figure><\/div>\n\n\n\n<p class=\"has-text-align-center\">F\u00fcr weitere Informationen klicken Sie hier <a href=\"https:\/\/www.domainedurayol.org\/\" target=\"_blank\" rel=\"noreferrer noopener\">Domaine du Rayol, le Jardin des M\u00e9diterran\u00e9es<\/a><\/p>\n","protected":false},"excerpt":{"rendered":"<p>Hier gibt es allerhand zu entdecken !    Das 20 Hektar gro\u00dfe Gel\u00e4nde der Domaine du Rayol erinnert an verschiedene Landschaften auf der ganzen Welt, ob mediterranes Klima (Australien, S\u00fcdafrika, Kalifornien, Mittelmeerbecken) oder auch subtropische oder aride Klimazonen (Mexiko&nbsp;&#8230;) .    Seit 1989 befindet sich das Gebiet im Besitz der franz\u00f6sischen K\u00fcstenschutzbeh\u00f6rde.      Genie\u00dfen Sie zu jeder Jahreszeit die verschiedenen D\u00fcfte der zahlreichen Arten und bewundern Sie die Farbvielfalt der 13&nbsp;G\u00e4rten, zu denen auch der Meeresgarten geh\u00f6rt.    Sie m\u00f6chten mehr erfahren? Lassen Sie sich die Geschichte dieses naturbelassenen Ortes erz\u00e4hlen oder nehmen Sie an den thematischen F\u00fchrungen und Aktivit\u00e4ten teil, die sich besonders f\u00fcr Familien eignen.         F\u00fcr weitere Informationen klicken Sie hier Domaine du Rayol, le Jardin des M\u00e9diterran\u00e9es<\/p>\n","protected":false},"author":31,"featured_media":5885,"parent":27264,"menu_order":20,"comment_status":"closed","ping_status":"closed","template":"templates\/full-width.php","meta":{"_acf_changed":false,"inline_featured_image":false,"footnotes":""},"class_list":["post-27291","type-page","status-publish","has-post-thumbnail","hentry"],"acf":[],"_links":{"self":[{"href":"https:\/\/www.golfe-sainttropez-tourisme.fr\/de\/wp-json\/wp\/v2\/pages\/27291","targetHints":{"allow":["GET"]}}],"collection":[{"href":"https:\/\/www.golfe-sainttropez-tourisme.fr\/de\/wp-json\/wp\/v2\/pages"}],"about":[{"href":"https:\/\/www.golfe-sainttropez-tourisme.fr\/de\/wp-json\/wp\/v2\/types\/page"}],"author":[{"embeddable":true,"href":"https:\/\/www.golfe-sainttropez-tourisme.fr\/de\/wp-json\/wp\/v2\/users\/31"}],"replies":[{"embeddable":true,"href":"https:\/\/www.golfe-sainttropez-tourisme.fr\/de\/wp-json\/wp\/v2\/comments?post=27291"}],"version-history":[{"count":5,"href":"https:\/\/www.golfe-sainttropez-tourisme.fr\/de\/wp-json\/wp\/v2\/pages\/27291\/revisions"}],"predecessor-version":[{"id":85808,"href":"https:\/\/www.golfe-sainttropez-tourisme.fr\/de\/wp-json\/wp\/v2\/pages\/27291\/revisions\/85808"}],"up":[{"embeddable":true,"href":"https:\/\/www.golfe-sainttropez-tourisme.fr\/de\/wp-json\/wp\/v2\/pages\/27264"}],"wp:featuredmedia":[{"embeddable":true,"href":"https:\/\/www.golfe-sainttropez-tourisme.fr\/de\/wp-json\/wp\/v2\/media\/5885"}],"wp:attachment":[{"href":"https:\/\/www.golfe-sainttropez-tourisme.fr\/de\/wp-json\/wp\/v2\/media?parent=27291"}],"curies":[{"name":"wp","href":"https:\/\/api.w.org\/{rel}","templated":true}]}}