{"id":27321,"date":"2023-05-15T11:38:45","date_gmt":"2023-05-15T09:38:45","guid":{"rendered":"https:\/\/www.golfe-sainttropez-tourisme.fr\/de\/?page_id=27321"},"modified":"2023-11-24T16:07:12","modified_gmt":"2023-11-24T15:07:12","slug":"essen-und-trinken-wo-kann-man-ausgehen","status":"publish","type":"page","link":"https:\/\/www.golfe-sainttropez-tourisme.fr\/de\/aufenthalt\/essen-und-trinken-wo-kann-man-ausgehen\/","title":{"rendered":"Essen und Trinken Wo kann man ausgehen ?"},"content":{"rendered":"\n<p class=\"has-text-align-center\">G\u00f6nnen Sie auch Ihren Geschmacksknospen ein wenig Abwechslung! Hier haben Sie die Qual der Wahl, denn es gibt zahlreiche M\u00f6glichkeiten, ein kleines Mittag- oder Abendessen zu genie\u00dfen, ein Sonnenbad auf der Terrasse zu nehmen, im Schatten der Platanen oder direkt am Wasser zu sitzen&nbsp;&#8230; <\/p>\n\n\n\n<p class=\"has-text-align-center\"><strong>Guten Appetit !<\/strong><\/p>\n","protected":false},"excerpt":{"rendered":"<p>G\u00f6nnen Sie auch Ihren Geschmacksknospen ein wenig Abwechslung! Hier haben Sie die Qual der Wahl, denn es gibt zahlreiche M\u00f6glichkeiten, ein kleines Mittag- oder Abendessen zu genie\u00dfen, ein Sonnenbad auf der Terrasse zu nehmen, im Schatten der Platanen oder direkt am Wasser zu sitzen&nbsp;&#8230;     Guten Appetit !<\/p>\n","protected":false},"author":31,"featured_media":5944,"parent":27312,"menu_order":25,"comment_status":"open","ping_status":"open","template":"templates\/template-list-apidae-split.php","meta":{"_acf_changed":false,"inline_featured_image":false,"footnotes":""},"class_list":["post-27321","type-page","status-publish","has-post-thumbnail","hentry"],"acf":[],"_links":{"self":[{"href":"https:\/\/www.golfe-sainttropez-tourisme.fr\/de\/wp-json\/wp\/v2\/pages\/27321","targetHints":{"allow":["GET"]}}],"collection":[{"href":"https:\/\/www.golfe-sainttropez-tourisme.fr\/de\/wp-json\/wp\/v2\/pages"}],"about":[{"href":"https:\/\/www.golfe-sainttropez-tourisme.fr\/de\/wp-json\/wp\/v2\/types\/page"}],"author":[{"embeddable":true,"href":"https:\/\/www.golfe-sainttropez-tourisme.fr\/de\/wp-json\/wp\/v2\/users\/31"}],"replies":[{"embeddable":true,"href":"https:\/\/www.golfe-sainttropez-tourisme.fr\/de\/wp-json\/wp\/v2\/comments?post=27321"}],"version-history":[{"count":3,"href":"https:\/\/www.golfe-sainttropez-tourisme.fr\/de\/wp-json\/wp\/v2\/pages\/27321\/revisions"}],"predecessor-version":[{"id":82935,"href":"https:\/\/www.golfe-sainttropez-tourisme.fr\/de\/wp-json\/wp\/v2\/pages\/27321\/revisions\/82935"}],"up":[{"embeddable":true,"href":"https:\/\/www.golfe-sainttropez-tourisme.fr\/de\/wp-json\/wp\/v2\/pages\/27312"}],"wp:featuredmedia":[{"embeddable":true,"href":"https:\/\/www.golfe-sainttropez-tourisme.fr\/de\/wp-json\/wp\/v2\/media\/5944"}],"wp:attachment":[{"href":"https:\/\/www.golfe-sainttropez-tourisme.fr\/de\/wp-json\/wp\/v2\/media?parent=27321"}],"curies":[{"name":"wp","href":"https:\/\/api.w.org\/{rel}","templated":true}]}}