{"id":27373,"date":"2023-05-15T12:21:10","date_gmt":"2023-05-15T10:21:10","guid":{"rendered":"https:\/\/www.golfe-sainttropez-tourisme.fr\/de\/?page_id=27373"},"modified":"2026-03-02T12:32:51","modified_gmt":"2026-03-02T11:32:51","slug":"panoramablicke","status":"publish","type":"page","link":"https:\/\/www.golfe-sainttropez-tourisme.fr\/de\/sehenswertes\/panoramablicke\/","title":{"rendered":"Panoramablicke"},"content":{"rendered":"\n<blockquote class=\"wp-block-quote has-text-align-center is-layout-flow wp-block-quote-is-layout-flow\">\n<p class=\"has-text-align-center\">Die Natur bietet Ihnen mit ihren vielf\u00e4ltigen und unvergleichlichen Landschaften unendlich viele atemberaubende Panoramablicke, ob auf das Meer oder an Land, Sie werden auf jeden Fall ins Schw\u00e4rmen geraten!<\/p>\n<\/blockquote>\n\n\n\n<h2 class=\"wp-block-heading has-text-align-center\">La Garde-Freinet<\/h2>\n\n\n\n<p class=\"has-text-align-center\"><strong>Vom H\u00fcgel im Gard bieten sich Ihnen mehrere au\u00dfergew\u00f6hnliche Aussichtspunkte :<\/strong><\/p>\n\n\n\n<div class=\"wp-block-columns is-layout-flex wp-container-core-columns-is-layout-9d6595d7 wp-block-columns-is-layout-flex\">\n<div class=\"wp-block-column is-layout-flow wp-block-column-is-layout-flow\" style=\"flex-basis:100%\">\n<figure class=\"wp-block-gallery has-nested-images columns-default is-cropped wp-block-gallery-2 is-layout-flex wp-block-gallery-is-layout-flex\">\n<figure class=\"wp-block-image size-large\"><img decoding=\"async\" data-id=\"84852\" src=\"https:\/\/www.golfe-sainttropez-tourisme.fr\/en\/wp-content\/uploads\/sites\/4\/2023\/11\/Panoramas_LGF2-1024x673-1.jpg\" alt=\"\" class=\"wp-image-84852\"\/><\/figure>\n\n\n\n<figure class=\"wp-block-image size-large\"><img decoding=\"async\" data-id=\"84851\" src=\"https:\/\/www.golfe-sainttropez-tourisme.fr\/en\/wp-content\/uploads\/sites\/4\/2023\/11\/CH-024b-1536x903-1-1024x602.jpg\" alt=\"\" class=\"wp-image-84851\"\/><\/figure>\n<\/figure>\n<\/div>\n<\/div>\n\n\n\n<ul class=\"wp-block-list\">\n<li>Fort-Freinet, eine befestigte Siedlung aus dem 12. bis 16.&nbsp;Jahrhundert, die sich 100&nbsp;Meter h\u00f6her als das heutige Dorf La&nbsp;Garde-Freinet befindet. Ein einzigartiger Blick auf das Dorf, das Naturschutzgebiet La Plaine des Maures, gro\u00dfe Teile des Massif des Maures, den Golfe von Saint-Tropez und das Mittelmeer, den Esterel und die Voralpen.<\/li>\n\n\n\n<li>Von der Umgebungskarte und dem H\u00fcgel Croix des Maures aus bietet sich ein \u00e4hnliches Panorama wie das auf Fort Freinet, das etwa 90&nbsp;m \u00fcber dem Dorf liegt.<\/li>\n\n\n\n<li>Der sicherlich sch\u00f6nste Aussichtspunkt von La&nbsp;Garde-Freinet ist Roches Blanches, der 637&nbsp;m \u00fcber dem Meeresspiegel liegt und den h\u00f6chsten Punkt der Gemeinde bildet. Ihnen bietet sich ein au\u00dfergew\u00f6hnlich sch\u00f6nes 360\u00b0-Panorama, vom Mittelmeer bis zu den Voralpen, \u00fcber die Plaine und das Massif des Maures, zum Kalksteingebirge Montagne Sainte-Victoire und bei gutem Wetter sogar bis nach Korsika&nbsp;&#8230;<\/li>\n<\/ul>\n\n\n\n<h2 class=\"wp-block-heading has-text-align-center\">La Mole<\/h2>\n\n\n\n<p class=\"has-text-align-center\">Nur wenige Schritte von der im Wald versteckten Kapelle Sainte-Magdeleine entfernt k\u00f6nnen Sie den H\u00fcgel erklimmen und auf der einen Seite den von H\u00fcgeln umgebenen Staudamm Barrage de la Verne und auf der anderen Seite die Ebene und das Dorf La Mole bewundern.<\/p>\n\n\n<div class=\"wp-block-image\">\n<figure class=\"aligncenter size-full is-resized\"><img decoding=\"async\" src=\"https:\/\/www.golfe-sainttropez-tourisme.fr\/en\/wp-content\/uploads\/sites\/4\/2026\/03\/la-mole-balade-\u00a9dolcemicka-24.jpeg\" alt=\"\" class=\"wp-image-166000\" style=\"object-fit:cover;width:954px;height:334px\"\/><\/figure><\/div>\n\n\n<h2 class=\"wp-block-heading has-text-align-center\">Plan de la Tour<\/h2>\n\n\n\n<div class=\"wp-block-media-text alignwide is-stacked-on-mobile\"><figure class=\"wp-block-media-text__media\"><img loading=\"lazy\" decoding=\"async\" width=\"1024\" height=\"520\" src=\"https:\/\/ot-golfe-de-saint-tropez.dev.inovagora.work\/wp-content\/uploads\/sites\/6\/2022\/12\/01-1-1024x520.jpg\" alt=\"\" class=\"wp-image-15392 size-full\" srcset=\"https:\/\/www.golfe-sainttropez-tourisme.fr\/de\/wp-content\/uploads\/sites\/6\/2022\/12\/01-1-1024x520.jpg 1024w, https:\/\/www.golfe-sainttropez-tourisme.fr\/de\/wp-content\/uploads\/sites\/6\/2022\/12\/01-1-300x152.jpg 300w, https:\/\/www.golfe-sainttropez-tourisme.fr\/de\/wp-content\/uploads\/sites\/6\/2022\/12\/01-1-768x390.jpg 768w, https:\/\/www.golfe-sainttropez-tourisme.fr\/de\/wp-content\/uploads\/sites\/6\/2022\/12\/01-1-1536x780.jpg 1536w, https:\/\/www.golfe-sainttropez-tourisme.fr\/de\/wp-content\/uploads\/sites\/6\/2022\/12\/01-1-2048x1040.jpg 2048w, https:\/\/www.golfe-sainttropez-tourisme.fr\/de\/wp-content\/uploads\/sites\/6\/2022\/12\/01-1-150x76.jpg 150w, https:\/\/www.golfe-sainttropez-tourisme.fr\/de\/wp-content\/uploads\/sites\/6\/2022\/12\/01-1-1200x609.jpg 1200w\" sizes=\"auto, (max-width: 1024px) 100vw, 1024px\" \/><\/figure><div class=\"wp-block-media-text__content\">\n<p>Die H\u00fcgelgipfel kann man durch leichte und f\u00fcr alle zug\u00e4ngliche Wanderwege von der Ebene erreichen. Unterwegs gibt es Weinberge, die in den H\u00fcgeln verstreuten Weiler und die lokale Flora und Fauna zu entdecken.<\/p>\n<\/div><\/div>\n\n\n\n<p><\/p>\n\n\n\t\t\t\t\t\t\t<section class=\"block-text-next-to-image\">\n\t\t\t\t\t\t\t\t\t\t\t<div class=\"block\">\n\t\t\t\t\t\t\t\t\t\t\t\t\t\t\t<figure class=\"block-image\" style=\"background-image: url(https:\/\/www.golfe-sainttropez-tourisme.fr\/de\/wp-content\/uploads\/sites\/6\/2022\/12\/domaine-de-siouvette_219_1.jpg);\">\n\t\t\t\t\t\t\t\t\t<img decoding=\"async\" src=\"https:\/\/www.golfe-sainttropez-tourisme.fr\/de\/wp-content\/uploads\/sites\/6\/2022\/12\/domaine-de-siouvette_219_1.jpg\" alt=\"\" \/>\n\t\t\t\t\t\t\t\t\t<figcaption><\/figcaption>\n\t\t\t\t\t\t\t\t<\/figure>\n\t\t\t\t\t\t\t\t\t\t\t\t\t\t<div class=\"block-body\">\n\t\t\t\t\t\t\t\t\t\t\t\t\t\t\t\t\t\t\t\t\t\t\t\t\t<p class=\"block-text\">Auf einer H\u00f6he von 416 m zeugt der Ort San Pe\u00efre von einer vorgeschichtlichen Vergangenheit. Nachdem man die \u00dcberreste aus dem Oppidum durchquert hat, wird man auf dem Gipfel mit einem spektakul\u00e4ren 360\u00b0-Panoramablick belohnt &#8230; Einfach atemberaubend !<\/p>\n\t\t\t\t\t\t\t\t\t\t\t\t\t\t\t\t\t\t\t\t\t\t\t<\/div>\n\t\t\t\t\t\t<\/div>\n\t\t\t\t\t\t\t\t\t<\/section>\n\t\t\t\t    \n\n\n<h2 class=\"wp-block-heading has-text-align-center\">Rayol-Canadel sur Mer<\/h2>\n\n\n\n<div class=\"wp-block-columns is-layout-flex wp-container-core-columns-is-layout-9d6595d7 wp-block-columns-is-layout-flex\">\n<div class=\"wp-block-column is-layout-flow wp-block-column-is-layout-flow\" style=\"flex-basis:100%\">\n<figure class=\"wp-block-gallery has-nested-images columns-4 is-cropped wp-block-gallery-3 is-layout-flex wp-block-gallery-is-layout-flex\">\n<figure class=\"wp-block-image size-large\"><img decoding=\"async\" data-id=\"83740\" src=\"https:\/\/www.golfe-sainttropez-tourisme.fr\/en\/wp-content\/uploads\/sites\/4\/2023\/10\/Panoramas_RC1-1024x684-2.jpg\" alt=\"\" class=\"wp-image-83740\"\/><\/figure>\n\n\n\n<figure class=\"wp-block-image size-large\"><img decoding=\"async\" data-id=\"83741\" src=\"https:\/\/www.golfe-sainttropez-tourisme.fr\/en\/wp-content\/uploads\/sites\/4\/2023\/10\/Panoramas_RC2-1024x769-2.jpg\" alt=\"\" class=\"wp-image-83741\"\/><\/figure>\n\n\n\n<figure class=\"wp-block-image size-large\"><img decoding=\"async\" data-id=\"83742\" src=\"https:\/\/www.golfe-sainttropez-tourisme.fr\/en\/wp-content\/uploads\/sites\/4\/2023\/10\/Panoramas_RC3-1024x684-1.jpg\" alt=\"\" class=\"wp-image-83742\"\/><\/figure>\n\n\n\n<figure class=\"wp-block-image size-large\"><img decoding=\"async\" data-id=\"83743\" src=\"https:\/\/www.golfe-sainttropez-tourisme.fr\/en\/wp-content\/uploads\/sites\/4\/2023\/10\/Panoramas_RC4-1024x684-1-1.jpg\" alt=\"\" class=\"wp-image-83743\"\/><\/figure>\n<\/figure>\n<\/div>\n<\/div>\n\n\n\n<p class=\"has-text-align-center\"><strong>Die Gemeinde bietet Ihnen eine Reihe von atemberaubenden Ausblicken, wodurch Sie sofort den Charme von Le Rayol-Canadel-sur-Mer entdecken k\u00f6nnen. Ein pr\u00e4chtiger Garten vor der Kulisse des azurblauen Mittelmeers und der Iles d\u2019Or :<\/strong><\/p>\n\n\n\n<ul class=\"wp-block-list\">\n<li>Genie\u00dfen Sie einen Panoramablick auf das Meer und die Iles d\u2019Or an der Ausfahrt von Le Rayol-Canadel-sur-Mer in Richtung Cavalaire-sur-Mer. An der Nationalstra\u00dfe RD&nbsp;559 finden Sie einen Parkplatz mit einigen Stellpl\u00e4tzen, von wo aus Sie sch\u00f6ne Fotos machen k\u00f6nnen.<\/li>\n\n\n\n<li>Ihnen bietet sich ein Panoramablick auf das Meer und die Iles d\u2019Or des Col du Canadel, wenn Sie aus Richtung La&nbsp;Mole von der Stra\u00dfe aus Canadel kommen.<\/li>\n\n\n\n<li>Oder Sie genie\u00dfen die atemberaubende Aussicht von Le&nbsp;Drapeau aus, nur wenige Schritte vom Pass Col du Canadel entfernt.<\/li>\n\n\n\n<li>Im Dorf bietet Ihnen die historische Anlage Le Patec einen sch\u00f6nen Blick auf die monumentalen Treppen.<\/li>\n\n\n\n<li>Schlie\u00dflich k\u00f6nnen Sie in Le Rayol-Canadel-sur-Mer von mehreren Stellen aus einen Blick auf das ber\u00fchmte Cap N\u00e8gre und Cap B\u00e9nat werfen.<\/li>\n<\/ul>\n","protected":false},"excerpt":{"rendered":"<p>Die Natur bietet Ihnen mit ihren vielf\u00e4ltigen und unvergleichlichen Landschaften unendlich viele atemberaubende Panoramablicke, ob auf das Meer oder an Land, Sie werden auf jeden Fall ins Schw\u00e4rmen geraten!     La Garde-Freinet    Vom H\u00fcgel im Gard bieten sich Ihnen mehrere au\u00dfergew\u00f6hnliche Aussichtspunkte :                   Fort-Freinet, eine befestigte Siedlung aus dem 12. bis 16.&nbsp;Jahrhundert, die sich 100&nbsp;Meter h\u00f6her als das heutige Dorf La&nbsp;Garde-Freinet befindet. Ein einzigartiger Blick auf das Dorf, das Naturschutzgebiet La Plaine des Maures, gro\u00dfe Teile des Massif des Maures, den Golfe von Saint-Tropez und das Mittelmeer, den Esterel und die Voralpen.    Von der Umgebungskarte und dem H\u00fcgel Croix des Maures aus bietet sich ein \u00e4hnliches Panorama wie das auf Fort Freinet, das etwa 90&nbsp;m \u00fcber dem Dorf liegt.    Der sicherlich sch\u00f6nste Aussichtspunkt von La&nbsp;Garde-Freinet ist Roches Blanches, der 637&nbsp;m \u00fcber dem Meeresspiegel liegt und den h\u00f6chsten Punkt der Gemeinde bildet. Ihnen bietet sich ein au\u00dfergew\u00f6hnlich sch\u00f6nes 360\u00b0-Panorama, vom Mittelmeer bis zu den Voralpen, \u00fcber die Plaine und das Massif des Maures, zum Kalksteingebirge Montagne Sainte-Victoire und bei gutem Wetter sogar bis nach Korsika&nbsp;&#8230;     La Mole    Nur wenige Schritte von der im Wald versteckten Kapelle Sainte-Magdeleine entfernt k\u00f6nnen Sie den H\u00fcgel erklimmen und auf der einen Seite den von H\u00fcgeln umgebenen Staudamm Barrage de la Verne und auf der anderen Seite die Ebene und das Dorf La Mole bewundern.        Plan de la Tour     Die H\u00fcgelgipfel kann man durch leichte und f\u00fcr alle zug\u00e4ngliche Wanderwege von der Ebene erreichen. Unterwegs gibt es Weinberge, die in den H\u00fcgeln verstreuten Weiler und die lokale Flora und Fauna zu entdecken.           Rayol-Canadel sur Mer                          Die Gemeinde bietet Ihnen eine Reihe von atemberaubenden Ausblicken, wodurch Sie sofort den Charme von Le Rayol-Canadel-sur-Mer entdecken k\u00f6nnen. Ein pr\u00e4chtiger Garten vor der Kulisse des azurblauen Mittelmeers und der Iles d\u2019Or :     Genie\u00dfen Sie einen Panoramablick auf das Meer und die Iles d\u2019Or an der Ausfahrt von Le Rayol-Canadel-sur-Mer in Richtung Cavalaire-sur-Mer. An der Nationalstra\u00dfe RD&nbsp;559 finden Sie einen Parkplatz mit einigen Stellpl\u00e4tzen, von wo aus Sie sch\u00f6ne Fotos machen k\u00f6nnen.    Ihnen bietet sich ein Panoramablick auf das Meer und die Iles d\u2019Or des Col du Canadel, wenn Sie aus Richtung La&nbsp;Mole von der Stra\u00dfe aus Canadel kommen.    Oder Sie genie\u00dfen die atemberaubende Aussicht von Le&nbsp;Drapeau aus, nur wenige Schritte vom Pass Col du Canadel entfernt.    Im Dorf bietet Ihnen die historische Anlage Le Patec einen sch\u00f6nen Blick auf die monumentalen Treppen.    Schlie\u00dflich k\u00f6nnen Sie in Le Rayol-Canadel-sur-Mer von mehreren Stellen aus einen Blick auf das ber\u00fchmte Cap N\u00e8gre und Cap B\u00e9nat werfen.<\/p>\n","protected":false},"author":31,"featured_media":153798,"parent":27367,"menu_order":34,"comment_status":"open","ping_status":"open","template":"templates\/full-width.php","meta":{"_acf_changed":false,"inline_featured_image":false,"footnotes":""},"class_list":["post-27373","type-page","status-publish","has-post-thumbnail","hentry"],"acf":[],"_links":{"self":[{"href":"https:\/\/www.golfe-sainttropez-tourisme.fr\/de\/wp-json\/wp\/v2\/pages\/27373","targetHints":{"allow":["GET"]}}],"collection":[{"href":"https:\/\/www.golfe-sainttropez-tourisme.fr\/de\/wp-json\/wp\/v2\/pages"}],"about":[{"href":"https:\/\/www.golfe-sainttropez-tourisme.fr\/de\/wp-json\/wp\/v2\/types\/page"}],"author":[{"embeddable":true,"href":"https:\/\/www.golfe-sainttropez-tourisme.fr\/de\/wp-json\/wp\/v2\/users\/31"}],"replies":[{"embeddable":true,"href":"https:\/\/www.golfe-sainttropez-tourisme.fr\/de\/wp-json\/wp\/v2\/comments?post=27373"}],"version-history":[{"count":6,"href":"https:\/\/www.golfe-sainttropez-tourisme.fr\/de\/wp-json\/wp\/v2\/pages\/27373\/revisions"}],"predecessor-version":[{"id":154615,"href":"https:\/\/www.golfe-sainttropez-tourisme.fr\/de\/wp-json\/wp\/v2\/pages\/27373\/revisions\/154615"}],"up":[{"embeddable":true,"href":"https:\/\/www.golfe-sainttropez-tourisme.fr\/de\/wp-json\/wp\/v2\/pages\/27367"}],"wp:featuredmedia":[{"embeddable":true,"href":"https:\/\/www.golfe-sainttropez-tourisme.fr\/de\/wp-json\/wp\/v2\/media\/153798"}],"wp:attachment":[{"href":"https:\/\/www.golfe-sainttropez-tourisme.fr\/de\/wp-json\/wp\/v2\/media?parent=27373"}],"curies":[{"name":"wp","href":"https:\/\/api.w.org\/{rel}","templated":true}]}}