{"id":27445,"date":"2023-05-15T13:07:04","date_gmt":"2023-05-15T11:07:04","guid":{"rendered":"https:\/\/www.golfe-sainttropez-tourisme.fr\/de\/?page_id=27445"},"modified":"2023-11-13T16:34:11","modified_gmt":"2023-11-13T15:34:11","slug":"kunsthandwerk","status":"publish","type":"page","link":"https:\/\/www.golfe-sainttropez-tourisme.fr\/de\/sehenswertes\/die-franzosische-lebenskunst\/kunsthandwerk\/","title":{"rendered":"Kunsthandwerk"},"content":{"rendered":"\n<p class=\"has-text-align-center\">Unsere <strong>Kunsthandwerker<\/strong> finden in dieser nat\u00fcrlichen Umgebung viele wertvolle und manchmal auch unerwartete Materialien, die sie mit Leidenschaft, Sorgfalt und Stolz zu einzigartigen St\u00fccken verarbeiten. Dieses sch\u00fctzenswerte Fachwissen k\u00f6nnen Sie mit einem Souvenir aus unserer Region w\u00fcrdigen.<\/p>\n","protected":false},"excerpt":{"rendered":"<p>Unsere Kunsthandwerker finden in dieser nat\u00fcrlichen Umgebung viele wertvolle und manchmal auch unerwartete Materialien, die sie mit Leidenschaft, Sorgfalt und Stolz zu einzigartigen St\u00fccken verarbeiten. Dieses sch\u00fctzenswerte Fachwissen k\u00f6nnen Sie mit einem Souvenir aus unserer Region w\u00fcrdigen.<\/p>\n","protected":false},"author":31,"featured_media":6030,"parent":27440,"menu_order":45,"comment_status":"open","ping_status":"open","template":"templates\/template-list-apidae-split.php","meta":{"_acf_changed":false,"inline_featured_image":false,"footnotes":""},"class_list":["post-27445","type-page","status-publish","has-post-thumbnail","hentry"],"acf":[],"_links":{"self":[{"href":"https:\/\/www.golfe-sainttropez-tourisme.fr\/de\/wp-json\/wp\/v2\/pages\/27445","targetHints":{"allow":["GET"]}}],"collection":[{"href":"https:\/\/www.golfe-sainttropez-tourisme.fr\/de\/wp-json\/wp\/v2\/pages"}],"about":[{"href":"https:\/\/www.golfe-sainttropez-tourisme.fr\/de\/wp-json\/wp\/v2\/types\/page"}],"author":[{"embeddable":true,"href":"https:\/\/www.golfe-sainttropez-tourisme.fr\/de\/wp-json\/wp\/v2\/users\/31"}],"replies":[{"embeddable":true,"href":"https:\/\/www.golfe-sainttropez-tourisme.fr\/de\/wp-json\/wp\/v2\/comments?post=27445"}],"version-history":[{"count":3,"href":"https:\/\/www.golfe-sainttropez-tourisme.fr\/de\/wp-json\/wp\/v2\/pages\/27445\/revisions"}],"predecessor-version":[{"id":81790,"href":"https:\/\/www.golfe-sainttropez-tourisme.fr\/de\/wp-json\/wp\/v2\/pages\/27445\/revisions\/81790"}],"up":[{"embeddable":true,"href":"https:\/\/www.golfe-sainttropez-tourisme.fr\/de\/wp-json\/wp\/v2\/pages\/27440"}],"wp:featuredmedia":[{"embeddable":true,"href":"https:\/\/www.golfe-sainttropez-tourisme.fr\/de\/wp-json\/wp\/v2\/media\/6030"}],"wp:attachment":[{"href":"https:\/\/www.golfe-sainttropez-tourisme.fr\/de\/wp-json\/wp\/v2\/media?parent=27445"}],"curies":[{"name":"wp","href":"https:\/\/api.w.org\/{rel}","templated":true}]}}