{"id":27478,"date":"2023-05-15T13:25:37","date_gmt":"2023-05-15T11:25:37","guid":{"rendered":"https:\/\/www.golfe-sainttropez-tourisme.fr\/de\/?page_id=27478"},"modified":"2023-11-02T16:09:41","modified_gmt":"2023-11-02T15:09:41","slug":"besuch-der-weinguter","status":"publish","type":"page","link":"https:\/\/www.golfe-sainttropez-tourisme.fr\/de\/freizeitaktivitaten\/weintourismus\/besuch-der-weinguter\/","title":{"rendered":"Besuch der Weing\u00fcter"},"content":{"rendered":"\n<blockquote class=\"wp-block-quote has-text-align-center is-layout-flow wp-block-quote-is-layout-flow\">\n<p class=\"has-text-align-center\">Nehmen Sie sich die Zeit, um dieses besondere Universum zu entdecken, mit den Winzern \u00fcber ihr K\u00f6nnen zu sprechen und mehr \u00fcber das Gebiet zu erfahren, das den Charakter des Weins pr\u00e4gt.<\/p>\n<\/blockquote>\n\n\n\n<div class=\"wp-block-columns is-layout-flex wp-container-core-columns-is-layout-9d6595d7 wp-block-columns-is-layout-flex\">\n<div class=\"wp-block-column is-layout-flow wp-block-column-is-layout-flow\" style=\"flex-basis:100%\">\n<figure class=\"wp-block-gallery has-nested-images columns-default is-cropped wp-block-gallery-2 is-layout-flex wp-block-gallery-is-layout-flex\">\n<figure class=\"wp-block-image size-large\"><img loading=\"lazy\" decoding=\"async\" width=\"1024\" height=\"701\" data-id=\"8086\" src=\"https:\/\/www.golfe-sainttropez-tourisme.fr\/de\/wp-content\/uploads\/sites\/6\/2022\/08\/Oenotourisme-1024x701.jpg\" alt=\"\" class=\"wp-image-8086\" srcset=\"https:\/\/www.golfe-sainttropez-tourisme.fr\/de\/wp-content\/uploads\/sites\/6\/2022\/08\/Oenotourisme-1024x701.jpg 1024w, https:\/\/www.golfe-sainttropez-tourisme.fr\/de\/wp-content\/uploads\/sites\/6\/2022\/08\/Oenotourisme-300x205.jpg 300w, https:\/\/www.golfe-sainttropez-tourisme.fr\/de\/wp-content\/uploads\/sites\/6\/2022\/08\/Oenotourisme-768x526.jpg 768w, https:\/\/www.golfe-sainttropez-tourisme.fr\/de\/wp-content\/uploads\/sites\/6\/2022\/08\/Oenotourisme-1536x1052.jpg 1536w, https:\/\/www.golfe-sainttropez-tourisme.fr\/de\/wp-content\/uploads\/sites\/6\/2022\/08\/Oenotourisme-2048x1403.jpg 2048w, https:\/\/www.golfe-sainttropez-tourisme.fr\/de\/wp-content\/uploads\/sites\/6\/2022\/08\/Oenotourisme-150x103.jpg 150w, https:\/\/www.golfe-sainttropez-tourisme.fr\/de\/wp-content\/uploads\/sites\/6\/2022\/08\/Oenotourisme-920x630.jpg 920w\" sizes=\"auto, (max-width: 1024px) 100vw, 1024px\" \/><\/figure>\n\n\n\n<figure class=\"wp-block-image size-large\"><img loading=\"lazy\" decoding=\"async\" width=\"1024\" height=\"683\" data-id=\"8092\" src=\"https:\/\/www.golfe-sainttropez-tourisme.fr\/de\/wp-content\/uploads\/sites\/6\/2022\/08\/Oenotourisme3-1024x683.jpg\" alt=\"\" class=\"wp-image-8092\" srcset=\"https:\/\/www.golfe-sainttropez-tourisme.fr\/de\/wp-content\/uploads\/sites\/6\/2022\/08\/Oenotourisme3-1024x683.jpg 1024w, https:\/\/www.golfe-sainttropez-tourisme.fr\/de\/wp-content\/uploads\/sites\/6\/2022\/08\/Oenotourisme3-300x200.jpg 300w, https:\/\/www.golfe-sainttropez-tourisme.fr\/de\/wp-content\/uploads\/sites\/6\/2022\/08\/Oenotourisme3-768x512.jpg 768w, https:\/\/www.golfe-sainttropez-tourisme.fr\/de\/wp-content\/uploads\/sites\/6\/2022\/08\/Oenotourisme3-1536x1024.jpg 1536w, https:\/\/www.golfe-sainttropez-tourisme.fr\/de\/wp-content\/uploads\/sites\/6\/2022\/08\/Oenotourisme3-2048x1365.jpg 2048w, https:\/\/www.golfe-sainttropez-tourisme.fr\/de\/wp-content\/uploads\/sites\/6\/2022\/08\/Oenotourisme3-150x100.jpg 150w, https:\/\/www.golfe-sainttropez-tourisme.fr\/de\/wp-content\/uploads\/sites\/6\/2022\/08\/Oenotourisme3-945x630.jpg 945w\" sizes=\"auto, (max-width: 1024px) 100vw, 1024px\" \/><\/figure>\n\n\n\n<figure class=\"wp-block-image size-large\"><img loading=\"lazy\" decoding=\"async\" width=\"1024\" height=\"742\" data-id=\"6039\" src=\"https:\/\/www.golfe-sainttropez-tourisme.fr\/de\/wp-content\/uploads\/sites\/6\/2022\/08\/Oenotourisme2-1024x742.jpg\" alt=\"\" class=\"wp-image-6039\" srcset=\"https:\/\/www.golfe-sainttropez-tourisme.fr\/de\/wp-content\/uploads\/sites\/6\/2022\/08\/Oenotourisme2-1024x742.jpg 1024w, https:\/\/www.golfe-sainttropez-tourisme.fr\/de\/wp-content\/uploads\/sites\/6\/2022\/08\/Oenotourisme2-300x217.jpg 300w, https:\/\/www.golfe-sainttropez-tourisme.fr\/de\/wp-content\/uploads\/sites\/6\/2022\/08\/Oenotourisme2-768x556.jpg 768w, https:\/\/www.golfe-sainttropez-tourisme.fr\/de\/wp-content\/uploads\/sites\/6\/2022\/08\/Oenotourisme2-1536x1113.jpg 1536w, https:\/\/www.golfe-sainttropez-tourisme.fr\/de\/wp-content\/uploads\/sites\/6\/2022\/08\/Oenotourisme2-150x109.jpg 150w, https:\/\/www.golfe-sainttropez-tourisme.fr\/de\/wp-content\/uploads\/sites\/6\/2022\/08\/Oenotourisme2-870x630.jpg 870w, https:\/\/www.golfe-sainttropez-tourisme.fr\/de\/wp-content\/uploads\/sites\/6\/2022\/08\/Oenotourisme2.jpg 1967w\" sizes=\"auto, (max-width: 1024px) 100vw, 1024px\" \/><\/figure>\n<\/figure>\n<\/div>\n<\/div>\n\n\n\n<p class=\"has-text-align-center\">Nehmen Sie an einer gef\u00fchrten Tour teil und erfahren Sie mehr \u00fcber die Welt des Weins, ob bei einem Spaziergang in den Weinbergen bis zu einem ganzt\u00e4gigen Ausflug.<\/p>\n","protected":false},"excerpt":{"rendered":"<p>Nehmen Sie sich die Zeit, um dieses besondere Universum zu entdecken, mit den Winzern \u00fcber ihr K\u00f6nnen zu sprechen und mehr \u00fcber das Gebiet zu erfahren, das den Charakter des Weins pr\u00e4gt.                       Nehmen Sie an einer gef\u00fchrten Tour teil und erfahren Sie mehr \u00fcber die Welt des Weins, ob bei einem Spaziergang in den Weinbergen bis zu einem ganzt\u00e4gigen Ausflug.<\/p>\n","protected":false},"author":31,"featured_media":6050,"parent":27467,"menu_order":53,"comment_status":"open","ping_status":"open","template":"templates\/template-list-apidae-split.php","meta":{"_acf_changed":false,"inline_featured_image":false,"footnotes":""},"class_list":["post-27478","type-page","status-publish","has-post-thumbnail","hentry"],"acf":[],"_links":{"self":[{"href":"https:\/\/www.golfe-sainttropez-tourisme.fr\/de\/wp-json\/wp\/v2\/pages\/27478","targetHints":{"allow":["GET"]}}],"collection":[{"href":"https:\/\/www.golfe-sainttropez-tourisme.fr\/de\/wp-json\/wp\/v2\/pages"}],"about":[{"href":"https:\/\/www.golfe-sainttropez-tourisme.fr\/de\/wp-json\/wp\/v2\/types\/page"}],"author":[{"embeddable":true,"href":"https:\/\/www.golfe-sainttropez-tourisme.fr\/de\/wp-json\/wp\/v2\/users\/31"}],"replies":[{"embeddable":true,"href":"https:\/\/www.golfe-sainttropez-tourisme.fr\/de\/wp-json\/wp\/v2\/comments?post=27478"}],"version-history":[{"count":3,"href":"https:\/\/www.golfe-sainttropez-tourisme.fr\/de\/wp-json\/wp\/v2\/pages\/27478\/revisions"}],"predecessor-version":[{"id":80809,"href":"https:\/\/www.golfe-sainttropez-tourisme.fr\/de\/wp-json\/wp\/v2\/pages\/27478\/revisions\/80809"}],"up":[{"embeddable":true,"href":"https:\/\/www.golfe-sainttropez-tourisme.fr\/de\/wp-json\/wp\/v2\/pages\/27467"}],"wp:featuredmedia":[{"embeddable":true,"href":"https:\/\/www.golfe-sainttropez-tourisme.fr\/de\/wp-json\/wp\/v2\/media\/6050"}],"wp:attachment":[{"href":"https:\/\/www.golfe-sainttropez-tourisme.fr\/de\/wp-json\/wp\/v2\/media?parent=27478"}],"curies":[{"name":"wp","href":"https:\/\/api.w.org\/{rel}","templated":true}]}}