{"id":27488,"date":"2023-05-15T17:21:31","date_gmt":"2023-05-15T15:21:31","guid":{"rendered":"https:\/\/www.golfe-sainttropez-tourisme.fr\/de\/?page_id=27488"},"modified":"2023-11-02T16:16:13","modified_gmt":"2023-11-02T15:16:13","slug":"restaurants","status":"publish","type":"page","link":"https:\/\/www.golfe-sainttropez-tourisme.fr\/de\/freizeitaktivitaten\/gastronomie\/restaurants\/","title":{"rendered":"Restaurants"},"content":{"rendered":"\n<p class=\"has-text-align-center\">Auch die Sinne m\u00f6chten mal was Neues erleben&nbsp;&#8230; Und bei uns kommen auch Ihre Geschmacksknospen nicht zu kurz !<\/p>\n\n\n\n<p class=\"has-text-align-center\">Unsere K\u00f6che geben sich die gr\u00f6\u00dfte M\u00fche, damit Sie die vielf\u00e4ltigen Aromen der Meeresprodukte und unserer Gem\u00fcseg\u00e4rten selbst erschmecken k\u00f6nnen, begleitet von einem k\u00f6stlichen Wein, der von unseren Winzern mit gr\u00f6\u00dfter Sorgfalt hergestellt wird.<\/p>\n","protected":false},"excerpt":{"rendered":"<p>Auch die Sinne m\u00f6chten mal was Neues erleben&nbsp;&#8230; Und bei uns kommen auch Ihre Geschmacksknospen nicht zu kurz !    Unsere K\u00f6che geben sich die gr\u00f6\u00dfte M\u00fche, damit Sie die vielf\u00e4ltigen Aromen der Meeresprodukte und unserer Gem\u00fcseg\u00e4rten selbst erschmecken k\u00f6nnen, begleitet von einem k\u00f6stlichen Wein, der von unseren Winzern mit gr\u00f6\u00dfter Sorgfalt hergestellt wird.<\/p>\n","protected":false},"author":31,"featured_media":6055,"parent":27482,"menu_order":56,"comment_status":"open","ping_status":"open","template":"templates\/template-list-apidae-split.php","meta":{"_acf_changed":false,"inline_featured_image":false,"footnotes":""},"class_list":["post-27488","type-page","status-publish","has-post-thumbnail","hentry"],"acf":[],"_links":{"self":[{"href":"https:\/\/www.golfe-sainttropez-tourisme.fr\/de\/wp-json\/wp\/v2\/pages\/27488","targetHints":{"allow":["GET"]}}],"collection":[{"href":"https:\/\/www.golfe-sainttropez-tourisme.fr\/de\/wp-json\/wp\/v2\/pages"}],"about":[{"href":"https:\/\/www.golfe-sainttropez-tourisme.fr\/de\/wp-json\/wp\/v2\/types\/page"}],"author":[{"embeddable":true,"href":"https:\/\/www.golfe-sainttropez-tourisme.fr\/de\/wp-json\/wp\/v2\/users\/31"}],"replies":[{"embeddable":true,"href":"https:\/\/www.golfe-sainttropez-tourisme.fr\/de\/wp-json\/wp\/v2\/comments?post=27488"}],"version-history":[{"count":3,"href":"https:\/\/www.golfe-sainttropez-tourisme.fr\/de\/wp-json\/wp\/v2\/pages\/27488\/revisions"}],"predecessor-version":[{"id":80804,"href":"https:\/\/www.golfe-sainttropez-tourisme.fr\/de\/wp-json\/wp\/v2\/pages\/27488\/revisions\/80804"}],"up":[{"embeddable":true,"href":"https:\/\/www.golfe-sainttropez-tourisme.fr\/de\/wp-json\/wp\/v2\/pages\/27482"}],"wp:featuredmedia":[{"embeddable":true,"href":"https:\/\/www.golfe-sainttropez-tourisme.fr\/de\/wp-json\/wp\/v2\/media\/6055"}],"wp:attachment":[{"href":"https:\/\/www.golfe-sainttropez-tourisme.fr\/de\/wp-json\/wp\/v2\/media?parent=27488"}],"curies":[{"name":"wp","href":"https:\/\/api.w.org\/{rel}","templated":true}]}}