{"id":27507,"date":"2023-05-15T17:37:19","date_gmt":"2023-05-15T15:37:19","guid":{"rendered":"https:\/\/www.golfe-sainttropez-tourisme.fr\/de\/?page_id=27507"},"modified":"2023-11-02T16:24:38","modified_gmt":"2023-11-02T15:24:38","slug":"freizeitaktivitaten-mit-wasser","status":"publish","type":"page","link":"https:\/\/www.golfe-sainttropez-tourisme.fr\/de\/freizeitaktivitaten\/freizeitaktivitaten\/freizeitaktivitaten-mit-wasser\/","title":{"rendered":"Freizeitaktivit\u00e4ten mit Wasser"},"content":{"rendered":"\n<p class=\"has-text-align-center\">Das milde Klima lockt uns fast das ganze Jahr an die Str\u00e4nde, wo man einfach nur ins k\u00fchle Nass springen will! Ob auf oder unter der Wasseroberfl\u00e4che, entspannt oder rasant \u2013 die Meeresluft l\u00e4sst sich auf viele Arten genie\u00dfen.<\/p>\n","protected":false},"excerpt":{"rendered":"<p>Das milde Klima lockt uns fast das ganze Jahr an die Str\u00e4nde, wo man einfach nur ins k\u00fchle Nass springen will! Ob auf oder unter der Wasseroberfl\u00e4che, entspannt oder rasant \u2013 die Meeresluft l\u00e4sst sich auf viele Arten genie\u00dfen.<\/p>\n","protected":false},"author":31,"featured_media":6058,"parent":27504,"menu_order":59,"comment_status":"open","ping_status":"open","template":"templates\/template-list-apidae-split.php","meta":{"_acf_changed":false,"inline_featured_image":false,"footnotes":""},"class_list":["post-27507","type-page","status-publish","has-post-thumbnail","hentry"],"acf":[],"_links":{"self":[{"href":"https:\/\/www.golfe-sainttropez-tourisme.fr\/de\/wp-json\/wp\/v2\/pages\/27507","targetHints":{"allow":["GET"]}}],"collection":[{"href":"https:\/\/www.golfe-sainttropez-tourisme.fr\/de\/wp-json\/wp\/v2\/pages"}],"about":[{"href":"https:\/\/www.golfe-sainttropez-tourisme.fr\/de\/wp-json\/wp\/v2\/types\/page"}],"author":[{"embeddable":true,"href":"https:\/\/www.golfe-sainttropez-tourisme.fr\/de\/wp-json\/wp\/v2\/users\/31"}],"replies":[{"embeddable":true,"href":"https:\/\/www.golfe-sainttropez-tourisme.fr\/de\/wp-json\/wp\/v2\/comments?post=27507"}],"version-history":[{"count":3,"href":"https:\/\/www.golfe-sainttropez-tourisme.fr\/de\/wp-json\/wp\/v2\/pages\/27507\/revisions"}],"predecessor-version":[{"id":80794,"href":"https:\/\/www.golfe-sainttropez-tourisme.fr\/de\/wp-json\/wp\/v2\/pages\/27507\/revisions\/80794"}],"up":[{"embeddable":true,"href":"https:\/\/www.golfe-sainttropez-tourisme.fr\/de\/wp-json\/wp\/v2\/pages\/27504"}],"wp:featuredmedia":[{"embeddable":true,"href":"https:\/\/www.golfe-sainttropez-tourisme.fr\/de\/wp-json\/wp\/v2\/media\/6058"}],"wp:attachment":[{"href":"https:\/\/www.golfe-sainttropez-tourisme.fr\/de\/wp-json\/wp\/v2\/media?parent=27507"}],"curies":[{"name":"wp","href":"https:\/\/api.w.org\/{rel}","templated":true}]}}