{"id":3148,"date":"2019-07-30T15:44:03","date_gmt":"2019-07-30T13:44:03","guid":{"rendered":"https:\/\/www.golfe-sainttropez-tourisme.fr\/de\/?page_id=3148"},"modified":"2023-08-07T17:11:46","modified_gmt":"2023-08-07T15:11:46","slug":"zugaenglichkeit","status":"publish","type":"page","link":"https:\/\/www.golfe-sainttropez-tourisme.fr\/de\/zugaenglichkeit\/","title":{"rendered":"Zug\u00e4nglichkeit"},"content":{"rendered":"<h2 id=\"tw-target-text\" class=\"tw-data-text tw-text-large tw-ta\" dir=\"ltr\" data-placeholder=\"Traduction\"><span class=\"Y2IQFc\" lang=\"de\">Profitieren Sie von der digitalen Barrierefreiheit<\/span><\/h2>\n<h3>Navigation<\/h3>\n<p id=\"tw-target-text\" class=\"tw-data-text tw-text-large tw-ta\" dir=\"ltr\" data-placeholder=\"Traduction\"><span class=\"Y2IQFc\" lang=\"de\">Die Seite entspricht den Barrierefreiheitsstandards und erm\u00f6glicht Ihnen viele Anpassungen. Sie k\u00f6nnen beispielsweise in eine Seite hineinzoomen, ohne den Lesekomfort zu verlieren. Nutzen Sie dazu die Optionen Ihres Browsers oder das Rad Ihrer Maus und dr\u00fccken Sie gleichzeitig die STRG-Taste auf Ihrer Tastatur.<\/span><\/p>\n<h3 id=\"tw-target-text\" class=\"tw-data-text tw-text-large tw-ta\" dir=\"ltr\" data-placeholder=\"Traduction\"><span class=\"Y2IQFc\" lang=\"de\">Schneller Zugang <\/span><\/h3>\n<p id=\"tw-target-text\" class=\"tw-data-text tw-text-large tw-ta\" dir=\"ltr\" data-placeholder=\"Traduction\"><span class=\"Y2IQFc\" lang=\"de\">Unten auf der Startseite befindet sich ein Symbol, mit dem Sie mit einem Klick zum Seitenanfang zur\u00fcckkehren k\u00f6nnen.<\/span><\/p>\n<div id=\"tw-target-text-container\" class=\"tw-ta-container F0azHf tw-nfl\" tabindex=\"0\">\n<h3 id=\"tw-target-text\" class=\"tw-data-text tw-text-large tw-ta\" dir=\"ltr\" data-placeholder=\"Traduction\"><span class=\"Y2IQFc\" lang=\"de\">Textgr\u00f6\u00dfe<\/span><\/h3>\n<\/div>\n<p id=\"tw-target-text\" class=\"tw-data-text tw-text-large tw-ta\" dir=\"ltr\" data-placeholder=\"Traduction\"><span class=\"Y2IQFc\" lang=\"de\">Die Schriftgr\u00f6\u00dfe des Inhalts kann in den meisten Browsern ge\u00e4ndert werden. Verwenden Sie dazu die folgenden Befehle:<\/span><\/p>\n<ul>\n<li id=\"tw-target-text\" class=\"tw-data-text tw-text-large tw-ta\" dir=\"ltr\" data-placeholder=\"Traduction\"><span class=\"Y2IQFc\" lang=\"de\">\u201eSTRG\u201c-Taste und \u201eMausrad\u201c<\/span><\/li>\n<li class=\"tw-data-text tw-text-large tw-ta\" dir=\"ltr\" data-placeholder=\"Traduction\"><span class=\"Y2IQFc\" lang=\"de\">Tasten \u201eSTRG\u201c und \u201e+\u201c (Textgr\u00f6\u00dfe vergr\u00f6\u00dfern) bzw. \u201e\u2013\u201c (Textgr\u00f6\u00dfe verringern). <\/span><\/li>\n<li class=\"tw-data-text tw-text-large tw-ta\" dir=\"ltr\" data-placeholder=\"Traduction\"><span class=\"Y2IQFc\" lang=\"de\">Browsermen\u00fcs: Ansicht &gt; Textgr\u00f6\u00dfe<\/span><\/li>\n<\/ul>\n<h3>Men\u00fcs<\/h3>\n<p id=\"tw-target-text\" class=\"tw-data-text tw-text-large tw-ta\" dir=\"ltr\" data-placeholder=\"Traduction\"><span class=\"Y2IQFc\" lang=\"de\">Das Hauptmen\u00fc befindet sich oben auf der Seite und wird dauerhaft auf allen Seiten der Website angezeigt. Damit gelangen Sie zu den Hauptabschnitten. \u00dcber das Logo oben links gelangen Sie zur\u00fcck zur Startseite. Die Sitemap befindet sich unten auf jeder Seite und bietet Zugriff auf alle Abschnitte und Unterabschnitte der Website.<\/span><\/p>\n<h2 id=\"tw-target-text\" class=\"tw-data-text tw-text-large tw-ta\" dir=\"ltr\" data-placeholder=\"Traduction\"><span class=\"Y2IQFc\" lang=\"de\">Barrierefreiheit<\/span><\/h2>\n<h3 id=\"tw-target-text\" class=\"tw-data-text tw-text-large tw-ta\" dir=\"ltr\" data-placeholder=\"Traduction\"><span class=\"Y2IQFc\" lang=\"de\">Was ist digitale Barrierefreiheit?<\/span><\/h3>\n<p id=\"tw-target-text\" class=\"tw-data-text tw-text-large tw-ta\" dir=\"ltr\" data-placeholder=\"Traduction\"><span class=\"Y2IQFc\" lang=\"de\">Eine Website zug\u00e4nglich zu machen bedeutet, sie allen Menschen zug\u00e4nglich zu machen, unabh\u00e4ngig von ihrer Hardware oder Software, ihrer Netzwerkinfrastruktur, ihrer Kultur, ihrem geografischen Standort oder ihren k\u00f6rperlichen oder geistigen F\u00e4higkeiten. Es erm\u00f6glicht insbesondere Menschen mit Behinderungen den Zugang zu Information, Bildung und Kultur. Eine barrierefreie Website beachtet tats\u00e4chlich einige Kriterien und technische Regeln. Entwicklungstechnisch muss der Hintergrund (der Text) von der Form (den Bildern, der Formatierung) getrennt werden. Jedes Element muss eine Textalternative haben. Daher muss ein Bild eine Alternative haben, die beispielsweise von einer Sprachsynthesesoftware verwendet wird. Digitale Barrierefreiheit gilt nicht nur f\u00fcr Menschen mit Sehbehinderungen. Ziel der Barrierefreiheit ist es, Websites \u00fcbersichtlicher und leichter zug\u00e4nglich zu machen.<\/span><\/p>\n<h3 id=\"tw-target-text\" class=\"tw-data-text tw-text-large tw-ta\" dir=\"ltr\" data-placeholder=\"Traduction\"><span class=\"Y2IQFc\" lang=\"de\">Standards f\u00fcr die Barrierefreiheit im Internet<\/span><\/h3>\n<p id=\"tw-target-text\" class=\"tw-data-text tw-text-large tw-ta\" dir=\"ltr\" data-placeholder=\"Traduction\"><span class=\"Y2IQFc\" lang=\"de\">Das W3C, die Organisation, die Webstandards und -protokolle entwickelt, hat die WAI (Web Accessibility Initiative) mit dem Ziel ins Leben gerufen, die Barrierefreiheit zu verbessern. Das WAI definiert 3 Priorit\u00e4tsstufen, die 3 Zug\u00e4nglichkeitsstufen entsprechen: A \/ AA \/ AAA. Die ersten beiden dienten 2002 als Grundlage f\u00fcr die vom Europ\u00e4ischen Parlament angenommene Resolution vom 13. Juni (Referenz PE (2002)0325). In dieser Entschlie\u00dfung wird die Bedeutung der Barrierefreiheit im Internet in europ\u00e4ischen Institutionen und Mitgliedstaaten anerkannt. Es weist darauf hin, dass die Richtlinien f\u00fcr Barrierefreiheit (AA) auf \u00f6ffentlichen Websites angewendet werden m\u00fcssen.<\/span><\/p>\n<h3 id=\"tw-target-text\" class=\"tw-data-text tw-text-large tw-ta\" dir=\"ltr\" data-placeholder=\"Traduction\"><span class=\"Y2IQFc\" lang=\"de\">W3C, Barrierefreiheit und RGAA-Repository<\/span><\/h3>\n<p id=\"tw-target-text\" class=\"tw-data-text tw-text-large tw-ta\" dir=\"ltr\" data-placeholder=\"Traduction\"><span class=\"Y2IQFc\" lang=\"de\">Die Website folgt diesen Richtlinien. Sollten Sie jemals auf ein Problem mit der Barrierefreiheit einer der Seiten dieser Website sto\u00dfen, z\u00f6gern Sie nicht, uns zu kontaktieren, damit wir unsere Arbeit verbessern k\u00f6nnen. Z\u00f6gern Sie nicht, uns Ihre Kommentare und Vorschl\u00e4ge zu senden.<\/span><\/p>\n<p id=\"tw-target-text\" class=\"tw-data-text tw-text-large tw-ta\" dir=\"ltr\" data-placeholder=\"Traduction\"><span class=\"Y2IQFc\" lang=\"de\">Weitere Informationen zum RGAA-Standard<\/span><\/p>\n<p>: <strong><a href=\"https:\/\/www.numerique.gouv.fr\/publications\/rgaa-accessibilite\/\">https:\/\/www.numerique.gouv.fr\/publications\/rgaa-accessibilite\/<\/a><\/strong><\/p>\n","protected":false},"excerpt":{"rendered":"<p>Profitieren Sie von der digitalen Barrierefreiheit Navigation Die Seite entspricht den Barrierefreiheitsstandards und erm\u00f6glicht Ihnen viele Anpassungen. Sie k\u00f6nnen beispielsweise in eine Seite hineinzoomen, ohne den Lesekomfort zu verlieren. Nutzen Sie dazu die Optionen Ihres Browsers oder das Rad Ihrer Maus und dr\u00fccken Sie gleichzeitig die STRG-Taste auf Ihrer Tastatur.  Schneller Zugang  Unten auf der Startseite befindet sich ein Symbol, mit dem Sie mit einem Klick zum Seitenanfang zur\u00fcckkehren k\u00f6nnen.   Textgr\u00f6\u00dfe  Die Schriftgr\u00f6\u00dfe des Inhalts kann in den meisten Browsern ge\u00e4ndert werden. Verwenden Sie dazu die folgenden Befehle:     \u201eSTRG\u201c-Taste und \u201eMausrad\u201c   Tasten \u201eSTRG\u201c und \u201e+\u201c (Textgr\u00f6\u00dfe vergr\u00f6\u00dfern) bzw. \u201e\u2013\u201c (Textgr\u00f6\u00dfe verringern).    Browsermen\u00fcs: Ansicht &gt; Textgr\u00f6\u00dfe  Men\u00fcs Das Hauptmen\u00fc befindet sich oben auf der Seite und wird dauerhaft auf allen Seiten der Website angezeigt. Damit gelangen Sie zu den Hauptabschnitten. \u00dcber das Logo oben links gelangen Sie zur\u00fcck zur Startseite. Die Sitemap befindet sich unten auf jeder Seite und bietet Zugriff auf alle Abschnitte und Unterabschnitte der Website.  Barrierefreiheit Was ist digitale Barrierefreiheit? Eine Website zug\u00e4nglich zu machen bedeutet, sie allen Menschen zug\u00e4nglich zu machen, unabh\u00e4ngig von ihrer Hardware oder Software, ihrer Netzwerkinfrastruktur, ihrer Kultur, ihrem geografischen Standort oder ihren k\u00f6rperlichen oder geistigen F\u00e4higkeiten. Es erm\u00f6glicht insbesondere Menschen mit Behinderungen den Zugang zu Information, Bildung und Kultur. Eine barrierefreie Website beachtet tats\u00e4chlich einige Kriterien und technische Regeln. Entwicklungstechnisch muss der Hintergrund (der Text) von der Form (den Bildern, der Formatierung) getrennt werden. Jedes Element muss eine Textalternative haben. Daher muss ein Bild eine Alternative haben, die beispielsweise von einer Sprachsynthesesoftware verwendet wird. Digitale Barrierefreiheit gilt nicht nur f\u00fcr Menschen mit Sehbehinderungen. Ziel der Barrierefreiheit ist es, Websites \u00fcbersichtlicher und leichter zug\u00e4nglich zu machen.  Standards f\u00fcr die Barrierefreiheit im Internet Das W3C, die Organisation, die Webstandards und -protokolle entwickelt, hat die WAI (Web Accessibility Initiative) mit dem Ziel ins Leben gerufen, die Barrierefreiheit zu verbessern. Das WAI definiert 3 Priorit\u00e4tsstufen, die 3 Zug\u00e4nglichkeitsstufen entsprechen: A \/ AA \/ AAA. Die ersten beiden dienten 2002 als Grundlage f\u00fcr die vom Europ\u00e4ischen Parlament angenommene Resolution vom 13. Juni (Referenz PE (2002)0325). In dieser Entschlie\u00dfung wird die Bedeutung der Barrierefreiheit im Internet in europ\u00e4ischen Institutionen und Mitgliedstaaten anerkannt. Es weist darauf hin, dass die Richtlinien f\u00fcr Barrierefreiheit (AA) auf \u00f6ffentlichen Websites angewendet werden m\u00fcssen.  W3C, Barrierefreiheit und RGAA-Repository Die Website folgt diesen Richtlinien. Sollten Sie jemals auf ein Problem mit der Barrierefreiheit einer der Seiten dieser Website sto\u00dfen, z\u00f6gern Sie nicht, uns zu kontaktieren, damit wir unsere Arbeit verbessern k\u00f6nnen. Z\u00f6gern Sie nicht, uns Ihre Kommentare und Vorschl\u00e4ge zu senden. Weitere Informationen zum RGAA-Standard : https:\/\/www.numerique.gouv.fr\/publications\/rgaa-accessibilite\/<\/p>\n","protected":false},"author":1,"featured_media":0,"parent":0,"menu_order":6,"comment_status":"closed","ping_status":"closed","template":"templates\/full-width.php","meta":{"_acf_changed":false,"inline_featured_image":false,"footnotes":""},"class_list":["post-3148","type-page","status-publish","hentry"],"acf":[],"_links":{"self":[{"href":"https:\/\/www.golfe-sainttropez-tourisme.fr\/de\/wp-json\/wp\/v2\/pages\/3148","targetHints":{"allow":["GET"]}}],"collection":[{"href":"https:\/\/www.golfe-sainttropez-tourisme.fr\/de\/wp-json\/wp\/v2\/pages"}],"about":[{"href":"https:\/\/www.golfe-sainttropez-tourisme.fr\/de\/wp-json\/wp\/v2\/types\/page"}],"author":[{"embeddable":true,"href":"https:\/\/www.golfe-sainttropez-tourisme.fr\/de\/wp-json\/wp\/v2\/users\/1"}],"replies":[{"embeddable":true,"href":"https:\/\/www.golfe-sainttropez-tourisme.fr\/de\/wp-json\/wp\/v2\/comments?post=3148"}],"version-history":[{"count":5,"href":"https:\/\/www.golfe-sainttropez-tourisme.fr\/de\/wp-json\/wp\/v2\/pages\/3148\/revisions"}],"predecessor-version":[{"id":39325,"href":"https:\/\/www.golfe-sainttropez-tourisme.fr\/de\/wp-json\/wp\/v2\/pages\/3148\/revisions\/39325"}],"wp:attachment":[{"href":"https:\/\/www.golfe-sainttropez-tourisme.fr\/de\/wp-json\/wp\/v2\/media?parent=3148"}],"curies":[{"name":"wp","href":"https:\/\/api.w.org\/{rel}","templated":true}]}}