{"id":90060,"date":"2024-03-04T16:11:45","date_gmt":"2024-03-04T15:11:45","guid":{"rendered":"https:\/\/www.golfe-sainttropez-tourisme.fr\/de\/?page_id=90060"},"modified":"2026-03-19T15:13:27","modified_gmt":"2026-03-19T14:13:27","slug":"das-traditionelle-olivenfest","status":"publish","type":"page","link":"https:\/\/www.golfe-sainttropez-tourisme.fr\/de\/das-traditionelle-olivenfest\/","title":{"rendered":"Das traditionelle Olivenfest"},"content":{"rendered":"\n<h2 class=\"wp-block-heading has-text-align-center\">Zwei Tage lang wird in Rayol-Canadel sur Mer f\u00fcr Gro\u00df und Klein gefeiert!<\/h2>\n\n\n\n<p class=\"has-text-align-center\">Am 5. und 6. April 2026 l\u00e4dt Sie das Dorf Le Rayol-Canadel sur Mer ein, die 27. Ausgabe des Olivenfestes zu feiern. Bei diesem unumg\u00e4nglichen Ereignis werden die provenzalischen Traditionen, die regionalen Produkte und das lokale Kunsthandwerk in einer festlichen und geselligen Atmosph\u00e4re geehrt!<\/p>\n\n\n\n<div class=\"wp-block-media-text alignwide is-stacked-on-mobile\"><figure class=\"wp-block-media-text__media\"><img loading=\"lazy\" decoding=\"async\" width=\"1024\" height=\"768\" src=\"https:\/\/www.golfe-sainttropez-tourisme.fr\/wp-content\/uploads\/2023\/03\/Concours-daioli-1024x768.jpg\" alt=\"\" class=\"wp-image-23559 size-full\" srcset=\"https:\/\/www.golfe-sainttropez-tourisme.fr\/de\/wp-content\/uploads\/sites\/6\/2023\/03\/Concours-daioli-1024x768.jpg 1024w, https:\/\/www.golfe-sainttropez-tourisme.fr\/de\/wp-content\/uploads\/sites\/6\/2023\/03\/Concours-daioli-300x225.jpg 300w, https:\/\/www.golfe-sainttropez-tourisme.fr\/de\/wp-content\/uploads\/sites\/6\/2023\/03\/Concours-daioli-768x576.jpg 768w, https:\/\/www.golfe-sainttropez-tourisme.fr\/de\/wp-content\/uploads\/sites\/6\/2023\/03\/Concours-daioli-1536x1152.jpg 1536w, https:\/\/www.golfe-sainttropez-tourisme.fr\/de\/wp-content\/uploads\/sites\/6\/2023\/03\/Concours-daioli-2048x1536.jpg 2048w, https:\/\/www.golfe-sainttropez-tourisme.fr\/de\/wp-content\/uploads\/sites\/6\/2023\/03\/Concours-daioli-150x113.jpg 150w, https:\/\/www.golfe-sainttropez-tourisme.fr\/de\/wp-content\/uploads\/sites\/6\/2023\/03\/Concours-daioli-840x630.jpg 840w\" sizes=\"auto, (max-width: 1024px) 100vw, 1024px\" \/><\/figure><div class=\"wp-block-media-text__content\">\n<p><strong>Auf dem Programm:<\/strong><\/p>\n\n\n\n<p><strong>Provenzalischer Markt<\/strong>, entdecken Sie Oliven\u00f6le aus dem Var und der Provence, regionale Produkte und handwerkliche Spezialit\u00e4ten, die von passionierten Produzenten angeboten werden.<\/p>\n\n\n\n<p><strong>Vorf\u00fchrungen und Verkostungen<\/strong>, nehmen Sie am Oliven\u00f6lwettbewerb teil und genie\u00dfen Sie die traditionelle Aioli bei einer Feinschmeckerverkostung mit der Bruderschaft \u201eLes Compagnons de l&#8217;A\u00efoli de Solli\u00e8s-Toucas\u201c.<\/p>\n<\/div><\/div>\n\n\n\n<div class=\"wp-block-media-text alignwide has-media-on-the-right is-stacked-on-mobile\"><div class=\"wp-block-media-text__content\">\n<p><strong>Animationen f\u00fcr die ganze Familie<\/strong>, Trampolinspringen und Ponyreiten f\u00fcr Kinder. Kreative Workshops (Trockenblumen, Wolle, Marionetten). Schminkworkshop<\/p>\n\n\n\n<p><strong>Bravades et traditions proven\u00e7ales<\/strong>, mit der Teilnahme der Ritter der Commanderie du Rameau d&#8217;Argent, der Bravadeurs des Vereins Mer, Provence et Traditions und der Folkloregruppe \u201eLa Voio\u201c erleben Sie ein Eintauchen in das Herz der provenzalischen Traditionen.<\/p>\n\n\n\n<p><strong>Verpassen Sie nicht den Aperitif<\/strong>, der vom Comit\u00e9 des F\u00eates angeboten wird, eine gute Gelegenheit, um in guter Stimmung ein Glas zu trinken.<\/p>\n<\/div><figure class=\"wp-block-media-text__media\"><img loading=\"lazy\" decoding=\"async\" width=\"1024\" height=\"768\" src=\"https:\/\/www.golfe-sainttropez-tourisme.fr\/wp-content\/uploads\/2023\/01\/278279482_1968768466628884_1565447276324758034_n-1024x768.jpg\" alt=\"\" class=\"wp-image-23490 size-full\" srcset=\"https:\/\/www.golfe-sainttropez-tourisme.fr\/de\/wp-content\/uploads\/sites\/6\/2023\/01\/278279482_1968768466628884_1565447276324758034_n-1024x768.jpg 1024w, https:\/\/www.golfe-sainttropez-tourisme.fr\/de\/wp-content\/uploads\/sites\/6\/2023\/01\/278279482_1968768466628884_1565447276324758034_n-300x225.jpg 300w, https:\/\/www.golfe-sainttropez-tourisme.fr\/de\/wp-content\/uploads\/sites\/6\/2023\/01\/278279482_1968768466628884_1565447276324758034_n-768x576.jpg 768w, https:\/\/www.golfe-sainttropez-tourisme.fr\/de\/wp-content\/uploads\/sites\/6\/2023\/01\/278279482_1968768466628884_1565447276324758034_n-1536x1152.jpg 1536w, https:\/\/www.golfe-sainttropez-tourisme.fr\/de\/wp-content\/uploads\/sites\/6\/2023\/01\/278279482_1968768466628884_1565447276324758034_n-150x113.jpg 150w, https:\/\/www.golfe-sainttropez-tourisme.fr\/de\/wp-content\/uploads\/sites\/6\/2023\/01\/278279482_1968768466628884_1565447276324758034_n-840x630.jpg 840w, https:\/\/www.golfe-sainttropez-tourisme.fr\/de\/wp-content\/uploads\/sites\/6\/2023\/01\/278279482_1968768466628884_1565447276324758034_n.jpg 1728w\" sizes=\"auto, (max-width: 1024px) 100vw, 1024px\" \/><\/figure><\/div>\n\n\n\n<p class=\"has-text-align-center\"><em>Verpflegung vor Ort!<\/em><\/p>\n","protected":false},"excerpt":{"rendered":"<p>Zwei Tage lang wird in Rayol-Canadel sur Mer f\u00fcr Gro\u00df und Klein gefeiert!    Am 5. und 6. April 2026 l\u00e4dt Sie das Dorf Le Rayol-Canadel sur Mer ein, die 27. Ausgabe des Olivenfestes zu feiern. Bei diesem unumg\u00e4nglichen Ereignis werden die provenzalischen Traditionen, die regionalen Produkte und das lokale Kunsthandwerk in einer festlichen und geselligen Atmosph\u00e4re geehrt!     Auf dem Programm:    Provenzalischer Markt, entdecken Sie Oliven\u00f6le aus dem Var und der Provence, regionale Produkte und handwerkliche Spezialit\u00e4ten, die von passionierten Produzenten angeboten werden.    Vorf\u00fchrungen und Verkostungen, nehmen Sie am Oliven\u00f6lwettbewerb teil und genie\u00dfen Sie die traditionelle Aioli bei einer Feinschmeckerverkostung mit der Bruderschaft \u201eLes Compagnons de l&#8217;A\u00efoli de Solli\u00e8s-Toucas\u201c.      Animationen f\u00fcr die ganze Familie, Trampolinspringen und Ponyreiten f\u00fcr Kinder. Kreative Workshops (Trockenblumen, Wolle, Marionetten). Schminkworkshop    Bravades et traditions proven\u00e7ales, mit der Teilnahme der Ritter der Commanderie du Rameau d&#8217;Argent, der Bravadeurs des Vereins Mer, Provence et Traditions und der Folkloregruppe \u201eLa Voio\u201c erleben Sie ein Eintauchen in das Herz der provenzalischen Traditionen.    Verpassen Sie nicht den Aperitif, der vom Comit\u00e9 des F\u00eates angeboten wird, eine gute Gelegenheit, um in guter Stimmung ein Glas zu trinken.     Verpflegung vor Ort!<\/p>\n","protected":false},"author":22,"featured_media":90061,"parent":0,"menu_order":0,"comment_status":"closed","ping_status":"closed","template":"templates\/full-width.php","meta":{"_acf_changed":false,"inline_featured_image":false,"footnotes":""},"class_list":["post-90060","type-page","status-publish","has-post-thumbnail","hentry"],"acf":[],"_links":{"self":[{"href":"https:\/\/www.golfe-sainttropez-tourisme.fr\/de\/wp-json\/wp\/v2\/pages\/90060","targetHints":{"allow":["GET"]}}],"collection":[{"href":"https:\/\/www.golfe-sainttropez-tourisme.fr\/de\/wp-json\/wp\/v2\/pages"}],"about":[{"href":"https:\/\/www.golfe-sainttropez-tourisme.fr\/de\/wp-json\/wp\/v2\/types\/page"}],"author":[{"embeddable":true,"href":"https:\/\/www.golfe-sainttropez-tourisme.fr\/de\/wp-json\/wp\/v2\/users\/22"}],"replies":[{"embeddable":true,"href":"https:\/\/www.golfe-sainttropez-tourisme.fr\/de\/wp-json\/wp\/v2\/comments?post=90060"}],"version-history":[{"count":7,"href":"https:\/\/www.golfe-sainttropez-tourisme.fr\/de\/wp-json\/wp\/v2\/pages\/90060\/revisions"}],"predecessor-version":[{"id":154864,"href":"https:\/\/www.golfe-sainttropez-tourisme.fr\/de\/wp-json\/wp\/v2\/pages\/90060\/revisions\/154864"}],"wp:featuredmedia":[{"embeddable":true,"href":"https:\/\/www.golfe-sainttropez-tourisme.fr\/de\/wp-json\/wp\/v2\/media\/90061"}],"wp:attachment":[{"href":"https:\/\/www.golfe-sainttropez-tourisme.fr\/de\/wp-json\/wp\/v2\/media?parent=90060"}],"curies":[{"name":"wp","href":"https:\/\/api.w.org\/{rel}","templated":true}]}}