{"id":97535,"date":"2024-04-22T09:49:31","date_gmt":"2024-04-22T07:49:31","guid":{"rendered":"https:\/\/www.golfe-sainttropez-tourisme.fr\/de\/?page_id=97535"},"modified":"2026-04-27T11:57:06","modified_gmt":"2026-04-27T09:57:06","slug":"die-bravades","status":"publish","type":"page","link":"https:\/\/www.golfe-sainttropez-tourisme.fr\/de\/die-bravades\/","title":{"rendered":"Die Bravades"},"content":{"rendered":"\n<blockquote class=\"wp-block-quote has-text-align-center is-layout-flow wp-block-quote-is-layout-flow\">\n<p class=\"has-text-align-center\">Die <strong>Bravade<\/strong> ist eine feierliche und festliche Prozession, die zu Ehren einer Person stattfindet.<\/p>\n<\/blockquote>\n\n\n\n<div class=\"wp-block-columns is-layout-flex wp-container-core-columns-is-layout-9d6595d7 wp-block-columns-is-layout-flex\">\n<div class=\"wp-block-column is-layout-flow wp-block-column-is-layout-flow\" style=\"flex-basis:100%\">\n<figure class=\"wp-block-gallery has-nested-images columns-2 is-cropped wp-block-gallery-2 is-layout-flex wp-block-gallery-is-layout-flex\">\n<figure class=\"wp-block-image size-large\"><img loading=\"lazy\" decoding=\"async\" width=\"1024\" height=\"683\" data-id=\"6180\" src=\"https:\/\/www.golfe-sainttropez-tourisme.fr\/wp-content\/uploads\/2022\/08\/Temps_forts-8-1024x683.jpg\" alt=\"\" class=\"wp-image-6180\" srcset=\"https:\/\/www.golfe-sainttropez-tourisme.fr\/de\/wp-content\/uploads\/sites\/6\/2022\/08\/Temps_forts-8-1024x683.jpg 1024w, https:\/\/www.golfe-sainttropez-tourisme.fr\/de\/wp-content\/uploads\/sites\/6\/2022\/08\/Temps_forts-8-300x200.jpg 300w, https:\/\/www.golfe-sainttropez-tourisme.fr\/de\/wp-content\/uploads\/sites\/6\/2022\/08\/Temps_forts-8-768x512.jpg 768w, https:\/\/www.golfe-sainttropez-tourisme.fr\/de\/wp-content\/uploads\/sites\/6\/2022\/08\/Temps_forts-8-1536x1024.jpg 1536w, https:\/\/www.golfe-sainttropez-tourisme.fr\/de\/wp-content\/uploads\/sites\/6\/2022\/08\/Temps_forts-8-2048x1365.jpg 2048w, https:\/\/www.golfe-sainttropez-tourisme.fr\/de\/wp-content\/uploads\/sites\/6\/2022\/08\/Temps_forts-8-150x100.jpg 150w, https:\/\/www.golfe-sainttropez-tourisme.fr\/de\/wp-content\/uploads\/sites\/6\/2022\/08\/Temps_forts-8-945x630.jpg 945w\" sizes=\"auto, (max-width: 1024px) 100vw, 1024px\" \/><\/figure>\n\n\n\n<figure class=\"wp-block-image size-large\"><img loading=\"lazy\" decoding=\"async\" width=\"1024\" height=\"559\" data-id=\"26055\" src=\"https:\/\/www.golfe-sainttropez-tourisme.fr\/wp-content\/uploads\/2023\/04\/cogolin-bravades-\u00a9-.bertrand-tdr-2018-7-1024x559.jpg\" alt=\"\" class=\"wp-image-26055\" srcset=\"https:\/\/www.golfe-sainttropez-tourisme.fr\/de\/wp-content\/uploads\/sites\/6\/2023\/04\/cogolin-bravades-\u00a9-.bertrand-tdr-2018-7-1024x559.jpg 1024w, https:\/\/www.golfe-sainttropez-tourisme.fr\/de\/wp-content\/uploads\/sites\/6\/2023\/04\/cogolin-bravades-\u00a9-.bertrand-tdr-2018-7-300x164.jpg 300w, https:\/\/www.golfe-sainttropez-tourisme.fr\/de\/wp-content\/uploads\/sites\/6\/2023\/04\/cogolin-bravades-\u00a9-.bertrand-tdr-2018-7-768x419.jpg 768w, https:\/\/www.golfe-sainttropez-tourisme.fr\/de\/wp-content\/uploads\/sites\/6\/2023\/04\/cogolin-bravades-\u00a9-.bertrand-tdr-2018-7-1536x838.jpg 1536w, https:\/\/www.golfe-sainttropez-tourisme.fr\/de\/wp-content\/uploads\/sites\/6\/2023\/04\/cogolin-bravades-\u00a9-.bertrand-tdr-2018-7-2048x1118.jpg 2048w, https:\/\/www.golfe-sainttropez-tourisme.fr\/de\/wp-content\/uploads\/sites\/6\/2023\/04\/cogolin-bravades-\u00a9-.bertrand-tdr-2018-7-150x82.jpg 150w, https:\/\/www.golfe-sainttropez-tourisme.fr\/de\/wp-content\/uploads\/sites\/6\/2023\/04\/cogolin-bravades-\u00a9-.bertrand-tdr-2018-7-1154x630.jpg 1154w\" sizes=\"auto, (max-width: 1024px) 100vw, 1024px\" \/><\/figure>\n<\/figure>\n<\/div>\n<\/div>\n\n\n\n<h2 class=\"wp-block-heading has-text-align-center\">La Garde-Freinet<\/h2>\n\n\n\n<p class=\"has-text-align-center\">Die Bravade von Saint-Cl\u00e9ment ist eine alte Tradition des Dorfes La Garde-Freinet und wird zu Ehren des Schutzpatrons, Papstes und M\u00e4rtyrers des 1. Jahrhunderts gefeiert. Der Schutzpatron der Gemeinde, Saint-Cl\u00e9ment, wird jedes Jahr Ende April\/Anfang Mai gefeiert, um an die \u00dcberf\u00fchrung der Reliquien des Heiligen in die Kirche La Garde-Freinet zu erinnern.<\/p>\n\n\n\n<div class=\"wp-block-media-text alignwide is-stacked-on-mobile\"><figure class=\"wp-block-media-text__media\"><img loading=\"lazy\" decoding=\"async\" width=\"1024\" height=\"571\" src=\"https:\/\/www.golfe-sainttropez-tourisme.fr\/wp-content\/uploads\/2023\/04\/la-garde-freinet-bravades-\u00a9-s.casrtor-droits-reserves-37-4-1024x571.jpg\" alt=\"\" class=\"wp-image-26060 size-full\" srcset=\"https:\/\/www.golfe-sainttropez-tourisme.fr\/de\/wp-content\/uploads\/sites\/6\/2023\/04\/la-garde-freinet-bravades-\u00a9-s.casrtor-droits-reserves-37-4-1024x571.jpg 1024w, https:\/\/www.golfe-sainttropez-tourisme.fr\/de\/wp-content\/uploads\/sites\/6\/2023\/04\/la-garde-freinet-bravades-\u00a9-s.casrtor-droits-reserves-37-4-300x167.jpg 300w, https:\/\/www.golfe-sainttropez-tourisme.fr\/de\/wp-content\/uploads\/sites\/6\/2023\/04\/la-garde-freinet-bravades-\u00a9-s.casrtor-droits-reserves-37-4-768x428.jpg 768w, https:\/\/www.golfe-sainttropez-tourisme.fr\/de\/wp-content\/uploads\/sites\/6\/2023\/04\/la-garde-freinet-bravades-\u00a9-s.casrtor-droits-reserves-37-4-1536x856.jpg 1536w, https:\/\/www.golfe-sainttropez-tourisme.fr\/de\/wp-content\/uploads\/sites\/6\/2023\/04\/la-garde-freinet-bravades-\u00a9-s.casrtor-droits-reserves-37-4-2048x1142.jpg 2048w, https:\/\/www.golfe-sainttropez-tourisme.fr\/de\/wp-content\/uploads\/sites\/6\/2023\/04\/la-garde-freinet-bravades-\u00a9-s.casrtor-droits-reserves-37-4-150x84.jpg 150w, https:\/\/www.golfe-sainttropez-tourisme.fr\/de\/wp-content\/uploads\/sites\/6\/2023\/04\/la-garde-freinet-bravades-\u00a9-s.casrtor-droits-reserves-37-4-1130x630.jpg 1130w\" sizes=\"auto, (max-width: 1024px) 100vw, 1024px\" \/><\/figure><div class=\"wp-block-media-text__content\">\n<p>Am Vortag werden die Reliquien in der Pfarrkirche ausgestellt und das Tapferkeitskorps gebildet, das an der Vesper teilnimmt. Am n\u00e4chsten Tag fand eine gro\u00dfe Prozession der Reliquien mit den Bravadeuren und Pfeifern zur Kapelle Saint-Cl\u00e9ment statt, wo eine Messe stattfand. Am Sonntag findet eine Prozession nach Saint-Cl\u00e9ment durch das alte Dorf statt, gefolgt von der offiziellen Begr\u00fc\u00dfung durch Notre-Dame de Miremer und dem Hochamt in der Pfarrkirche. Die Gedenkfeier endet mit provenzalischen T\u00e4nzen und Stumpft\u00e4nzen unter Beteiligung von Pfeifen und Folkloregruppen.<\/p>\n<\/div><\/div>\n\n\n\n<p class=\"has-text-align-center\">Dieses Jahr findet die Tapferkeit des Heiligen Clemens am <strong>2. und 3. Mai 2026 <\/strong>statt!<\/p>\n\n\n\n<h2 class=\"wp-block-heading has-text-align-center\">Cogolin<\/h2>\n\n\n\n<p class=\"has-text-align-center\">Vom 4. bis 9. Jahrhundert versuchten die Sarazenen, an den K\u00fcsten der Provence einzudringen. Zur Verteidigung des Dorfes wurde ab dem 10. Jahrhundert ein Dorfhauptmann eingesetzt. So wurde Bravades geboren. Dann organisierte der Stadthauptmann jedes Jahr im Mai eine Bravade, um die Verteidigung der Stadt zu feiern und den Schutzpatron zu ehren.<\/p>\n\n\n\n<div class=\"wp-block-media-text alignwide has-media-on-the-right is-stacked-on-mobile is-image-fill-element\"><div class=\"wp-block-media-text__content\">\n<div style=\"height:130px\" aria-hidden=\"true\" class=\"wp-block-spacer\"><\/div>\n\n\n\n<p>W\u00e4hrend dieses traditionellen Festes vibrierte Cogolin im Rhythmus von Posaunen, Prozessionen durch die Stadt, Messen&#8230; 1687 von einem Stadtrat unterbrochen, bringt es das Dorf seit 1996 wieder zum Vibrieren. Die Bravade de la Saint-Maur ist ein unverzichtbares Ereignis und eine erstaunliche Zeitreise, bei der die Vergangenheit f\u00fcr ein paar Tage auf die Gegenwart trifft, um dieses religi\u00f6se und milit\u00e4rische Fest fortzusetzen.<\/p>\n\n\n\n<div style=\"height:130px\" aria-hidden=\"true\" class=\"wp-block-spacer\"><\/div>\n<\/div><figure class=\"wp-block-media-text__media\"><img loading=\"lazy\" decoding=\"async\" width=\"641\" height=\"1024\" src=\"https:\/\/www.golfe-sainttropez-tourisme.fr\/wp-content\/uploads\/2023\/04\/cogolin-bravades-2016-\u00a9e.bertrand-droits-reserves-51-641x1024.jpg\" alt=\"\" class=\"wp-image-26057 size-full\" style=\"object-position:53% 81%\" srcset=\"https:\/\/www.golfe-sainttropez-tourisme.fr\/de\/wp-content\/uploads\/sites\/6\/2023\/04\/cogolin-bravades-2016-\u00a9e.bertrand-droits-reserves-51-641x1024.jpg 641w, https:\/\/www.golfe-sainttropez-tourisme.fr\/de\/wp-content\/uploads\/sites\/6\/2023\/04\/cogolin-bravades-2016-\u00a9e.bertrand-droits-reserves-51-188x300.jpg 188w, https:\/\/www.golfe-sainttropez-tourisme.fr\/de\/wp-content\/uploads\/sites\/6\/2023\/04\/cogolin-bravades-2016-\u00a9e.bertrand-droits-reserves-51-768x1228.jpg 768w, https:\/\/www.golfe-sainttropez-tourisme.fr\/de\/wp-content\/uploads\/sites\/6\/2023\/04\/cogolin-bravades-2016-\u00a9e.bertrand-droits-reserves-51-961x1536.jpg 961w, https:\/\/www.golfe-sainttropez-tourisme.fr\/de\/wp-content\/uploads\/sites\/6\/2023\/04\/cogolin-bravades-2016-\u00a9e.bertrand-droits-reserves-51-1281x2048.jpg 1281w, https:\/\/www.golfe-sainttropez-tourisme.fr\/de\/wp-content\/uploads\/sites\/6\/2023\/04\/cogolin-bravades-2016-\u00a9e.bertrand-droits-reserves-51-94x150.jpg 94w, https:\/\/www.golfe-sainttropez-tourisme.fr\/de\/wp-content\/uploads\/sites\/6\/2023\/04\/cogolin-bravades-2016-\u00a9e.bertrand-droits-reserves-51-265x424.jpg 265w, https:\/\/www.golfe-sainttropez-tourisme.fr\/de\/wp-content\/uploads\/sites\/6\/2023\/04\/cogolin-bravades-2016-\u00a9e.bertrand-droits-reserves-51-394x630.jpg 394w, https:\/\/www.golfe-sainttropez-tourisme.fr\/de\/wp-content\/uploads\/sites\/6\/2023\/04\/cogolin-bravades-2016-\u00a9e.bertrand-droits-reserves-51-scaled.jpg 1601w\" sizes=\"auto, (max-width: 641px) 100vw, 641px\" \/><\/figure><\/div>\n\n\n\n<p class=\"has-text-align-center\">Die Bravade de la Saint Maur in Cogolin findet am <strong>8., 9. und 10. Mai 2026 <\/strong>statt!<\/p>\n\n\n\n<div style=\"height:50px\" aria-hidden=\"true\" class=\"wp-block-spacer\"><\/div>\n\n\n\n<p class=\"has-text-align-center\"><em>Im Golf von Saint-Tropez feiern auch die D\u00f6rfer Sainte Maxime und Saint-Tropez ihre Schutzheiligen! Erleben Sie die Tapferkeit von Sainte Maxime am 14. und 15. Mai und die Tapferkeit von Saint-Tropez vom 16. bis 18. Mai.<\/em><\/p>\n","protected":false},"excerpt":{"rendered":"<p>Die Bravade ist eine feierliche und festliche Prozession, die zu Ehren einer Person stattfindet.                   La Garde-Freinet    Die Bravade von Saint-Cl\u00e9ment ist eine alte Tradition des Dorfes La Garde-Freinet und wird zu Ehren des Schutzpatrons, Papstes und M\u00e4rtyrers des 1. Jahrhunderts gefeiert. Der Schutzpatron der Gemeinde, Saint-Cl\u00e9ment, wird jedes Jahr Ende April\/Anfang Mai gefeiert, um an die \u00dcberf\u00fchrung der Reliquien des Heiligen in die Kirche La Garde-Freinet zu erinnern.     Am Vortag werden die Reliquien in der Pfarrkirche ausgestellt und das Tapferkeitskorps gebildet, das an der Vesper teilnimmt. Am n\u00e4chsten Tag fand eine gro\u00dfe Prozession der Reliquien mit den Bravadeuren und Pfeifern zur Kapelle Saint-Cl\u00e9ment statt, wo eine Messe stattfand. Am Sonntag findet eine Prozession nach Saint-Cl\u00e9ment durch das alte Dorf statt, gefolgt von der offiziellen Begr\u00fc\u00dfung durch Notre-Dame de Miremer und dem Hochamt in der Pfarrkirche. Die Gedenkfeier endet mit provenzalischen T\u00e4nzen und Stumpft\u00e4nzen unter Beteiligung von Pfeifen und Folkloregruppen.     Dieses Jahr findet die Tapferkeit des Heiligen Clemens am 2. und 3. Mai 2026 statt!    Cogolin    Vom 4. bis 9. Jahrhundert versuchten die Sarazenen, an den K\u00fcsten der Provence einzudringen. Zur Verteidigung des Dorfes wurde ab dem 10. Jahrhundert ein Dorfhauptmann eingesetzt. So wurde Bravades geboren. Dann organisierte der Stadthauptmann jedes Jahr im Mai eine Bravade, um die Verteidigung der Stadt zu feiern und den Schutzpatron zu ehren.         W\u00e4hrend dieses traditionellen Festes vibrierte Cogolin im Rhythmus von Posaunen, Prozessionen durch die Stadt, Messen&#8230; 1687 von einem Stadtrat unterbrochen, bringt es das Dorf seit 1996 wieder zum Vibrieren. Die Bravade de la Saint-Maur ist ein unverzichtbares Ereignis und eine erstaunliche Zeitreise, bei der die Vergangenheit f\u00fcr ein paar Tage auf die Gegenwart trifft, um dieses religi\u00f6se und milit\u00e4rische Fest fortzusetzen.         Die Bravade de la Saint Maur in Cogolin findet am 8., 9. und 10. Mai 2026 statt!        Im Golf von Saint-Tropez feiern auch die D\u00f6rfer Sainte Maxime und Saint-Tropez ihre Schutzheiligen! Erleben Sie die Tapferkeit von Sainte Maxime am 14. und 15. Mai und die Tapferkeit von Saint-Tropez vom 16. bis 18. Mai.<\/p>\n","protected":false},"author":22,"featured_media":97536,"parent":0,"menu_order":0,"comment_status":"closed","ping_status":"closed","template":"templates\/full-width.php","meta":{"_acf_changed":false,"inline_featured_image":false,"footnotes":""},"class_list":["post-97535","type-page","status-publish","has-post-thumbnail","hentry"],"acf":[],"_links":{"self":[{"href":"https:\/\/www.golfe-sainttropez-tourisme.fr\/de\/wp-json\/wp\/v2\/pages\/97535","targetHints":{"allow":["GET"]}}],"collection":[{"href":"https:\/\/www.golfe-sainttropez-tourisme.fr\/de\/wp-json\/wp\/v2\/pages"}],"about":[{"href":"https:\/\/www.golfe-sainttropez-tourisme.fr\/de\/wp-json\/wp\/v2\/types\/page"}],"author":[{"embeddable":true,"href":"https:\/\/www.golfe-sainttropez-tourisme.fr\/de\/wp-json\/wp\/v2\/users\/22"}],"replies":[{"embeddable":true,"href":"https:\/\/www.golfe-sainttropez-tourisme.fr\/de\/wp-json\/wp\/v2\/comments?post=97535"}],"version-history":[{"count":5,"href":"https:\/\/www.golfe-sainttropez-tourisme.fr\/de\/wp-json\/wp\/v2\/pages\/97535\/revisions"}],"predecessor-version":[{"id":155359,"href":"https:\/\/www.golfe-sainttropez-tourisme.fr\/de\/wp-json\/wp\/v2\/pages\/97535\/revisions\/155359"}],"wp:featuredmedia":[{"embeddable":true,"href":"https:\/\/www.golfe-sainttropez-tourisme.fr\/de\/wp-json\/wp\/v2\/media\/97536"}],"wp:attachment":[{"href":"https:\/\/www.golfe-sainttropez-tourisme.fr\/de\/wp-json\/wp\/v2\/media?parent=97535"}],"curies":[{"name":"wp","href":"https:\/\/api.w.org\/{rel}","templated":true}]}}