{"id":104384,"date":"2024-05-06T11:29:45","date_gmt":"2024-05-06T09:29:45","guid":{"rendered":"https:\/\/www.golfe-sainttropez-tourisme.fr\/en\/?page_id=104384"},"modified":"2024-05-20T10:49:42","modified_gmt":"2024-05-20T08:49:42","slug":"desk-of-the-gorgues-footbridge","status":"publish","type":"page","link":"https:\/\/www.golfe-sainttropez-tourisme.fr\/en\/things-to-do\/activities\/hikes\/information-desks\/desk-of-the-gorgues-footbridge\/","title":{"rendered":"Desk of the Gorgues footbridge"},"content":{"rendered":"<div class=\"wp-block-image\">\n<figure class=\"aligncenter size-large\"><img loading=\"lazy\" decoding=\"async\" width=\"1024\" height=\"667\" src=\"https:\/\/www.golfe-sainttropez-tourisme.fr\/en\/wp-content\/uploads\/sites\/4\/2024\/05\/EN-Pupitre-passerelle-des-gorgues-1024x667.png\" alt=\"\" class=\"wp-image-104385\" srcset=\"https:\/\/www.golfe-sainttropez-tourisme.fr\/en\/wp-content\/uploads\/sites\/4\/2024\/05\/EN-Pupitre-passerelle-des-gorgues-1024x667.png 1024w, https:\/\/www.golfe-sainttropez-tourisme.fr\/en\/wp-content\/uploads\/sites\/4\/2024\/05\/EN-Pupitre-passerelle-des-gorgues-300x195.png 300w, https:\/\/www.golfe-sainttropez-tourisme.fr\/en\/wp-content\/uploads\/sites\/4\/2024\/05\/EN-Pupitre-passerelle-des-gorgues-768x500.png 768w, https:\/\/www.golfe-sainttropez-tourisme.fr\/en\/wp-content\/uploads\/sites\/4\/2024\/05\/EN-Pupitre-passerelle-des-gorgues-150x98.png 150w, https:\/\/www.golfe-sainttropez-tourisme.fr\/en\/wp-content\/uploads\/sites\/4\/2024\/05\/EN-Pupitre-passerelle-des-gorgues-967x630.png 967w, https:\/\/www.golfe-sainttropez-tourisme.fr\/en\/wp-content\/uploads\/sites\/4\/2024\/05\/EN-Pupitre-passerelle-des-gorgues.png 1489w\" sizes=\"auto, (max-width: 1024px) 100vw, 1024px\" \/><\/figure><\/div>\n\n\n<h2 class=\"wp-block-heading has-text-align-center\">Transcription of the original deliberation \u2013 1879<\/h2>\n\n\n\n<div class=\"wp-block-columns is-layout-flex wp-container-core-columns-is-layout-9d6595d7 wp-block-columns-is-layout-flex\">\n<div class=\"wp-block-column is-layout-flow wp-block-column-is-layout-flow\" style=\"flex-basis:100%\">\n<figure class=\"wp-block-gallery has-nested-images columns-default is-cropped wp-block-gallery-1 is-layout-flex wp-block-gallery-is-layout-flex\">\n<figure class=\"wp-block-image size-large\"><img decoding=\"async\" data-id=\"100150\" src=\"https:\/\/www.golfe-sainttropez-tourisme.fr\/wp-content\/uploads\/2024\/05\/Delib-10-08-1879-JPG-1-2-837x1024.jpg\" alt=\"\" class=\"wp-image-100150\"\/><\/figure>\n\n\n\n<figure class=\"wp-block-image size-large\"><img decoding=\"async\" data-id=\"100151\" src=\"https:\/\/www.golfe-sainttropez-tourisme.fr\/wp-content\/uploads\/2024\/05\/Delib-10-08-1879-JPG-2-1-822x1024.jpg\" alt=\"\" class=\"wp-image-100151\"\/><\/figure>\n<\/figure>\n<\/div>\n<\/div>\n\n\n\n<blockquote class=\"wp-block-quote is-layout-flow wp-block-quote-is-layout-flow\">\n<p><em>Construction of a footbridge over the Gouorgues torrent<br>In the year one thousand eight hundred and seventy-nine and the tenth of August, the Municipal Council of Plan de la Tour met in ordinary session under the chairmanship of the Mayor.<br>Present: M.M.<br>Condroyer Joseph Martin, Mayor, Sigallas Silvain, Martin Edmond, Lavagne Joseph Julien, Ricard Marcellin, Monier Adelin, Brese Fran\u00e7ois, Ollivier Joseph Magloire, Aum\u00e9ran Aim\u00e9, Coulomp Octavien, Marquet Julien, Gras Joseph.<br>Mr. Mayor explains to the Council that the wooden footbridge established over the torrent which crosses the ordinary local road No. 4 of Prat Bourdin, at the place known as Gouorgues is in a complete state of dilapidation; That it is important for the safety of people to build a new one before the rainy season.<br>The board,<br>Considering that the footbridge in question is out of use due to its state of disrepair,<br>That it is urgent to build a new one that offers good conditions of solidity<br>unanimously,<br>Is of the opinion that a project be drawn up as soon as possible and votes for this purpose, from the funds of ordinary local roads, the sum which will be necessary to pay this expense.<br>Done and deliberated at the Plan de la Tour on the above-mentioned year, month and day.<\/em><\/p>\n<\/blockquote>\n","protected":false},"excerpt":{"rendered":"<p>Transcription of the original deliberation \u2013 1879                   Construction of a footbridge over the Gouorgues torrentIn the year one thousand eight hundred and seventy-nine and the tenth of August, the Municipal Council of Plan de la Tour met in ordinary session under the chairmanship of the Mayor.Present: M.M.Condroyer Joseph Martin, Mayor, Sigallas Silvain, Martin Edmond, Lavagne Joseph Julien, Ricard Marcellin, Monier Adelin, Brese Fran\u00e7ois, Ollivier Joseph Magloire, Aum\u00e9ran Aim\u00e9, Coulomp Octavien, Marquet Julien, Gras Joseph.Mr. Mayor explains to the Council that the wooden footbridge established over the torrent which crosses the ordinary local road No. 4 of Prat Bourdin, at the place known as Gouorgues is in a complete state of dilapidation; That it is important for the safety of people to build a new one before the rainy season.The board,Considering that the footbridge in question is out of use due to its state of disrepair,That it is urgent to build a new one that offers good conditions of solidityunanimously,Is of the opinion that a project be drawn up as soon as possible and votes for this purpose, from the funds of ordinary local roads, the sum which will be necessary to pay this expense.Done and deliberated at the Plan de la Tour on the above-mentioned year, month and day.<\/p>\n","protected":false},"author":22,"featured_media":104386,"parent":102989,"menu_order":0,"comment_status":"closed","ping_status":"closed","template":"templates\/full-width.php","meta":{"_acf_changed":false,"inline_featured_image":false,"footnotes":""},"class_list":["post-104384","type-page","status-publish","has-post-thumbnail","hentry"],"acf":[],"_links":{"self":[{"href":"https:\/\/www.golfe-sainttropez-tourisme.fr\/en\/wp-json\/wp\/v2\/pages\/104384","targetHints":{"allow":["GET"]}}],"collection":[{"href":"https:\/\/www.golfe-sainttropez-tourisme.fr\/en\/wp-json\/wp\/v2\/pages"}],"about":[{"href":"https:\/\/www.golfe-sainttropez-tourisme.fr\/en\/wp-json\/wp\/v2\/types\/page"}],"author":[{"embeddable":true,"href":"https:\/\/www.golfe-sainttropez-tourisme.fr\/en\/wp-json\/wp\/v2\/users\/22"}],"replies":[{"embeddable":true,"href":"https:\/\/www.golfe-sainttropez-tourisme.fr\/en\/wp-json\/wp\/v2\/comments?post=104384"}],"version-history":[{"count":6,"href":"https:\/\/www.golfe-sainttropez-tourisme.fr\/en\/wp-json\/wp\/v2\/pages\/104384\/revisions"}],"predecessor-version":[{"id":107097,"href":"https:\/\/www.golfe-sainttropez-tourisme.fr\/en\/wp-json\/wp\/v2\/pages\/104384\/revisions\/107097"}],"up":[{"embeddable":true,"href":"https:\/\/www.golfe-sainttropez-tourisme.fr\/en\/wp-json\/wp\/v2\/pages\/102989"}],"wp:featuredmedia":[{"embeddable":true,"href":"https:\/\/www.golfe-sainttropez-tourisme.fr\/en\/wp-json\/wp\/v2\/media\/104386"}],"wp:attachment":[{"href":"https:\/\/www.golfe-sainttropez-tourisme.fr\/en\/wp-json\/wp\/v2\/media?parent=104384"}],"curies":[{"name":"wp","href":"https:\/\/api.w.org\/{rel}","templated":true}]}}