{"id":165318,"date":"2026-01-20T11:01:01","date_gmt":"2026-01-20T10:01:01","guid":{"rendered":"https:\/\/www.golfe-sainttropez-tourisme.fr\/en\/?page_id=165318"},"modified":"2026-01-20T11:33:48","modified_gmt":"2026-01-20T10:33:48","slug":"the-gulf-of-saint-tropez","status":"publish","type":"page","link":"https:\/\/www.golfe-sainttropez-tourisme.fr\/en\/discover\/our-territory\/the-gulf-of-saint-tropez\/","title":{"rendered":"The Gulf of Saint-Tropez"},"content":{"rendered":"\n<h2 class=\"wp-block-heading has-text-align-center\">The Gulf of Saint-Tropez, a subtle blend of Provence and the French Riviera<\/h2>\n\n\n\n<p class=\"has-text-align-center\">The Gulf of Saint-Tropez is an exceptional region where the Proven\u00e7al art of living merges with the iconic French Riviera, revealing a jewel of timeless beauty that combines tradition, prestige and eco-responsibility.<\/p>\n\n\n\n<div class=\"wp-block-columns is-layout-flex wp-container-core-columns-is-layout-9d6595d7 wp-block-columns-is-layout-flex\">\n<div class=\"wp-block-column is-layout-flow wp-block-column-is-layout-flow\" style=\"flex-basis:100%\">\n<figure class=\"wp-block-gallery has-nested-images columns-2 is-cropped wp-block-gallery-1 is-layout-flex wp-block-gallery-is-layout-flex\">\n<figure class=\"wp-block-image size-large\"><img decoding=\"async\" data-id=\"167387\" src=\"https:\/\/www.golfe-sainttropez-tourisme.fr\/wp-content\/uploads\/2026\/01\/cavalaire-maison-foncin-01\u00a9soliver-2023-1024x768.jpg\" alt=\"Cavalaire, maison foncin dans le golfe de Saint-Tropez\" class=\"wp-image-167387\"\/><\/figure>\n\n\n\n<figure class=\"wp-block-image size-large\"><img decoding=\"async\" data-id=\"167433\" src=\"https:\/\/www.golfe-sainttropez-tourisme.fr\/wp-content\/uploads\/2026\/01\/5-1024x678.png\" alt=\"\" class=\"wp-image-167433\"\/><\/figure>\n\n\n\n<figure class=\"wp-block-image size-large\"><img decoding=\"async\" data-id=\"167427\" src=\"https:\/\/www.golfe-sainttropez-tourisme.fr\/wp-content\/uploads\/2026\/01\/Port-Grimaud-\u00a9golfe-saint-tropez-1-1024x1024.jpg\" alt=\"\" class=\"wp-image-167427\"\/><\/figure>\n\n\n\n<figure class=\"wp-block-image size-large\"><img decoding=\"async\" data-id=\"167434\" src=\"https:\/\/www.golfe-sainttropez-tourisme.fr\/wp-content\/uploads\/2026\/01\/3-1024x680.png\" alt=\"\" class=\"wp-image-167434\"\/><\/figure>\n<\/figure>\n<\/div>\n<\/div>\n\n\n\n<h2 class=\"wp-block-heading has-text-align-center\">Journey to the heart of a Mediterranean gem<\/h2>\n\n\n\n<p class=\"has-text-align-center\">A region committed to preserving its natural beauty for future generations, the Gulf of Saint-Tropez invites you to enjoy authentic experiences in harmony with nature. Between turquoise sea and green hills, it invites you on a unique journey. The beauty of the landscapes rubs shoulders with history: this coastline was a key location for the Normandy landings in Provence. Unspoilt nature, charming villages, characterful beaches and cultural riches come together to create an unforgettable setting.<\/p>\n\n\n\n<div class=\"wp-block-media-text is-stacked-on-mobile\"><figure class=\"wp-block-media-text__media\"><img decoding=\"async\" src=\"https:\/\/www.golfe-sainttropez-tourisme.fr\/wp-content\/uploads\/2026\/01\/4-1024x768.png\" alt=\"Domaine de la madrague \u00e0 la Croix Valmer dans le golfe de Saint-Tropez\" class=\"wp-image-167436 size-full\"\/><\/figure><div class=\"wp-block-media-text__content\">\n<p>The numerous vineyards stretch as far as the eye can see, producing renowned wines that capture the very essence of Provence. In the heart of the C\u00f4tes de Provence AOP vineyards, discover an authentic region where culinary traditions are passed down from generation to generation. Awarded the <a href=\"https:\/\/www.golfe-sainttropez-tourisme.fr\/en\/things-to-do\/wine-tourism\/the-vignobles-decouvertes-label\/\">\u2018Vignobles &amp; D\u00e9couvertes\u2019<\/a> label, the Gulf of Saint-Tropez offers immersive experiences in vineyards throughout the year. From wine tastings to colourful Proven\u00e7al markets and food festivals, everything invites you to celebrate the richness of the terroir. An unforgettable sensory journey to discover a heritage and gastronomy full of flavours that awaken the taste buds, to be savoured in a seaside restaurant or on a small square in the Proven\u00e7al heart of a village.<\/p>\n\n\n<div class=\"wp-block-image\">\n<figure class=\"aligncenter size-large is-resized\"><img decoding=\"async\" src=\"https:\/\/www.golfe-sainttropez-tourisme.fr\/wp-content\/uploads\/2026\/01\/logo-label-et-decouverte-test-RGB-1-1-808x1024.png\" alt=\"Label vignobles et d\u00e9couvertes\" class=\"wp-image-167490\" style=\"width:100px\"\/><\/figure><\/div><\/div><\/div>\n\n\n\n<h2 class=\"wp-block-heading has-text-align-center\">A region that buzzes all year round<\/h2>\n\n\n\n<div class=\"wp-block-media-text has-media-on-the-right is-stacked-on-mobile\"><div class=\"wp-block-media-text__content\">\n<p>The Gulf of Saint-Tropez buzzes with <a href=\"https:\/\/www.golfe-sainttropez-tourisme.fr\/en\/things-to-do\/calendar\/all-events\/\">events<\/a> all year round. Numerous festivals invite you to discover the rich cultural heritage and traditions of Provence. You can also enjoy Mediterranean festivities and nautical competitions. Not to mention celebrations of local expertise: chefs, producers, artisans, winemakers, designers\u2026<\/p>\n<\/div><figure class=\"wp-block-media-text__media\"><img decoding=\"async\" src=\"https:\/\/www.golfe-sainttropez-tourisme.fr\/wp-content\/uploads\/2026\/01\/saint-tropez-voiles-2016-\u00a9e.bertrand-droits-reserves-11-1024x732.jpeg\" alt=\"Les voiles de Saint-Tropez\" class=\"wp-image-167410 size-full\"\/><\/figure><\/div>\n\n\n\n<div class=\"wp-block-media-text is-stacked-on-mobile is-vertically-aligned-center\"><figure class=\"wp-block-media-text__media\"><img decoding=\"async\" src=\"https:\/\/www.golfe-sainttropez-tourisme.fr\/wp-content\/uploads\/2026\/01\/LGF-adrech-mai25-s.castor-\u00a9golfe-de-saint-tropez_-71-1024x577.jpg\" alt=\"Moulin de l'Adrech \u00e0 la Garde-Freinet dans le golfe de Saint-Tropez\" class=\"wp-image-167412 size-full\"\/><\/figure><div class=\"wp-block-media-text__content\">\n<p>Experience a journey beyond time and let yourself be dazzled by the azure light that has inspired countless artists, from painters Signac and Matisse to leading figures in cinema. Be charmed by the subtle balance between discreet prestige, unspoilt landscapes and rich heritage. Experience the wild nature of the Massif des Maures on the <a href=\"https:\/\/www.golfe-sainttropez-tourisme.fr\/en\/things-to-do\/activities\/hikes\/\">many hiking trails<\/a>, and discover the exceptional heritage of our 12 villages: Sainte-Maxime, Ramatuelle, Grimaud, Cavalaire-sur-Mer, Cogolin, La Croix Valmer, La Garde-Freinet, La Mole, Gassin, Le Plan de la Tour, Saint-Tropez and Le Rayol-Canadel sur Mer.<\/p>\n<\/div><\/div>\n\n\n\n<div class=\"communes\" style=\"text-align:center;\">\n\n  <a href=\"https:\/\/www.cavalairesurmer.fr\/\" class=\"commune\" style=\"display:inline-block; margin:0 10px; text-decoration:none; color:inherit;\">\n    <img loading=\"lazy\" decoding=\"async\" src=\"https:\/\/www.golfe-sainttropez-tourisme.fr\/wp-content\/uploads\/2026\/01\/cavalaire.png\" \n         alt=\"Cavalaire\" width=\"110\" height=\"110\"><br>\n    <b style=\"font-size:12px;\">CAVALAIRE<\/b>\n  <\/a>\n\n  <a href=\"https:\/\/gassin.eu\/fr\/\" class=\"commune\" style=\"display:inline-block; margin:0 10px; text-decoration:none; color:inherit;\">\n    <img loading=\"lazy\" decoding=\"async\" src=\"https:\/\/www.golfe-sainttropez-tourisme.fr\/wp-content\/uploads\/2026\/01\/gassin.png\" \n         alt=\"Gassin\" width=\"110\" height=\"110\"><br>\n    <b style=\"font-size:12px;\">GASSIN<\/b>\n  <\/a>\n\n  <a href=\"https:\/\/www.grimaud-provence.com\/\" class=\"commune\" style=\"display:inline-block; margin:0 10px; text-decoration:none; color:inherit;\">\n    <img loading=\"lazy\" decoding=\"async\" src=\"https:\/\/www.golfe-sainttropez-tourisme.fr\/wp-content\/uploads\/2026\/01\/grimaud.png\" \n         alt=\"Grimaud\" width=\"110\" height=\"110\"><br>\n    <b style=\"font-size:12px;\">GRIMAUD<\/b>\n  <\/a>\n\n  <a href=\"https:\/\/www.lacroixvalmertourisme.com\/fr\" class=\"commune\" style=\"display:inline-block; margin:0 10px; text-decoration:none; color:inherit;\">\n    <img loading=\"lazy\" decoding=\"async\" src=\"https:\/\/www.golfe-sainttropez-tourisme.fr\/wp-content\/uploads\/2026\/01\/lacroixvalmer.png\" \n         alt=\"La Croix-Valmer\" width=\"110\" height=\"110\"><br>\n    <b style=\"font-size:12px;\">LA CROIX-VALMER<\/b>\n  <\/a>\n\n  <a href=\"https:\/\/www.ramatuelle-tourisme.com\/\" class=\"commune\" style=\"display:inline-block; margin:0 10px; text-decoration:none; color:inherit;\">\n    <img loading=\"lazy\" decoding=\"async\" src=\"https:\/\/www.golfe-sainttropez-tourisme.fr\/wp-content\/uploads\/2026\/01\/ramatuelle.png\" \n         alt=\"Ramatuelle\" width=\"110\" height=\"110\"><br>\n    <b style=\"font-size:12px;\">RAMATUELLE<\/b>\n  <\/a>\n\n  <a href=\"https:\/\/www.sainte-maxime.com\/\" class=\"commune\" style=\"display:inline-block; margin:0 10px; text-decoration:none; color:inherit;\">\n    <img loading=\"lazy\" decoding=\"async\" src=\"https:\/\/www.golfe-sainttropez-tourisme.fr\/wp-content\/uploads\/2026\/01\/saintemaxime.png\" \n         alt=\"Sainte-Maxime\" width=\"110\" height=\"110\"><br>\n    <b style=\"font-size:12px;\">SAINTE-MAXIME<\/b>\n  <\/a>\n\n  <a href=\"https:\/\/www.sainttropeztourisme.com\/fr\/\" class=\"commune\" style=\"display:inline-block; margin:0 10px; text-decoration:none; color:inherit;\">\n    <img loading=\"lazy\" decoding=\"async\" src=\"https:\/\/www.golfe-sainttropez-tourisme.fr\/wp-content\/uploads\/2026\/01\/sainttropez.png\" \n         alt=\"Saint-Tropez\" width=\"110\" height=\"110\"><br>\n    <b style=\"font-size:12px;\">SAINT-TROPEZ<\/b>\n  <\/a>\n\n<\/div>\n\n\n\n<div style=\"height:35px\" aria-hidden=\"true\" class=\"wp-block-spacer\"><\/div>\n\n\n\n<div class=\"wp-block-buttons is-content-justification-center is-layout-flex wp-container-core-buttons-is-layout-16018d1d wp-block-buttons-is-layout-flex\">\n<div class=\"wp-block-button\"><a class=\"wp-block-button__link has-text-align-center wp-element-button\" href=\"https:\/\/www.golfe-saint-tropez-information.com\/\">Destination Gulf of Saint-Tropez<\/a><\/div>\n<\/div>\n\n\n\n<div style=\"height:35px\" aria-hidden=\"true\" class=\"wp-block-spacer\"><\/div>\n\n\n<div class=\"wp-block-image\">\n<figure data-wp-context=\"{&quot;imageId&quot;:&quot;69f0ef1f83a6e&quot;}\" data-wp-interactive=\"core\/image\" class=\"aligncenter size-large wp-lightbox-container\"><img decoding=\"async\" data-wp-class--hide=\"state.isContentHidden\" data-wp-class--show=\"state.isContentVisible\" data-wp-init=\"callbacks.setButtonStyles\" data-wp-on-async--click=\"actions.showLightbox\" data-wp-on-async--load=\"callbacks.setButtonStyles\" data-wp-on-async-window--resize=\"callbacks.setButtonStyles\" src=\"https:\/\/www.golfe-sainttropez-tourisme.fr\/wp-content\/uploads\/2026\/01\/Carte-Actual-nouvelle-version-2025-1024x651.jpg\" alt=\"Plan du golfe de Saint-Tropez\" class=\"wp-image-167419\"\/><button\n\t\t\tclass=\"lightbox-trigger\"\n\t\t\ttype=\"button\"\n\t\t\taria-haspopup=\"dialog\"\n\t\t\taria-label=\"Enlarge\"\n\t\t\tdata-wp-init=\"callbacks.initTriggerButton\"\n\t\t\tdata-wp-on-async--click=\"actions.showLightbox\"\n\t\t\tdata-wp-style--right=\"state.imageButtonRight\"\n\t\t\tdata-wp-style--top=\"state.imageButtonTop\"\n\t\t>\n\t\t\t<svg xmlns=\"http:\/\/www.w3.org\/2000\/svg\" width=\"12\" height=\"12\" fill=\"none\" viewBox=\"0 0 12 12\">\n\t\t\t\t<path fill=\"#fff\" d=\"M2 0a2 2 0 0 0-2 2v2h1.5V2a.5.5 0 0 1 .5-.5h2V0H2Zm2 10.5H2a.5.5 0 0 1-.5-.5V8H0v2a2 2 0 0 0 2 2h2v-1.5ZM8 12v-1.5h2a.5.5 0 0 0 .5-.5V8H12v2a2 2 0 0 1-2 2H8Zm2-12a2 2 0 0 1 2 2v2h-1.5V2a.5.5 0 0 0-.5-.5H8V0h2Z\" \/>\n\t\t\t<\/svg>\n\t\t<\/button><\/figure><\/div>\n\n\n<p class=\"has-text-align-center\"><\/p>\n\n\n\n<script type=\"application\/ld+json\">\n{\n  \"@context\": \"https:\/\/schema.org\",\n  \"@type\": \"TouristDestination\",\n  \"name\": \"Golfe de Saint-Tropez\",\n  \"description\": \"Explorez le Golfe de Saint-Tropez, joyau du Var en Provence-Alpes-C\u00f4te d\u2019Azur. D\u00e9couvrez ses 12 villages pittoresques, ses plages renomm\u00e9es, le Massif des Maures pour randonn\u00e9es et panoramas, ses ports et activit\u00e9s nautiques, ses vignobles AOP et ses \u00e9v\u00e9nements culturels pour tous types de visiteurs.\",\n  \"geo\": {\"@type\": \"GeoCoordinates\",\"latitude\":43.2673,\"longitude\":6.6407},\n  \"address\": {\"@type\": \"PostalAddress\",\"addressLocality\":\"Golfe de Saint-Tropez\",\"addressRegion\":\"Provence-Alpes-C\u00f4te d'Azur\",\"addressCountry\":\"FR\"},\n  \"url\": \"https:\/\/www.golfe-sainttropez-tourisme.fr\/decouvrir\/notre-territoire\/le-golfe-de-saint-tropez\/\",\n  \"image\": [\n    \"https:\/\/www.golfe-sainttropez-tourisme.fr\/path\/to\/hero-image.jpg\"\n  ],\n  \"sameAs\": [\"https:\/\/fr.wikipedia.org\/wiki\/Golfe_de_Saint-Tropez\"],\n  \"keywords\": \"Golfe de Saint-Tropez, C\u00f4te d'Azur, Var, Provence, plages, randonn\u00e9es, vignobles, villages pittoresques, tourisme, activit\u00e9s nautiques, Massif des Maures, culture, gastronomie, ports, sentiers\",\n  \"touristType\": [\"Family\",\"Couples\",\"Adventure\",\"Cultural\",\"Nature\"],\n  \"hasPart\": [\n    {\"@type\":\"Place\",\"name\":\"Saint-Tropez\",\"url\":\"https:\/\/www.golfe-sainttropez-tourisme.fr\/saint-tropez\"},\n    {\"@type\":\"Place\",\"name\":\"Sainte-Maxime\",\"url\":\"https:\/\/www.golfe-sainttropez-tourisme.fr\/sainte-maxime\"},\n    {\"@type\":\"Place\",\"name\":\"Ramatuelle\",\"url\":\"https:\/\/www.golfe-sainttropez-tourisme.fr\/ramatuelle\"},\n    {\"@type\":\"Place\",\"name\":\"Grimaud\",\"url\":\"https:\/\/www.golfe-sainttropez-tourisme.fr\/grimaud\"},\n    {\"@type\":\"Place\",\"name\":\"Gassin\",\"url\":\"https:\/\/www.golfe-sainttropez-tourisme.fr\/gassin\"},\n    {\"@type\":\"Place\",\"name\":\"Cogolin\",\"url\":\"https:\/\/www.golfe-sainttropez-tourisme.fr\/cogolin\"},\n    {\"@type\":\"Place\",\"name\":\"La Croix-Valmer\",\"url\":\"https:\/\/www.golfe-sainttropez-tourisme.fr\/la-croix-valmer\"},\n    {\"@type\":\"Place\",\"name\":\"La Garde-Freinet\",\"url\":\"https:\/\/www.golfe-sainttropez-tourisme.fr\/la-garde-freinet\"},\n    {\"@type\":\"Place\",\"name\":\"La Mole\",\"url\":\"https:\/\/www.golfe-sainttropez-tourisme.fr\/la-mole\"},\n    {\"@type\":\"Place\",\"name\":\"Le Plan de la Tour\",\"url\":\"https:\/\/www.golfe-sainttropez-tourisme.fr\/le-plan-de-la-tour\"},\n    {\"@type\":\"Place\",\"name\":\"Cavalaire-sur-Mer\",\"url\":\"https:\/\/www.golfe-sainttropez-tourisme.fr\/cavalaire-sur-mer\"},\n    {\"@type\":\"Place\",\"name\":\"Le Rayol-Canadel-sur-Mer\",\"url\":\"https:\/\/www.golfe-sainttropez-tourisme.fr\/le-rayol-canadel-sur-mer\"}\n  ],\n  \"touristAttraction\": [\n    {\"@type\":\"TouristAttraction\",\"name\":\"Plage de Pampelonne\",\"geo\":{\"@type\":\"GeoCoordinates\",\"latitude\":43.2561,\"longitude\":6.6352},\"image\":\"https:\/\/www.golfe-sainttropez-tourisme.fr\/path\/to\/pampelonne.jpg\"},\n    {\"@type\":\"TouristAttraction\",\"name\":\"Plage de la Bouillabaisse\",\"geo\":{\"@type\":\"GeoCoordinates\",\"latitude\":43.2705,\"longitude\":6.6410},\"image\":\"https:\/\/www.golfe-sainttropez-tourisme.fr\/path\/to\/bouillabaisse.jpg\"},\n    {\"@type\":\"TouristAttraction\",\"name\":\"Plage de Gigaro\",\"geo\":{\"@type\":\"GeoCoordinates\",\"latitude\":43.1970,\"longitude\":6.4532},\"image\":\"https:\/\/www.golfe-sainttropez-tourisme.fr\/path\/to\/gigaro.jpg\"},\n    {\"@type\":\"TouristAttraction\",\"name\":\"Port de Saint-Tropez\",\"geo\":{\"@type\":\"GeoCoordinates\",\"latitude\":43.2685,\"longitude\":6.6402},\"image\":\"https:\/\/www.golfe-sainttropez-tourisme.fr\/path\/to\/port.jpg\"},\n    {\"@type\":\"TouristAttraction\",\"name\":\"Massif des Maures\",\"geo\":{\"@type\":\"GeoCoordinates\",\"latitude\":43.3050,\"longitude\":6.6330},\"image\":\"https:\/\/www.golfe-sainttropez-tourisme.fr\/path\/to\/maures.jpg\"},\n    {\"@type\":\"TouristAttraction\",\"name\":\"Vignobles AOP C\u00f4tes de Provence\",\"geo\":{\"@type\":\"GeoCoordinates\",\"latitude\":43.28,\"longitude\":6.64},\"image\":\"https:\/\/www.golfe-sainttropez-tourisme.fr\/path\/to\/vignoble.jpg\"},\n    {\"@type\":\"TouristAttraction\",\"name\":\"Randonn\u00e9e Sentier du Littoral\",\"geo\":{\"@type\":\"GeoCoordinates\",\"latitude\":43.2650,\"longitude\":6.6390},\"image\":\"https:\/\/www.golfe-sainttropez-tourisme.fr\/path\/to\/rando-littoral.jpg\"},\n    {\"@type\":\"TouristAttraction\",\"name\":\"Plong\u00e9e et sports nautiques \u00e0 Saint-Tropez\",\"geo\":{\"@type\":\"GeoCoordinates\",\"latitude\":43.2680,\"longitude\":6.6410},\"image\":\"https:\/\/www.golfe-sainttropez-tourisme.fr\/path\/to\/nautique.jpg\"},\n    {\"@type\":\"TouristAttraction\",\"name\":\"Plage de Canoubiers\",\"geo\":{\"@type\":\"GeoCoordinates\",\"latitude\":43.2610,\"longitude\":6.6380},\"image\":\"https:\/\/www.golfe-sainttropez-tourisme.fr\/path\/to\/canoubiers.jpg\"},\n    {\"@type\":\"TouristAttraction\",\"name\":\"Sentier de randonn\u00e9e du Plan de la Tour\",\"geo\":{\"@type\":\"GeoCoordinates\",\"latitude\":43.2540,\"longitude\":6.6150},\"image\":\"https:\/\/www.golfe-sainttropez-tourisme.fr\/path\/to\/rando-plan.jpg\"}\n  ],\n  \"mainEntity\": [\n    {\"@type\":\"Question\",\"name\":\"O\u00f9 se situe le Golfe de Saint-Tropez ?\",\"acceptedAnswer\":{\"@type\":\"Answer\",\"text\":\"Le Golfe de Saint-Tropez est situ\u00e9 dans le d\u00e9partement du Var, en r\u00e9gion Provence-Alpes-C\u00f4te d'Azur, sur la C\u00f4te d'Azur.\"}},\n    {\"@type\":\"Question\",\"name\":\"Quels villages visiter autour du Golfe de Saint-Tropez ?\",\"acceptedAnswer\":{\"@type\":\"Answer\",\"text\":\"Les 12 communes principales sont Saint-Tropez, Sainte-Maxime, Ramatuelle, Grimaud, Gassin, Cogolin, La Croix-Valmer, La Garde-Freinet, La Mole, Le Plan de la Tour, Cavalaire-sur-Mer et Le Rayol-Canadel-sur-Mer.\"}},\n    {\"@type\":\"Question\",\"name\":\"Quelles activit\u00e9s touristiques peut-on pratiquer ?\",\"acceptedAnswer\":{\"@type\":\"Answer\",\"text\":\"Plages, sports nautiques, randonn\u00e9es dans le Massif des Maures, visites culturelles, d\u00e9gustations locales et d\u00e9couverte des vignobles AOP.\"}},\n    {\"@type\":\"Question\",\"name\":\"Quelle est la meilleure p\u00e9riode pour visiter le Golfe de Saint-Tropez ?\",\"acceptedAnswer\":{\"@type\":\"Answer\",\"text\":\"Le printemps et l'\u00e9t\u00e9 pour profiter des plages et activit\u00e9s nautiques, l'automne pour randonn\u00e9es et vignobles.\"}},\n    {\"@type\":\"Question\",\"name\":\"Quels itin\u00e9raires de randonn\u00e9e sont recommand\u00e9s ?\",\"acceptedAnswer\":{\"@type\":\"Answer\",\"text\":\"Le Massif des Maures et le Sentier du Littoral offrent plusieurs parcours panoramiques adapt\u00e9s \u00e0 tous les niveaux.\"}},\n    {\"@type\":\"Question\",\"name\":\"Quelles plages sont incontournables ?\",\"acceptedAnswer\":{\"@type\":\"Answer\",\"text\":\"Plage de Pampelonne, Plage de la Bouillabaisse, Plage de Gigaro et Plage de Canoubiers.\"}},\n    {\"@type\":\"Question\",\"name\":\"Quelles activit\u00e9s nautiques peut-on pratiquer ?\",\"acceptedAnswer\":{\"@type\":\"Answer\",\"text\":\"Plong\u00e9e, voile, paddle, jet-ski et excursions en bateau dans le Golfe de Saint-Tropez.\"}}\n  ]\n}\n<\/script>\n","protected":false},"excerpt":{"rendered":"<p>The Gulf of Saint-Tropez, a subtle blend of Provence and the French Riviera    The Gulf of Saint-Tropez is an exceptional region where the Proven\u00e7al art of living merges with the iconic French Riviera, revealing a jewel of timeless beauty that combines tradition, prestige and eco-responsibility.                          Journey to the heart of a Mediterranean gem    A region committed to preserving its natural beauty for future generations, the Gulf of Saint-Tropez invites you to enjoy authentic experiences in harmony with nature. Between turquoise sea and green hills, it invites you on a unique journey. The beauty of the landscapes rubs shoulders with history: this coastline was a key location for the Normandy landings in Provence. Unspoilt nature, charming villages, characterful beaches and cultural riches come together to create an unforgettable setting.     The numerous vineyards stretch as far as the eye can see, producing renowned wines that capture the very essence of Provence. In the heart of the C\u00f4tes de Provence AOP vineyards, discover an authentic region where culinary traditions are passed down from generation to generation. Awarded the \u2018Vignobles &amp; D\u00e9couvertes\u2019 label, the Gulf of Saint-Tropez offers immersive experiences in vineyards throughout the year. From wine tastings to colourful Proven\u00e7al markets and food festivals, everything invites you to celebrate the richness of the terroir. An unforgettable sensory journey to discover a heritage and gastronomy full of flavours that awaken the taste buds, to be savoured in a seaside restaurant or on a small square in the Proven\u00e7al heart of a village.         A region that buzzes all year round     The Gulf of Saint-Tropez buzzes with events all year round. Numerous festivals invite you to discover the rich cultural heritage and traditions of Provence. You can also enjoy Mediterranean festivities and nautical competitions. Not to mention celebrations of local expertise: chefs, producers, artisans, winemakers, designers\u2026      Experience a journey beyond time and let yourself be dazzled by the azure light that has inspired countless artists, from painters Signac and Matisse to leading figures in cinema. Be charmed by the subtle balance between discreet prestige, unspoilt landscapes and rich heritage. Experience the wild nature of the Massif des Maures on the many hiking trails, and discover the exceptional heritage of our 12 villages: Sainte-Maxime, Ramatuelle, Grimaud, Cavalaire-sur-Mer, Cogolin, La Croix Valmer, La Garde-Freinet, La Mole, Gassin, Le Plan de la Tour, Saint-Tropez and Le Rayol-Canadel sur Mer.                   CAVALAIRE                 GASSIN                 GRIMAUD                 LA CROIX-VALMER                 RAMATUELLE                 SAINTE-MAXIME                 SAINT-TROPEZ              Destination Gulf of Saint-Tropez<\/p>\n","protected":false},"author":22,"featured_media":165319,"parent":8323,"menu_order":0,"comment_status":"closed","ping_status":"closed","template":"templates\/full-width.php","meta":{"_acf_changed":false,"inline_featured_image":false,"footnotes":""},"class_list":["post-165318","type-page","status-publish","has-post-thumbnail","hentry"],"acf":[],"_links":{"self":[{"href":"https:\/\/www.golfe-sainttropez-tourisme.fr\/en\/wp-json\/wp\/v2\/pages\/165318","targetHints":{"allow":["GET"]}}],"collection":[{"href":"https:\/\/www.golfe-sainttropez-tourisme.fr\/en\/wp-json\/wp\/v2\/pages"}],"about":[{"href":"https:\/\/www.golfe-sainttropez-tourisme.fr\/en\/wp-json\/wp\/v2\/types\/page"}],"author":[{"embeddable":true,"href":"https:\/\/www.golfe-sainttropez-tourisme.fr\/en\/wp-json\/wp\/v2\/users\/22"}],"replies":[{"embeddable":true,"href":"https:\/\/www.golfe-sainttropez-tourisme.fr\/en\/wp-json\/wp\/v2\/comments?post=165318"}],"version-history":[{"count":4,"href":"https:\/\/www.golfe-sainttropez-tourisme.fr\/en\/wp-json\/wp\/v2\/pages\/165318\/revisions"}],"predecessor-version":[{"id":165324,"href":"https:\/\/www.golfe-sainttropez-tourisme.fr\/en\/wp-json\/wp\/v2\/pages\/165318\/revisions\/165324"}],"up":[{"embeddable":true,"href":"https:\/\/www.golfe-sainttropez-tourisme.fr\/en\/wp-json\/wp\/v2\/pages\/8323"}],"wp:featuredmedia":[{"embeddable":true,"href":"https:\/\/www.golfe-sainttropez-tourisme.fr\/en\/wp-json\/wp\/v2\/media\/165319"}],"wp:attachment":[{"href":"https:\/\/www.golfe-sainttropez-tourisme.fr\/en\/wp-json\/wp\/v2\/media?parent=165318"}],"curies":[{"name":"wp","href":"https:\/\/api.w.org\/{rel}","templated":true}]}}