{"id":8435,"date":"2022-09-14T17:57:34","date_gmt":"2022-09-14T15:57:34","guid":{"rendered":"https:\/\/www.golfe-sainttropez-tourisme.fr\/en\/?page_id=8435"},"modified":"2023-11-27T15:59:49","modified_gmt":"2023-11-27T14:59:49","slug":"useful-and-emergency-numbers","status":"publish","type":"page","link":"https:\/\/www.golfe-sainttropez-tourisme.fr\/en\/staying-in-the-area\/practical-information\/useful-and-emergency-numbers\/","title":{"rendered":"Useful and emergency numbers"},"content":{"rendered":"\n<h2 class=\"wp-block-heading\">Emergencies <\/h2>\n\n\n\n<ul class=\"wp-block-list\">\n<li>Pompiers 18 &#8211; Cogolin <a href=\"tel:04 94 55 08 18\">+33 (0)4 94 55 08 18<\/a> &#8211; La Garde-Freinet <a href=\"tel:04 94 55 22 33\">+33 (0)4 94 55 22 33<\/a><\/li>\n\n\n\n<li>Police municipale &#8211; Cogolin <a href=\"tel:04 94 54 58 98\">+33 (0)4 94 54 58 98 <\/a>&#8211; La Garde-Freinet <a href=\"tel:04 94 97 43 23\">+33 (0)4 94 97 43 23<\/a> &#8211; Plan de la Tour <a href=\"tel:04 94 55 07 53\">+33 (0)4 94 55 07 53 <\/a>&#8211; Rayol Canadel sur Mer <a href=\"tel:06 08 99 53 19\">+33 (0)6 08 99 53 19<\/a><\/li>\n\n\n\n<li>Poste de secours &#8211; Plage des Marines de Cogolin <a href=\"tel:04 94 56 50 60\">+33 (0)4 94 56 50 60<\/a><\/li>\n\n\n\n<li>Gendarmerie Nationale 17 &#8211; Grimaud <a href=\"tel:04 98 12 68 80\">+33 (0)4 98 12 68 80<\/a> &#8211; La Croix Valmer <a href=\"tel:04 98 12 68 80\">+33 (0)4 98 11 84 50<\/a><\/li>\n\n\n\n<li>CROSS MED 196<\/li>\n\n\n\n<li>SAMU 15<\/li>\n\n\n\n<li>P\u00f4le de Sant\u00e9 de Gassin <a href=\"tel:04 98 12 50 00\">+33 (0)4 98 12 50 00<\/a><\/li>\n\n\n\n<li>Pharmacie de garde 3237<\/li>\n\n\n\n<li>Centre antipoison &#8211; Marseille <a href=\"tel:04 91 75 25 25\">+33 (0)4 91 75 25 25<\/a><\/li>\n\n\n\n<li>Urgences v\u00e9t\u00e9rinaires du Golfe <a href=\"tel:07 77 00 00 79\">+33 (0)7 77 00 00 79<\/a><\/li>\n\n\n\n<li>Urgences p\u00e9diatriques (H\u00f4pital Sainte Musse &#8211; Toulon) <a href=\"tel:04 94 14 54 01\">+33 (0)4 94 14 54 01<\/a><\/li>\n<\/ul>\n\n\n\n<h2 class=\"wp-block-heading\">Useful numbers<\/h2>\n","protected":false},"excerpt":{"rendered":"<p>Emergencies      Pompiers 18 &#8211; Cogolin +33 (0)4 94 55 08 18 &#8211; La Garde-Freinet +33 (0)4 94 55 22 33    Police municipale &#8211; Cogolin +33 (0)4 94 54 58 98 &#8211; La Garde-Freinet +33 (0)4 94 97 43 23 &#8211; Plan de la Tour +33 (0)4 94 55 07 53 &#8211; Rayol Canadel sur Mer +33 (0)6 08 99 53 19    Poste de secours &#8211; Plage des Marines de Cogolin +33 (0)4 94 56 50 60    Gendarmerie Nationale 17 &#8211; Grimaud +33 (0)4 98 12 68 80 &#8211; La Croix Valmer +33 (0)4 98 11 84 50    CROSS MED 196    SAMU 15    P\u00f4le de Sant\u00e9 de Gassin +33 (0)4 98 12 50 00    Pharmacie de garde 3237    Centre antipoison &#8211; Marseille +33 (0)4 91 75 25 25    Urgences v\u00e9t\u00e9rinaires du Golfe +33 (0)7 77 00 00 79    Urgences p\u00e9diatriques (H\u00f4pital Sainte Musse &#8211; Toulon) +33 (0)4 94 14 54 01     Useful numbers<\/p>\n","protected":false},"author":1,"featured_media":5951,"parent":8426,"menu_order":0,"comment_status":"closed","ping_status":"closed","template":"templates\/template-list-apidae-split.php","meta":{"_acf_changed":false,"inline_featured_image":false,"footnotes":""},"class_list":["post-8435","type-page","status-publish","has-post-thumbnail","hentry"],"acf":[],"_links":{"self":[{"href":"https:\/\/www.golfe-sainttropez-tourisme.fr\/en\/wp-json\/wp\/v2\/pages\/8435","targetHints":{"allow":["GET"]}}],"collection":[{"href":"https:\/\/www.golfe-sainttropez-tourisme.fr\/en\/wp-json\/wp\/v2\/pages"}],"about":[{"href":"https:\/\/www.golfe-sainttropez-tourisme.fr\/en\/wp-json\/wp\/v2\/types\/page"}],"author":[{"embeddable":true,"href":"https:\/\/www.golfe-sainttropez-tourisme.fr\/en\/wp-json\/wp\/v2\/users\/1"}],"replies":[{"embeddable":true,"href":"https:\/\/www.golfe-sainttropez-tourisme.fr\/en\/wp-json\/wp\/v2\/comments?post=8435"}],"version-history":[{"count":6,"href":"https:\/\/www.golfe-sainttropez-tourisme.fr\/en\/wp-json\/wp\/v2\/pages\/8435\/revisions"}],"predecessor-version":[{"id":86984,"href":"https:\/\/www.golfe-sainttropez-tourisme.fr\/en\/wp-json\/wp\/v2\/pages\/8435\/revisions\/86984"}],"up":[{"embeddable":true,"href":"https:\/\/www.golfe-sainttropez-tourisme.fr\/en\/wp-json\/wp\/v2\/pages\/8426"}],"wp:featuredmedia":[{"embeddable":true,"href":"https:\/\/www.golfe-sainttropez-tourisme.fr\/en\/wp-json\/wp\/v2\/media\/5951"}],"wp:attachment":[{"href":"https:\/\/www.golfe-sainttropez-tourisme.fr\/en\/wp-json\/wp\/v2\/media?parent=8435"}],"curies":[{"name":"wp","href":"https:\/\/api.w.org\/{rel}","templated":true}]}}