{"id":5,"date":"2017-09-06T18:08:03","date_gmt":"2017-09-06T16:08:11","guid":{"rendered":"http:\/\/cc-terres-touloises.wp.preprod.inovawork.net\/newsletter-signup\/"},"modified":"2024-02-12T09:48:04","modified_gmt":"2024-02-12T08:48:04","slug":"newsletter-signup","status":"publish","type":"page","link":"https:\/\/www.golfe-sainttropez-tourisme.fr\/it\/newsletter-signup\/","title":{"rendered":"Newsletter"},"content":{"rendered":"<p>[newsletter_signup]Enregistrez-vous pour recevoir notre newsletter.<\/p>\n<p>Vous pouvez \u00e0 tout moment vous d\u00e9sabonner en cliquant sur le lien de d\u00e9sabonnement de la lettre d&#8217;information que vous avez re\u00e7u ou sur vous d\u00e9sinscrire.[newsletter_signup_form id=1][\/newsletter_signup]<br \/>\n[newsletter_confirm]Merci de vous \u00eatre inscrit \u00e0 la newsletter.[\/newsletter_confirm]<br \/>\n[newsletter_unsubscribe]Voulez-vous vraiment vous d\u00e9sabonner ?[\/newsletter_unsubscribe]<\/p>\n","protected":false},"excerpt":{"rendered":"<p>Enregistrez-vous pour recevoir notre newsletter.  Vous pouvez \u00e0 tout moment vous d\u00e9sabonner en cliquant sur le lien de d\u00e9sabonnement de la lettre d&#8217;information que vous avez re\u00e7u ou sur vous d\u00e9sinscrire. Merci de vous \u00eatre inscrit \u00e0 la newsletter. Voulez-vous vraiment vous d\u00e9sabonner ?<\/p>\n","protected":false},"author":1,"featured_media":12512,"parent":0,"menu_order":3,"comment_status":"closed","ping_status":"closed","template":"","meta":{"_acf_changed":false,"inline_featured_image":false,"footnotes":""},"class_list":["post-5","type-page","status-publish","has-post-thumbnail","hentry"],"acf":[],"_links":{"self":[{"href":"https:\/\/www.golfe-sainttropez-tourisme.fr\/it\/wp-json\/wp\/v2\/pages\/5","targetHints":{"allow":["GET"]}}],"collection":[{"href":"https:\/\/www.golfe-sainttropez-tourisme.fr\/it\/wp-json\/wp\/v2\/pages"}],"about":[{"href":"https:\/\/www.golfe-sainttropez-tourisme.fr\/it\/wp-json\/wp\/v2\/types\/page"}],"author":[{"embeddable":true,"href":"https:\/\/www.golfe-sainttropez-tourisme.fr\/it\/wp-json\/wp\/v2\/users\/1"}],"replies":[{"embeddable":true,"href":"https:\/\/www.golfe-sainttropez-tourisme.fr\/it\/wp-json\/wp\/v2\/comments?post=5"}],"version-history":[{"count":2,"href":"https:\/\/www.golfe-sainttropez-tourisme.fr\/it\/wp-json\/wp\/v2\/pages\/5\/revisions"}],"predecessor-version":[{"id":86820,"href":"https:\/\/www.golfe-sainttropez-tourisme.fr\/it\/wp-json\/wp\/v2\/pages\/5\/revisions\/86820"}],"wp:featuredmedia":[{"embeddable":true,"href":"https:\/\/www.golfe-sainttropez-tourisme.fr\/it\/wp-json\/wp\/v2\/media\/12512"}],"wp:attachment":[{"href":"https:\/\/www.golfe-sainttropez-tourisme.fr\/it\/wp-json\/wp\/v2\/media?parent=5"}],"curies":[{"name":"wp","href":"https:\/\/api.w.org\/{rel}","templated":true}]}}