{"id":88918,"date":"2024-03-04T16:25:50","date_gmt":"2024-03-04T15:25:50","guid":{"rendered":"https:\/\/www.golfe-sainttropez-tourisme.fr\/it\/?page_id=88918"},"modified":"2026-03-19T15:38:45","modified_gmt":"2026-03-19T14:38:45","slug":"la-tradizionale-festa-delle-olive","status":"publish","type":"page","link":"https:\/\/www.golfe-sainttropez-tourisme.fr\/it\/la-tradizionale-festa-delle-olive\/","title":{"rendered":"La tradizionale Festa delle Olive"},"content":{"rendered":"\n<h2 class=\"wp-block-heading has-text-align-center\">Due giorni di festa a Rayol-Canadel sur Mer, per grandi e piccini!<\/h2>\n\n\n\n<p class=\"has-text-align-center\">Il 5 e 6 aprile 2026, il villaggio di Rayol-Canadel-sur-Mer vi invita a celebrare la 27\u00aa edizione della Festa delle Olive. Questo evento imperdibile celebra le tradizioni provenzali, i prodotti locali e l&#8217;artigianato in un&#8217;atmosfera festosa e amichevole!<\/p>\n\n\n\n<div class=\"wp-block-media-text alignwide is-stacked-on-mobile\"><figure class=\"wp-block-media-text__media\"><img loading=\"lazy\" decoding=\"async\" width=\"1024\" height=\"768\" src=\"https:\/\/www.golfe-sainttropez-tourisme.fr\/wp-content\/uploads\/2023\/03\/Concours-daioli-1024x768.jpg\" alt=\"\" class=\"wp-image-23559 size-full\" srcset=\"https:\/\/www.golfe-sainttropez-tourisme.fr\/it\/wp-content\/uploads\/sites\/5\/2023\/03\/Concours-daioli-1024x768.jpg 1024w, https:\/\/www.golfe-sainttropez-tourisme.fr\/it\/wp-content\/uploads\/sites\/5\/2023\/03\/Concours-daioli-300x225.jpg 300w, https:\/\/www.golfe-sainttropez-tourisme.fr\/it\/wp-content\/uploads\/sites\/5\/2023\/03\/Concours-daioli-768x576.jpg 768w, https:\/\/www.golfe-sainttropez-tourisme.fr\/it\/wp-content\/uploads\/sites\/5\/2023\/03\/Concours-daioli-1536x1152.jpg 1536w, https:\/\/www.golfe-sainttropez-tourisme.fr\/it\/wp-content\/uploads\/sites\/5\/2023\/03\/Concours-daioli-2048x1536.jpg 2048w, https:\/\/www.golfe-sainttropez-tourisme.fr\/it\/wp-content\/uploads\/sites\/5\/2023\/03\/Concours-daioli-150x113.jpg 150w, https:\/\/www.golfe-sainttropez-tourisme.fr\/it\/wp-content\/uploads\/sites\/5\/2023\/03\/Concours-daioli-840x630.jpg 840w\" sizes=\"auto, (max-width: 1024px) 100vw, 1024px\" \/><\/figure><div class=\"wp-block-media-text__content\">\n<p><strong>In programma:<\/strong><\/p>\n\n\n\n<p><strong>Mercato provenzale<\/strong>, per scoprire gli oli d&#8217;oliva del Var e della Provenza, i prodotti locali e le specialit\u00e0 artigianali di produttori appassionati.<\/p>\n\n\n\n<p><strong>Dimostrazioni e degustazioni<\/strong>, partecipate al concorso dell&#8217;olio d&#8217;oliva e assaporate l&#8217;a\u00efoli tradizionale durante una degustazione gastronomica con la Confr\u00e9rie les Compagnons de l&#8217;A\u00efoli de Solli\u00e8s-Toucas.<\/p>\n<\/div><\/div>\n\n\n\n<div class=\"wp-block-media-text alignwide has-media-on-the-right is-stacked-on-mobile\"><div class=\"wp-block-media-text__content\">\n<p><strong>Attivit\u00e0 per tutta la famiglia<\/strong>, trampolino e passeggiate su pony per i bambini. Laboratori creativi (fiori secchi, lana, marionette). Laboratorio di trucco<\/p>\n\n\n\n<p><strong>Bravades e tradizioni provenzali<\/strong>, con la partecipazione dei Cavalieri della Commanderie du Rameau d&#8217;Argent, dei bravadeurs dell&#8217;associazione Mer, Provence et Traditions e del gruppo folk \u201cLa Voio\u201d, immergetevi nel cuore delle tradizioni provenzali.<\/p>\n\n\n\n<p><strong>Da non perdere l&#8217;aperitivo<\/strong> offerto dal Comit\u00e9 des F\u00eates, un&#8217;occasione per condividere un drink in allegria.<\/p>\n<\/div><figure class=\"wp-block-media-text__media\"><img loading=\"lazy\" decoding=\"async\" width=\"1024\" height=\"768\" src=\"https:\/\/www.golfe-sainttropez-tourisme.fr\/wp-content\/uploads\/2023\/01\/278279482_1968768466628884_1565447276324758034_n-1024x768.jpg\" alt=\"\" class=\"wp-image-23490 size-full\" srcset=\"https:\/\/www.golfe-sainttropez-tourisme.fr\/it\/wp-content\/uploads\/sites\/5\/2023\/01\/278279482_1968768466628884_1565447276324758034_n-1024x768.jpg 1024w, https:\/\/www.golfe-sainttropez-tourisme.fr\/it\/wp-content\/uploads\/sites\/5\/2023\/01\/278279482_1968768466628884_1565447276324758034_n-300x225.jpg 300w, https:\/\/www.golfe-sainttropez-tourisme.fr\/it\/wp-content\/uploads\/sites\/5\/2023\/01\/278279482_1968768466628884_1565447276324758034_n-768x576.jpg 768w, https:\/\/www.golfe-sainttropez-tourisme.fr\/it\/wp-content\/uploads\/sites\/5\/2023\/01\/278279482_1968768466628884_1565447276324758034_n-1536x1152.jpg 1536w, https:\/\/www.golfe-sainttropez-tourisme.fr\/it\/wp-content\/uploads\/sites\/5\/2023\/01\/278279482_1968768466628884_1565447276324758034_n-150x113.jpg 150w, https:\/\/www.golfe-sainttropez-tourisme.fr\/it\/wp-content\/uploads\/sites\/5\/2023\/01\/278279482_1968768466628884_1565447276324758034_n-840x630.jpg 840w, https:\/\/www.golfe-sainttropez-tourisme.fr\/it\/wp-content\/uploads\/sites\/5\/2023\/01\/278279482_1968768466628884_1565447276324758034_n.jpg 1728w\" sizes=\"auto, (max-width: 1024px) 100vw, 1024px\" \/><\/figure><\/div>\n\n\n\n<p class=\"has-text-align-center\"><em>Ristorazione in loco!<\/em><\/p>\n","protected":false},"excerpt":{"rendered":"<p>Due giorni di festa a Rayol-Canadel sur Mer, per grandi e piccini!    Il 5 e 6 aprile 2026, il villaggio di Rayol-Canadel-sur-Mer vi invita a celebrare la 27\u00aa edizione della Festa delle Olive. Questo evento imperdibile celebra le tradizioni provenzali, i prodotti locali e l&#8217;artigianato in un&#8217;atmosfera festosa e amichevole!     In programma:    Mercato provenzale, per scoprire gli oli d&#8217;oliva del Var e della Provenza, i prodotti locali e le specialit\u00e0 artigianali di produttori appassionati.    Dimostrazioni e degustazioni, partecipate al concorso dell&#8217;olio d&#8217;oliva e assaporate l&#8217;a\u00efoli tradizionale durante una degustazione gastronomica con la Confr\u00e9rie les Compagnons de l&#8217;A\u00efoli de Solli\u00e8s-Toucas.      Attivit\u00e0 per tutta la famiglia, trampolino e passeggiate su pony per i bambini. Laboratori creativi (fiori secchi, lana, marionette). Laboratorio di trucco    Bravades e tradizioni provenzali, con la partecipazione dei Cavalieri della Commanderie du Rameau d&#8217;Argent, dei bravadeurs dell&#8217;associazione Mer, Provence et Traditions e del gruppo folk \u201cLa Voio\u201d, immergetevi nel cuore delle tradizioni provenzali.    Da non perdere l&#8217;aperitivo offerto dal Comit\u00e9 des F\u00eates, un&#8217;occasione per condividere un drink in allegria.     Ristorazione in loco!<\/p>\n","protected":false},"author":22,"featured_media":88919,"parent":0,"menu_order":0,"comment_status":"closed","ping_status":"closed","template":"templates\/full-width.php","meta":{"_acf_changed":false,"inline_featured_image":false,"footnotes":""},"class_list":["post-88918","type-page","status-publish","has-post-thumbnail","hentry"],"acf":[],"_links":{"self":[{"href":"https:\/\/www.golfe-sainttropez-tourisme.fr\/it\/wp-json\/wp\/v2\/pages\/88918","targetHints":{"allow":["GET"]}}],"collection":[{"href":"https:\/\/www.golfe-sainttropez-tourisme.fr\/it\/wp-json\/wp\/v2\/pages"}],"about":[{"href":"https:\/\/www.golfe-sainttropez-tourisme.fr\/it\/wp-json\/wp\/v2\/types\/page"}],"author":[{"embeddable":true,"href":"https:\/\/www.golfe-sainttropez-tourisme.fr\/it\/wp-json\/wp\/v2\/users\/22"}],"replies":[{"embeddable":true,"href":"https:\/\/www.golfe-sainttropez-tourisme.fr\/it\/wp-json\/wp\/v2\/comments?post=88918"}],"version-history":[{"count":6,"href":"https:\/\/www.golfe-sainttropez-tourisme.fr\/it\/wp-json\/wp\/v2\/pages\/88918\/revisions"}],"predecessor-version":[{"id":160659,"href":"https:\/\/www.golfe-sainttropez-tourisme.fr\/it\/wp-json\/wp\/v2\/pages\/88918\/revisions\/160659"}],"wp:featuredmedia":[{"embeddable":true,"href":"https:\/\/www.golfe-sainttropez-tourisme.fr\/it\/wp-json\/wp\/v2\/media\/88919"}],"wp:attachment":[{"href":"https:\/\/www.golfe-sainttropez-tourisme.fr\/it\/wp-json\/wp\/v2\/media?parent=88918"}],"curies":[{"name":"wp","href":"https:\/\/api.w.org\/{rel}","templated":true}]}}