{"id":97906,"date":"2024-04-29T17:12:42","date_gmt":"2024-04-29T15:12:42","guid":{"rendered":"https:\/\/www.golfe-sainttropez-tourisme.fr\/it\/?page_id=97906"},"modified":"2024-05-16T16:02:27","modified_gmt":"2024-05-16T14:02:27","slug":"sportelli-informativi-presso-lecoparco-maraveou","status":"publish","type":"page","link":"https:\/\/www.golfe-sainttropez-tourisme.fr\/it\/cosa-fare\/attivita\/escursioni\/sportelli-informativi\/sportelli-informativi-presso-lecoparco-maraveou\/","title":{"rendered":"Sportelli informativi presso l&#8217;ecoparco Maraveou"},"content":{"rendered":"<div class=\"wp-block-image\">\n<figure class=\"aligncenter size-large\"><img loading=\"lazy\" decoding=\"async\" width=\"1024\" height=\"680\" src=\"https:\/\/www.golfe-sainttropez-tourisme.fr\/it\/wp-content\/uploads\/sites\/5\/2024\/05\/IT-Pupitre-maraveou-1024x680.png\" alt=\"\" class=\"wp-image-100269\" srcset=\"https:\/\/www.golfe-sainttropez-tourisme.fr\/it\/wp-content\/uploads\/sites\/5\/2024\/05\/IT-Pupitre-maraveou-1024x680.png 1024w, https:\/\/www.golfe-sainttropez-tourisme.fr\/it\/wp-content\/uploads\/sites\/5\/2024\/05\/IT-Pupitre-maraveou-300x199.png 300w, https:\/\/www.golfe-sainttropez-tourisme.fr\/it\/wp-content\/uploads\/sites\/5\/2024\/05\/IT-Pupitre-maraveou-768x510.png 768w, https:\/\/www.golfe-sainttropez-tourisme.fr\/it\/wp-content\/uploads\/sites\/5\/2024\/05\/IT-Pupitre-maraveou-1536x1019.png 1536w, https:\/\/www.golfe-sainttropez-tourisme.fr\/it\/wp-content\/uploads\/sites\/5\/2024\/05\/IT-Pupitre-maraveou-150x100.png 150w, https:\/\/www.golfe-sainttropez-tourisme.fr\/it\/wp-content\/uploads\/sites\/5\/2024\/05\/IT-Pupitre-maraveou-949x630.png 949w, https:\/\/www.golfe-sainttropez-tourisme.fr\/it\/wp-content\/uploads\/sites\/5\/2024\/05\/IT-Pupitre-maraveou.png 1632w\" sizes=\"auto, (max-width: 1024px) 100vw, 1024px\" \/><\/figure><\/div>\n\n\n<h2 class=\"wp-block-heading has-text-align-center\">La Patronne, un progetto agricolo intercomunale ambizioso e innovativo<\/h2>\n\n\n\n<p class=\"has-text-align-center\">Il Progetto Patronne prevede l&#8217;insediamento degli agricoltori nel Patrimonio della Comunit\u00e0 dei Comuni. Verranno installati per produrre agricoltura biologica e rifornire le mense scolastiche della zona con verdure, uova e formaggi caprini.<\/p>\n\n\n\n<div class=\"wp-block-media-text is-stacked-on-mobile\"><figure class=\"wp-block-media-text__media\"><img loading=\"lazy\" decoding=\"async\" width=\"724\" height=\"1024\" src=\"https:\/\/www.golfe-sainttropez-tourisme.fr\/it\/wp-content\/uploads\/sites\/5\/2024\/05\/Activites-agricoles-Patronne-janv2024-724x1024.jpg\" alt=\"\" class=\"wp-image-101338 size-full\" srcset=\"https:\/\/www.golfe-sainttropez-tourisme.fr\/it\/wp-content\/uploads\/sites\/5\/2024\/05\/Activites-agricoles-Patronne-janv2024-724x1024.jpg 724w, https:\/\/www.golfe-sainttropez-tourisme.fr\/it\/wp-content\/uploads\/sites\/5\/2024\/05\/Activites-agricoles-Patronne-janv2024-212x300.jpg 212w, https:\/\/www.golfe-sainttropez-tourisme.fr\/it\/wp-content\/uploads\/sites\/5\/2024\/05\/Activites-agricoles-Patronne-janv2024-768x1086.jpg 768w, https:\/\/www.golfe-sainttropez-tourisme.fr\/it\/wp-content\/uploads\/sites\/5\/2024\/05\/Activites-agricoles-Patronne-janv2024-1086x1536.jpg 1086w, https:\/\/www.golfe-sainttropez-tourisme.fr\/it\/wp-content\/uploads\/sites\/5\/2024\/05\/Activites-agricoles-Patronne-janv2024-1448x2048.jpg 1448w, https:\/\/www.golfe-sainttropez-tourisme.fr\/it\/wp-content\/uploads\/sites\/5\/2024\/05\/Activites-agricoles-Patronne-janv2024-106x150.jpg 106w, https:\/\/www.golfe-sainttropez-tourisme.fr\/it\/wp-content\/uploads\/sites\/5\/2024\/05\/Activites-agricoles-Patronne-janv2024-300x424.jpg 300w, https:\/\/www.golfe-sainttropez-tourisme.fr\/it\/wp-content\/uploads\/sites\/5\/2024\/05\/Activites-agricoles-Patronne-janv2024-446x630.jpg 446w, https:\/\/www.golfe-sainttropez-tourisme.fr\/it\/wp-content\/uploads\/sites\/5\/2024\/05\/Activites-agricoles-Patronne-janv2024-scaled.jpg 1811w\" sizes=\"auto, (max-width: 724px) 100vw, 724px\" \/><\/figure><div class=\"wp-block-media-text__content\">\n<p>Allo stesso tempo, il sito permetter\u00e0 ai giovani di mettere alla prova la propria capacit\u00e0 di dedicarsi all&#8217;orticoltura grazie ad uno spazio \u201cprova\u201d.<\/p>\n\n\n\n<p>Uno spazio didattico, infine, offrir\u00e0 a scuole e turisti un approccio alle attivit\u00e0 agricole attuate nel rigoroso rispetto dell&#8217;ambiente e in favore della biodiversit\u00e0.<\/p>\n\n\n\n<p>L&#8217;anno 2024 \u00e8 dedicato alla preparazione dei lavori di costruzione di alloggi e attrezzature agricole.<\/p>\n<\/div><\/div>\n\n\n\n<p class=\"has-text-align-center\"><em><strong>Maggiori informazioni sul progetto La Patronne: <a href=\"https:\/\/www.golfe-sainttropez.fr\/vivre-ici\/environnement\/le-projet-agricole-et-alimentaire-territorial\/presentation-du-projet\/\" target=\"_blank\" rel=\"noreferrer noopener\">https:\/\/www.golfe-sainttropez.fr\/vivre-ici\/environnement\/le-projet-agricole-et-alimentaire-territorial\/presentation-du-projet\/<\/a>&nbsp;&nbsp;<\/strong><\/em><\/p>\n\n\n\n<h2 class=\"wp-block-heading has-text-align-center\">La piattaforma di compostaggio<\/h2>\n\n\n\n<div class=\"wp-block-media-text has-media-on-the-right is-stacked-on-mobile\"><div class=\"wp-block-media-text__content\">\n<p>Creato nel 2004, \u00e8 un punto centrale del riciclaggio dei rifiuti verdi nel Golfo da Saint Tropez. <\/p>\n\n\n\n<p>Modernizzata nel 2023, questa installazione pu\u00f2 processare pi\u00f9 di 20.000 tonnellate di rifiuti verdi in ingresso e 10.000 tonnellate di compost in uscita e utilizzato in gran parte dai viticoltori locali.<\/p>\n<\/div><figure class=\"wp-block-media-text__media\"><img decoding=\"async\" src=\"https:\/\/www.golfe-sainttropez-tourisme.fr\/wp-content\/uploads\/2024\/04\/golfe-tournee-pupitre-rando-soliver-2024-\u00a9-Golfe-de-Saint-Tropez-21-1024x769.jpg\" alt=\"\" class=\"wp-image-95503 size-full\"\/><\/figure><\/div>\n\n\n\n<h2 class=\"wp-block-heading has-text-align-center\">L&#8217;aeroporto<\/h2>\n\n\n\n<div class=\"wp-block-media-text is-stacked-on-mobile\"><figure class=\"wp-block-media-text__media\"><img decoding=\"async\" src=\"https:\/\/www.golfe-sainttropez-tourisme.fr\/wp-content\/uploads\/2024\/04\/408869918_759994179487892_2263713966317686975_n.jpg\" alt=\"\" class=\"wp-image-95505 size-full\"\/><\/figure><div class=\"wp-block-media-text__content\">\n<p>Dal 2021, l\u2019aeroporto del Golfo di Saint-Tropez \u00e8 il primo aeroporto francese a zero emissioni di carbonio.<\/p>\n\n\n\n<p>Con l&#8217;aiuto dell&#8217;Associazione A\u00e9roBiodiversit\u00e9, realizza inventari della biodiversit\u00e0 con l&#8217;obiettivo di valutare, promuovere e migliorare la qualit\u00e0 e la ricchezza dei suoi spazi verdi.<\/p>\n\n\n\n<p><strong>Maggiori informazioni sul sito dell&#8217;aeroporto:<\/strong> <strong><a href=\"https:\/\/www.sainttropez.aeroport.fr\/fr\/environnement\" target=\"_blank\" rel=\"noreferrer noopener\">https:\/\/www.sainttropez.aeroport.fr\/fr\/environnement<\/a><\/strong><\/p>\n<\/div><\/div>\n","protected":false},"excerpt":{"rendered":"<p>La Patronne, un progetto agricolo intercomunale ambizioso e innovativo    Il Progetto Patronne prevede l&#8217;insediamento degli agricoltori nel Patrimonio della Comunit\u00e0 dei Comuni. Verranno installati per produrre agricoltura biologica e rifornire le mense scolastiche della zona con verdure, uova e formaggi caprini.     Allo stesso tempo, il sito permetter\u00e0 ai giovani di mettere alla prova la propria capacit\u00e0 di dedicarsi all&#8217;orticoltura grazie ad uno spazio \u201cprova\u201d.    Uno spazio didattico, infine, offrir\u00e0 a scuole e turisti un approccio alle attivit\u00e0 agricole attuate nel rigoroso rispetto dell&#8217;ambiente e in favore della biodiversit\u00e0.    L&#8217;anno 2024 \u00e8 dedicato alla preparazione dei lavori di costruzione di alloggi e attrezzature agricole.     Maggiori informazioni sul progetto La Patronne: https:\/\/www.golfe-sainttropez.fr\/vivre-ici\/environnement\/le-projet-agricole-et-alimentaire-territorial\/presentation-du-projet\/&nbsp;&nbsp;    La piattaforma di compostaggio     Creato nel 2004, \u00e8 un punto centrale del riciclaggio dei rifiuti verdi nel Golfo da Saint Tropez.     Modernizzata nel 2023, questa installazione pu\u00f2 processare pi\u00f9 di 20.000 tonnellate di rifiuti verdi in ingresso e 10.000 tonnellate di compost in uscita e utilizzato in gran parte dai viticoltori locali.     L&#8217;aeroporto     Dal 2021, l\u2019aeroporto del Golfo di Saint-Tropez \u00e8 il primo aeroporto francese a zero emissioni di carbonio.    Con l&#8217;aiuto dell&#8217;Associazione A\u00e9roBiodiversit\u00e9, realizza inventari della biodiversit\u00e0 con l&#8217;obiettivo di valutare, promuovere e migliorare la qualit\u00e0 e la ricchezza dei suoi spazi verdi.    Maggiori informazioni sul sito dell&#8217;aeroporto: https:\/\/www.sainttropez.aeroport.fr\/fr\/environnement<\/p>\n","protected":false},"author":22,"featured_media":99275,"parent":97889,"menu_order":0,"comment_status":"closed","ping_status":"closed","template":"templates\/full-width.php","meta":{"_acf_changed":false,"inline_featured_image":false,"footnotes":""},"class_list":["post-97906","type-page","status-publish","has-post-thumbnail","hentry"],"acf":[],"_links":{"self":[{"href":"https:\/\/www.golfe-sainttropez-tourisme.fr\/it\/wp-json\/wp\/v2\/pages\/97906","targetHints":{"allow":["GET"]}}],"collection":[{"href":"https:\/\/www.golfe-sainttropez-tourisme.fr\/it\/wp-json\/wp\/v2\/pages"}],"about":[{"href":"https:\/\/www.golfe-sainttropez-tourisme.fr\/it\/wp-json\/wp\/v2\/types\/page"}],"author":[{"embeddable":true,"href":"https:\/\/www.golfe-sainttropez-tourisme.fr\/it\/wp-json\/wp\/v2\/users\/22"}],"replies":[{"embeddable":true,"href":"https:\/\/www.golfe-sainttropez-tourisme.fr\/it\/wp-json\/wp\/v2\/comments?post=97906"}],"version-history":[{"count":6,"href":"https:\/\/www.golfe-sainttropez-tourisme.fr\/it\/wp-json\/wp\/v2\/pages\/97906\/revisions"}],"predecessor-version":[{"id":101340,"href":"https:\/\/www.golfe-sainttropez-tourisme.fr\/it\/wp-json\/wp\/v2\/pages\/97906\/revisions\/101340"}],"up":[{"embeddable":true,"href":"https:\/\/www.golfe-sainttropez-tourisme.fr\/it\/wp-json\/wp\/v2\/pages\/97889"}],"wp:featuredmedia":[{"embeddable":true,"href":"https:\/\/www.golfe-sainttropez-tourisme.fr\/it\/wp-json\/wp\/v2\/media\/99275"}],"wp:attachment":[{"href":"https:\/\/www.golfe-sainttropez-tourisme.fr\/it\/wp-json\/wp\/v2\/media?parent=97906"}],"curies":[{"name":"wp","href":"https:\/\/api.w.org\/{rel}","templated":true}]}}